{"id":85,"date":"2015-10-26T11:16:13","date_gmt":"2015-10-26T11:16:13","guid":{"rendered":"http:\/\/krillan.eu.uvirt45.active24.cz\/?page_id=85"},"modified":"2016-04-29T08:30:37","modified_gmt":"2016-04-29T08:30:37","slug":"certificates-msc","status":"publish","type":"page","link":"https:\/\/krillan.eu\/cs\/sustainable-and-pure\/certificates-msc\/","title":{"rendered":"Certifik\u00e1ty &#8211; MSC"},"content":{"rendered":"<div class=\"wpb_row vc_row  vc_row-fluid  mk-fullwidth-false  attched-false vc_row-fluid\">\n\t<div style=\"\" class=\"vc_col-sm-10 wpb_column column_container \">\n\t\t\t<h2 style=\"font-size: 18px;text-align:left;color: #dd3333;font-style:inherit;font-weight:inherit;padding-top:0px;padding-bottom:0px; text-transform:initial;letter-spacing:0px;\" id=\"fancy-title-69d8289958af9\" class=\"mk-shortcode mk-fancy-title fancy-title-align-left simple-style \"><span style=\"\">\n<p style=\"text-align: center;\">Marine Stewardship Council (MSC)<\/p>\n<\/span><\/h2><div class=\"clearboth\"><\/div>\t<div style=\"text-align: left;\" class=\"mk-text-block  true\"><p style=\"text-align: center;\" align=\"LEFT\">MSC je nez\u00e1visl\u00e1 neziskov\u00e1 organizace ur\u010duj\u00edc\u00ed standardy pro udr\u017eiteln\u00fd rybolov. Krilov\u00fd olej vyu\u017e\u00edvan\u00fd p\u0159i v\u00fdrob\u011b dopl\u0148ku stravy Krillan<sup>\u00ae<\/sup> je jedin\u00fd certifikovan\u00fd organizac\u00ed MSC jako udr\u017eiteln\u00fd a stoprocentn\u011b dohledateln\u00fd.<\/p>\n<p style=\"text-align: center;\">Organizace MSC klade velk\u00e9 n\u00e1roky na postupy a ekologii. Podle studie srovn\u00e1vaj\u00edc\u00ed ekozna\u010dky, kterou provedla spole\u010dnost Accenture, byla zna\u010dka Marine Stewardship Council hodnocena nejl\u00e9pe ze v\u0161ech.<\/p>\n<p style=\"text-align: center;\">Certifikace MSC se zakl\u00e1d\u00e1\u00a0na celkov\u00e9m zdrav\u00ed c\u00edlov\u00e9 biomasy a na dopadu rybolovu v dan\u00e9 lokalit\u011b. Jej\u00edm hlavn\u00edm c\u00edlem je p\u0159em\u011bnit sou\u010dasn\u00fd rybolov na udr\u017eiteln\u00fd.<\/p>\n<p style=\"text-align: center;\">MSC ur\u010duje glob\u00e1ln\u00ed standardy pro certifikaci udr\u017eiteln\u00e9ho rybolovu a dohledatelnost spot\u0159ebitelsk\u00e9ho \u0159et\u011bzce. Organizace motivuje spot\u0159ebitele, aby s certifik\u00e1tem m\u011bli mo\u017enost sv\u00fdm n\u00e1kupem p\u0159isp\u011bt k udr\u017eiteln\u00e9mu rybolovu.<\/p>\n<p style=\"text-align: center;\">Kril pro dopln\u011bk stravy Krillan<sup>\u00ae<\/sup>\u00a0obdr\u017eel\u00a0certifikaci MSC.<\/p>\n<div class=\"clearboth\"><\/div><\/div> \n\t<\/div>\n\t<div style=\"\" class=\"vc_col-sm-2 wpb_column column_container \">\n\t\t\t<div style=\"padding: 70px 0 20px;\" class=\"mk-divider mk-shortcode divider_full_width center padding_space \"><div class=\"divider-inner\" style=\"\"><\/div><\/div><div class=\"clearboth\"><\/div><div class=\"mk-image-shortcode mk-shortcode   align-center simple-frame inside-image \" style=\"max-width: 800px; margin-bottom:10px\"><div class=\"mk-image-inner\"><img class=\"lightbox-false\" alt=\"\" title=\"\" src=\"http:\/\/krillan.eu\/wp-content\/uploads\/2015\/10\/logo-MSC.jpg\" \/><\/div><div class=\"clearboth\"><\/div><\/div>\n\t<\/div><\/div><div class=\"wpb_row vc_row  vc_row-fluid  mk-fullwidth-false  attched-false vc_row-fluid\">\n\t<div style=\"\" class=\"vc_col-sm-12 wpb_column column_container \">\n\t\t\t<div style=\"padding: 20px 0 20px;\" class=\"mk-divider mk-shortcode divider_full_width center padding_space \"><div class=\"divider-inner\" style=\"\"><\/div><\/div><div class=\"clearboth\"><\/div>\n\t<\/div><\/div>","protected":false},"excerpt":{"rendered":"Marine Stewardship Council (MSC) MSC je nez\u00e1visl\u00e1 neziskov\u00e1 organizace ur\u010duj\u00edc\u00ed standardy pro udr\u017eiteln\u00fd rybolov. Krilov\u00fd olej vyu\u017e\u00edvan\u00fd p\u0159i v\u00fdrob\u011b dopl\u0148ku stravy Krillan\u00ae je jedin\u00fd certifikovan\u00fd organizac\u00ed MSC jako udr\u017eiteln\u00fd a stoprocentn\u011b dohledateln\u00fd. Organizace MSC klade velk\u00e9 n\u00e1roky na postupy a ekologii. Podle studie srovn\u00e1vaj\u00edc\u00ed ekozna\u010dky, kterou provedla spole\u010dnost Accenture, byla zna\u010dka Marine Stewardship Council hodnocena [...]","protected":false},"author":3,"featured_media":0,"parent":30,"menu_order":0,"comment_status":"closed","ping_status":"closed","template":"","meta":[],"_links":{"self":[{"href":"https:\/\/krillan.eu\/cs\/wp-json\/wp\/v2\/pages\/85"}],"collection":[{"href":"https:\/\/krillan.eu\/cs\/wp-json\/wp\/v2\/pages"}],"about":[{"href":"https:\/\/krillan.eu\/cs\/wp-json\/wp\/v2\/types\/page"}],"author":[{"embeddable":true,"href":"https:\/\/krillan.eu\/cs\/wp-json\/wp\/v2\/users\/3"}],"replies":[{"embeddable":true,"href":"https:\/\/krillan.eu\/cs\/wp-json\/wp\/v2\/comments?post=85"}],"version-history":[{"count":17,"href":"https:\/\/krillan.eu\/cs\/wp-json\/wp\/v2\/pages\/85\/revisions"}],"predecessor-version":[{"id":2055,"href":"https:\/\/krillan.eu\/cs\/wp-json\/wp\/v2\/pages\/85\/revisions\/2055"}],"up":[{"embeddable":true,"href":"https:\/\/krillan.eu\/cs\/wp-json\/wp\/v2\/pages\/30"}],"wp:attachment":[{"href":"https:\/\/krillan.eu\/cs\/wp-json\/wp\/v2\/media?parent=85"}],"curies":[{"name":"wp","href":"https:\/\/api.w.org\/{rel}","templated":true}]}}