{"id":71,"date":"2015-10-26T11:14:07","date_gmt":"2015-10-26T11:14:07","guid":{"rendered":"http:\/\/krillan.eu.uvirt45.active24.cz\/?page_id=71"},"modified":"2016-05-30T07:34:25","modified_gmt":"2016-05-30T07:34:25","slug":"choline","status":"publish","type":"page","link":"https:\/\/krillan.eu\/cs\/advantage\/choline\/","title":{"rendered":"Cholin"},"content":{"rendered":"<div class=\"wpb_row vc_row  vc_row-fluid  mk-fullwidth-false  attched-false vc_row-fluid\">\n\t<div style=\"\" class=\"vc_col-sm-6 wpb_column column_container \">\n\t\t\t<h2 style=\"font-size: 22px;text-align:left;color: #aa1d1b;font-style:inherit;font-weight:inherit;padding-top:0px;padding-bottom:20px; text-transform:initial;letter-spacing:0px;\" id=\"fancy-title-69d82888c8710\" class=\"mk-shortcode mk-fancy-title fancy-title-align-left simple-style \"><span style=\"\">\n<p style=\"text-align: center;\">Cholin je z\u00e1kladn\u00ed \u017eivinou pro n\u00e1\u0161 organismus<\/p>\n<\/span><\/h2><div class=\"clearboth\"><\/div>\t<div style=\"text-align: left;\" class=\"mk-text-block  true\"><p style=\"text-align: center;\"><span style=\"font-size: 12pt;\">Cholin pat\u0159\u00ed do skupiny vitam\u00edn\u016f B. Nach\u00e1z\u00ed se pr\u00e1v\u011b v krilov\u00e9m oleji a v dopl\u0148ku stravy Krillan<sup>\u00ae<\/sup>. P\u0159edstavuje z\u00e1kladn\u00ed stavebn\u00ed k\u00e1men pro j\u00e1tra, srdce a pod\u00edl\u00ed se na zdrav\u00ed v\u0161ech na\u0161ich smysl\u016f. T\u011blo ho vyu\u017e\u00edv\u00e1 ve stavb\u011b bun\u011b\u010dn\u00fdch membr\u00e1n. Chr\u00e1n\u00ed j\u00e1tra p\u0159ed hromad\u011bn\u00edm tuk\u016f a je nepostradateln\u00fdm pomocn\u00edkem pro p\u0159enos nervov\u00fdch impulz\u016f do na\u0161eho mozku.<\/span><\/p>\n<div class=\"clearboth\"><\/div><\/div> \n\t<\/div>\n\t<div style=\"\" class=\"vc_col-sm-6 wpb_column column_container \">\n\t\t\t<div class=\"mk-image-shortcode mk-shortcode   align-center simple-frame inside-image \" style=\"max-width: 300px; margin-bottom:10px\"><div class=\"mk-image-inner\"><img class=\"lightbox-false\" alt=\"\" title=\"\" src=\"http:\/\/krillan.eu\/wp-content\/uploads\/2015\/10\/choline.jpg\" \/><\/div><div class=\"clearboth\"><\/div><\/div>\n\t<\/div><\/div><div class=\"wpb_row vc_row  vc_row-fluid  mk-fullwidth-false  attched-false vc_row-fluid\">\n\t<div style=\"\" class=\"vc_col-sm-12 wpb_column column_container \">\n\t\t\t<div style=\"padding: 20px 0 20px;\" class=\"mk-divider mk-shortcode divider_full_width center padding_space \"><div class=\"divider-inner\" style=\"\"><\/div><\/div><div class=\"clearboth\"><\/div><div class=\"mk-image-shortcode mk-shortcode   align-center simple-frame inside-image \" style=\"max-width: 500px; margin-bottom:10px\"><div class=\"mk-image-inner\"><img class=\"lightbox-false\" alt=\"\" title=\"\" src=\"http:\/\/krillan.eu\/wp-content\/uploads\/2015\/10\/separator-5.png\" \/><\/div><div class=\"clearboth\"><\/div><\/div><div style=\"padding: 20px 0 20px;\" class=\"mk-divider mk-shortcode divider_full_width center padding_space \"><div class=\"divider-inner\" style=\"\"><\/div><\/div><div class=\"clearboth\"><\/div>\n\t<\/div><\/div><div class=\"wpb_row vc_row  vc_row-fluid  mk-fullwidth-false  attched-false vc_row-fluid\">\n\t<div style=\"\" class=\"vc_col-sm-6 wpb_column column_container \">\n\t\t\t<div style=\"padding: 20px 0 60px;\" class=\"mk-divider mk-shortcode divider_full_width center padding_space \"><div class=\"divider-inner\" style=\"\"><\/div><\/div><div class=\"clearboth\"><\/div><div class=\"mk-image-shortcode mk-shortcode   align-center simple-frame inside-image \" style=\"max-width: 450px; margin-bottom:10px\"><div class=\"mk-image-inner\"><img class=\"lightbox-false\" alt=\"\" title=\"\" src=\"http:\/\/krillan.eu\/wp-content\/uploads\/2015\/10\/Choline-brain.jpg\" \/><\/div><div class=\"clearboth\"><\/div><\/div>\n\t<\/div>\n\t<div style=\"\" class=\"vc_col-sm-6 wpb_column column_container \">\n\t\t\t<h2 style=\"font-size: 22px;text-align:left;color: #aa1d1b;font-style:inherit;font-weight:inherit;padding-top:0px;padding-bottom:20px; text-transform:initial;letter-spacing:0px;\" id=\"fancy-title-69d82888d3618\" class=\"mk-shortcode mk-fancy-title fancy-title-align-left simple-style \"><span style=\"\">\n<p style=\"text-align: center;\">V\u00fdznam cholinu pro na\u0161e t\u011blo<\/p>\n<\/span><\/h2><div class=\"clearboth\"><\/div>\t<div style=\"text-align: left;\" class=\"mk-text-block  true\"><p style=\"text-align: center;\">Cholin (vitam\u00edn B8) je d\u016fle\u017eit\u00fd pro ka\u017ed\u00e9ho, p\u0159edev\u0161\u00edm pak pro vegetari\u00e1ny, vegany a pro konzumenty nadm\u011brn\u00e9ho mno\u017estv\u00ed alkoholu. Zejm\u00e9na tyto skupiny lid\u00ed jsou ohro\u017eeny nedostatkem cholinu. Jeho deficit zvy\u0161uje riziko jatern\u00ed dysfunkce a ohro\u017euje spr\u00e1vn\u00e9 fungov\u00e1n\u00ed pam\u011bti.<\/p>\n<div class=\"clearboth\"><\/div><\/div> \n\t<\/div><\/div><div class=\"wpb_row vc_row  vc_row-fluid  mk-fullwidth-false  attched-false vc_row-fluid\">\n\t<div style=\"\" class=\"vc_col-sm-12 wpb_column column_container \">\n\t\t\t<div style=\"padding: 20px 0 20px;\" class=\"mk-divider mk-shortcode divider_full_width center padding_space \"><div class=\"divider-inner\" style=\"\"><\/div><\/div><div class=\"clearboth\"><\/div><div class=\"mk-image-shortcode mk-shortcode   align-center simple-frame inside-image \" style=\"max-width: 500px; margin-bottom:10px\"><div class=\"mk-image-inner\"><img class=\"lightbox-false\" alt=\"\" title=\"\" src=\"http:\/\/krillan.eu\/wp-content\/uploads\/2015\/10\/separator-5.png\" \/><\/div><div class=\"clearboth\"><\/div><\/div><div style=\"padding: 20px 0 20px;\" class=\"mk-divider mk-shortcode divider_full_width center padding_space \"><div class=\"divider-inner\" style=\"\"><\/div><\/div><div class=\"clearboth\"><\/div>\n\t<\/div><\/div><div class=\"wpb_row vc_row  vc_row-fluid  mk-fullwidth-false  attched-false vc_row-fluid\">\n\t<div style=\"\" class=\"vc_col-sm-6 wpb_column column_container \">\n\t\t\t<h2 style=\"font-size: 22px;text-align:left;color: #aa1d1b;font-style:inherit;font-weight:inherit;padding-top:0px;padding-bottom:20px; text-transform:initial;letter-spacing:0px;\" id=\"fancy-title-69d82888d8015\" class=\"mk-shortcode mk-fancy-title fancy-title-align-left simple-style \"><span style=\"\">\n<p style=\"text-align: center;\">Cholin &#8211; st\u011b\u017eejn\u00ed sou\u010d\u00e1st lecitinu<\/p>\n<\/span><\/h2><div class=\"clearboth\"><\/div>\t<div style=\"text-align: left;\" class=\"mk-text-block  true\"><p style=\"text-align: center;\">Jak dokl\u00e1daj\u00ed proveden\u00e9 odborn\u00e9 studie, v omega-3 mastn\u00fdch kyselin\u00e1ch ve form\u011b fosfolipid\u016f jsou nejv\u00edce zastoupeny kyseliny EPA a DHA jako fosfatidylcholin, tedy lecitin. Cholin tvo\u0159\u00ed hlavn\u00ed slo\u017eku lecitinu a pat\u0159\u00ed mezi z\u00e1kladn\u00ed \u017eiviny. V t\u011ble se pod\u00edl\u00ed na produkci acetylcholinu, kter\u00fd ovliv\u0148uje na\u0161i pam\u011b\u0165, resp. funguje jako p\u0159ena\u0161e\u010d v neuronov\u00fdch s\u00edt\u00edch. B\u011bhem st\u00e1rnut\u00ed se sni\u017euje produkce acetylcholinu a dopln\u011bn\u00ed t\u00e9to \u017eiviny do stravy tak p\u0159\u00edzniv\u011b ovliv\u0148uje centr\u00e1ln\u00ed nervov\u00fd syst\u00e9m.<\/p>\n<p style=\"text-align: center;\">Dopln\u011bk stravy Krillan<sup>\u00ae<\/sup>\u00a0cholin obsahuje a zajist\u00ed v\u00e1m jeho dostate\u010dn\u00fd p\u0159\u00edjem.<\/p>\n<div class=\"clearboth\"><\/div><\/div> \n\t<\/div>\n\t<div style=\"\" class=\"vc_col-sm-6 wpb_column column_container \">\n\t\t\t<div style=\"padding: 20px 0 100px;\" class=\"mk-divider mk-shortcode divider_full_width center padding_space \"><div class=\"divider-inner\" style=\"\"><\/div><\/div><div class=\"clearboth\"><\/div><div class=\"mk-image-shortcode mk-shortcode   align-center simple-frame inside-image \" style=\"max-width: 250px; margin-bottom:10px\"><div class=\"mk-image-inner\"><img class=\"lightbox-false\" alt=\"\" title=\"\" src=\"http:\/\/krillan.eu\/wp-content\/uploads\/2015\/10\/Choline_3D_final.png\" \/><\/div><div class=\"clearboth\"><\/div><\/div>\n\t<\/div><\/div>","protected":false},"excerpt":{"rendered":"Cholin je z\u00e1kladn\u00ed \u017eivinou pro n\u00e1\u0161 organismus Cholin pat\u0159\u00ed do skupiny vitam\u00edn\u016f B. Nach\u00e1z\u00ed se pr\u00e1v\u011b v krilov\u00e9m oleji a v dopl\u0148ku stravy Krillan\u00ae. P\u0159edstavuje z\u00e1kladn\u00ed stavebn\u00ed k\u00e1men pro j\u00e1tra, srdce a pod\u00edl\u00ed se na zdrav\u00ed v\u0161ech na\u0161ich smysl\u016f. T\u011blo ho vyu\u017e\u00edv\u00e1 ve stavb\u011b bun\u011b\u010dn\u00fdch membr\u00e1n. Chr\u00e1n\u00ed j\u00e1tra p\u0159ed hromad\u011bn\u00edm tuk\u016f a je nepostradateln\u00fdm pomocn\u00edkem [...]","protected":false},"author":3,"featured_media":0,"parent":28,"menu_order":0,"comment_status":"closed","ping_status":"closed","template":"","meta":[],"_links":{"self":[{"href":"https:\/\/krillan.eu\/cs\/wp-json\/wp\/v2\/pages\/71"}],"collection":[{"href":"https:\/\/krillan.eu\/cs\/wp-json\/wp\/v2\/pages"}],"about":[{"href":"https:\/\/krillan.eu\/cs\/wp-json\/wp\/v2\/types\/page"}],"author":[{"embeddable":true,"href":"https:\/\/krillan.eu\/cs\/wp-json\/wp\/v2\/users\/3"}],"replies":[{"embeddable":true,"href":"https:\/\/krillan.eu\/cs\/wp-json\/wp\/v2\/comments?post=71"}],"version-history":[{"count":19,"href":"https:\/\/krillan.eu\/cs\/wp-json\/wp\/v2\/pages\/71\/revisions"}],"predecessor-version":[{"id":2078,"href":"https:\/\/krillan.eu\/cs\/wp-json\/wp\/v2\/pages\/71\/revisions\/2078"}],"up":[{"embeddable":true,"href":"https:\/\/krillan.eu\/cs\/wp-json\/wp\/v2\/pages\/28"}],"wp:attachment":[{"href":"https:\/\/krillan.eu\/cs\/wp-json\/wp\/v2\/media?parent=71"}],"curies":[{"name":"wp","href":"https:\/\/api.w.org\/{rel}","templated":true}]}}