{"id":60,"date":"2015-10-26T11:12:07","date_gmt":"2015-10-26T11:12:07","guid":{"rendered":"http:\/\/krillan.eu.uvirt45.active24.cz\/?page_id=60"},"modified":"2016-06-03T13:30:13","modified_gmt":"2016-06-03T13:30:13","slug":"heart-health","status":"publish","type":"page","link":"https:\/\/krillan.eu\/cs\/health-benefits\/heart-health\/","title":{"rendered":"Zdrav\u00e9 srdce"},"content":{"rendered":"<div class=\"clearboth\"><\/div><\/div><\/div><\/div><div id=\"mk-page-section-69d82e0c133bf\" data-intro-effect=\"false\" class=\"full-width-69d82e0c133bf  full-height-false mk-page-section self-hosted mk-blur-parent mk-shortcode  \" ><div class=\"mk-video-color-mask\"><\/div><div class=\"background-clipper\"><\/div><div class=\"mk-grid vc_row-fluid page-section-content\"><div class=\"mk-padding-wrapper\">\n\t<div style=\"\" class=\"vc_col-sm-6 wpb_column column_container \">\n\t\t\t<div style=\"padding: 20px 0 20px;\" class=\"mk-divider mk-shortcode divider_full_width center padding_space \"><div class=\"divider-inner\" style=\"\"><\/div><\/div><div class=\"clearboth\"><\/div><h2 style=\"font-size: 14px;text-align:left;color: #dd3333;font-style:inherit;font-weight:inherit;padding-top:0px;padding-bottom:20px; text-transform:initial;letter-spacing:0px;\" id=\"fancy-title-69d82e0c1401d\" class=\"mk-shortcode mk-fancy-title fancy-title-align-left simple-style \"><span style=\"\">\n<p style=\"text-align: center;\"><span style=\"font-size: 18pt;\">Omega-3 fosfolipidy pro zdrav\u00e9 srdce<\/span><\/p>\n<\/span><\/h2><div class=\"clearboth\"><\/div>\t<div style=\"text-align: center;\" class=\"mk-text-block  true\"><p style=\"text-align: center;\"><span style=\"font-size: 14pt;\">Omega-3 fosfolipidy p\u016fsob\u00ed jako prevence kardiovaskul\u00e1rn\u00edch onemocn\u011bn\u00ed<\/span><\/p>\n<p style=\"text-align: center;\">Pat\u0159\u00ed sem\u00a0p\u0159edev\u0161\u00edm nemoci srdce a c\u00e9v. Propuknut\u00ed i pr\u016fb\u011bh onemocn\u011bn\u00ed\u00a0mohou v\u00fdznamn\u011b ovlivnit stravovac\u00ed n\u00e1vyky, kter\u00e9 p\u0159edstavuj\u00ed rizikov\u00e9 faktory i zp\u016fsoby prevence.<\/p>\n<p style=\"text-align: center;\">Pacienti s diagnostikovan\u00fdm onemocn\u011bn\u00edm srdce nebo c\u00e9v\u00a0\u010dasto vykazuj\u00ed v\u00fdrazn\u011b ni\u017e\u0161\u00ed koncentraci omega-3 mastn\u00fdch kyselin v tk\u00e1n\u00edch, krvi a v \u010derven\u00fdch krvink\u00e1ch.<\/p>\n<p style=\"text-align: center;\"><span style=\"color: #dd3333;\"><em><span style=\"font-size: 14pt;\">Dostate\u010dn\u00fd p\u0159\u00edjem omega-3 mastn\u00fdch kyselin ve strav\u011b m\u016f\u017ee slou\u017eit jako \u00fa\u010dinn\u00e9 preventivn\u00ed opat\u0159en\u00ed v boji s t\u011bmito nemocemi. Na\u0161e strava je zpravidla na tyto kyseliny chud\u00e1. <\/span><\/em><\/span><\/p>\n<p style=\"text-align: center;\"><span style=\"color: #dd3333;\"><em><span style=\"font-size: 14pt;\">Zde pom\u016f\u017ee dopln\u011bk stravy Krillan<sup>\u00ae<\/sup>.<\/span><\/em><\/span><\/p>\n<div class=\"clearboth\"><\/div><\/div> \n\t<\/div>\n\t<div style=\"\" class=\"vc_col-sm-6 wpb_column column_container \">\n\t\t\t<div style=\"padding: 30px 0 30px;\" class=\"mk-divider mk-shortcode divider_full_width center padding_space \"><div class=\"divider-inner\" style=\"\"><\/div><\/div><div class=\"clearboth\"><\/div><div class=\"mk-image-shortcode mk-shortcode   align-right simple-frame inside-image \" style=\"max-width: 420px; margin-bottom:10px\"><div class=\"mk-image-inner\"><img class=\"lightbox-false\" alt=\"\" title=\"\" src=\"http:\/\/krillan.eu\/wp-content\/uploads\/2015\/10\/effects_xray_heart-SMALL.jpg\" \/><\/div><div class=\"clearboth\"><\/div><\/div>\n\t<\/div><\/div><div class=\"clearboth\"><\/div><\/div><div class=\"clearboth\"><\/div><\/div><div class=\"mk-main-wrapper-holder\"><div class=\"theme-page-wrapper  -layout mk-grid vc_row-fluid row-fluid\"><div class=\"theme-content \"><div id=\"ajax-69d82e0c133bf\" class=\"mk-dynamic-styles\"><!--  .full-width-69d82e0c133bf { min-height:100px; padding:10px 0 10px; margin-bottom:0px; } #background-layer--69d82e0c133bf { background-position:left top; background-repeat:repeat; ; } --><\/div><div class=\"wpb_row vc_row  vc_row-fluid  mk-fullwidth-false  attched-false vc_row-fluid\">\n\t<div style=\"\" class=\"vc_col-sm-3 wpb_column column_container \">\n\t\t\t<div style=\"padding: 20px 0 20px;\" class=\"mk-divider mk-shortcode divider_full_width center padding_space \"><div class=\"divider-inner\" style=\"\"><\/div><\/div><div class=\"clearboth\"><\/div><div class=\"mk-image-shortcode mk-shortcode   align-left simple-frame inside-image \" style=\"max-width: 350px; margin-bottom:10px\"><div class=\"mk-image-inner\"><img class=\"lightbox-false\" alt=\"\" title=\"\" src=\"http:\/\/krillan.eu\/wp-content\/uploads\/2015\/10\/Krillan-benefits-heart-CZ-kopie.jpg\" \/><\/div><div class=\"clearboth\"><\/div><\/div>\n\t<\/div>\n\t<div style=\"\" class=\"vc_col-sm-9 wpb_column column_container \">\n\t\t\t<div style=\"padding: 20px 0 20px;\" class=\"mk-divider mk-shortcode divider_full_width center padding_space \"><div class=\"divider-inner\" style=\"\"><\/div><\/div><div class=\"clearboth\"><\/div><div class=\"mk-image-shortcode mk-shortcode   align-center simple-frame inside-image \" style=\"max-width: 30px; margin-bottom:10px\"><div class=\"mk-image-inner\"><img class=\"lightbox-false\" alt=\"\" title=\"\" src=\"http:\/\/krillan.eu\/wp-content\/uploads\/2015\/10\/symbol-5-kruhu-white.jpg\" \/><\/div><div class=\"clearboth\"><\/div><\/div><div style=\"padding: 20px 0 20px;\" class=\"mk-divider mk-shortcode divider_full_width center padding_space \"><div class=\"divider-inner\" style=\"\"><\/div><\/div><div class=\"clearboth\"><\/div>\t<div style=\"text-align: center;\" class=\"mk-text-block  true\"><p style=\"text-align: center;\"><span style=\"font-size: 14pt;\">Jak s omega-3 fosfolipidy p\u0159edej\u00edt nemocem srdce a c\u00e9v?<\/span><\/p>\n<p style=\"text-align: center;\">V\u00fdhody omega-3 mastn\u00fdch kyselin v\u00e1zan\u00fdch na fosfolipidy v prevenci kardiovaskul\u00e1rn\u00edch onemocn\u011bn\u00ed spo\u010d\u00edvaj\u00ed ve\u00a0sn\u00ed\u017een\u00ed rizikov\u00fdch faktor\u016f. Na subbun\u011b\u010dn\u00e9 \u00farovni zaji\u0161\u0165uj\u00ed\u00a0lep\u0161\u00ed vst\u0159eb\u00e1v\u00e1n\u00ed omega-3 fosfolipid\u016f\u00a0do bun\u011b\u010dn\u00fdch membr\u00e1n, zm\u011bnu vlastnost\u00ed membr\u00e1ny a pozm\u011bn\u011bn\u00ed z\u00e1n\u011btliv\u00fdch reakc\u00ed.<\/p>\n<div class=\"clearboth\"><\/div><\/div> <div style=\"padding: 20px 0 20px;\" class=\"mk-divider mk-shortcode divider_full_width center padding_space \"><div class=\"divider-inner\" style=\"\"><\/div><\/div><div class=\"clearboth\"><\/div><div class=\"mk-image-shortcode mk-shortcode   align-center simple-frame inside-image \" style=\"max-width: 30px; margin-bottom:10px\"><div class=\"mk-image-inner\"><img class=\"lightbox-false\" alt=\"\" title=\"\" src=\"http:\/\/krillan.eu\/wp-content\/uploads\/2015\/10\/symbol-5-kruhu-white.jpg\" \/><\/div><div class=\"clearboth\"><\/div><\/div><div style=\"padding: 20px 0 20px;\" class=\"mk-divider mk-shortcode divider_full_width center padding_space \"><div class=\"divider-inner\" style=\"\"><\/div><\/div><div class=\"clearboth\"><\/div>\n\t<\/div><\/div><div class=\"wpb_row vc_row  vc_row-fluid  mk-fullwidth-false  attched-false vc_row-fluid vc_custom_1447085520330\">\n\t<div style=\"\" class=\"vc_col-sm-12 wpb_column column_container \">\n\t\t\t\t<div style=\"text-align: center;\" class=\"mk-text-block  true\"><p style=\"text-align: center;\"><span style=\"font-size: 14pt;\">Omega-3 mastn\u00e9 kyseliny minimalizuj\u00ed rizikov\u00e9 faktory kardiovaskul\u00e1rn\u00edch onemocn\u011bn\u00ed<\/span><\/p>\n<p style=\"text-align: center;\">S dostate\u010dn\u00fdm mno\u017estv\u00edm omega-3 mastn\u00fdch kyselin ve strav\u011b m\u016f\u017eete p\u0159edch\u00e1zet onemocn\u011bn\u00edm srdce a c\u00e9v. Studie potvrdily, \u017ee omega-3 mastn\u00e9 kyseliny sni\u017euj\u00ed vysok\u00fd krevn\u00ed tlak a p\u016fsob\u00ed preventivn\u011b proti srde\u010dn\u00ed arytmii. Jeliko\u017e ovliv\u0148uj\u00ed tak\u00e9 sr\u00e1\u017elivost krve, je zde mnohem men\u0161\u00ed riziko vytvo\u0159en\u00ed krevn\u00ed sra\u017eeniny. Omega-3 mastn\u00e9 kyseliny maj\u00ed d\u00e1le pozitivn\u00ed dopad na hladinu cholesterolu v krvi nebo potla\u010duj\u00ed aterosklerotick\u00e9 procesy.<\/p>\n<div class=\"clearboth\"><\/div><\/div> <div class=\"mk-image-shortcode mk-shortcode   align-center simple-frame inside-image \" style=\"max-width: 30px; margin-bottom:10px\"><div class=\"mk-image-inner\"><img class=\"lightbox-false\" alt=\"\" title=\"\" src=\"http:\/\/krillan.eu\/wp-content\/uploads\/2015\/10\/symbol-5-kruhu-white.jpg\" \/><\/div><div class=\"clearboth\"><\/div><\/div><div id=\"mk-custom-box-69d82e0c25bfe\" class=\"mk-custom-boxed mk-blur-parent mk-blur-69d82e0c25bfe mk-shortcode   \" style=\"margin-bottom:10px\"><div style=\"padding: 10px 0 10px;\" class=\"mk-divider mk-shortcode divider_full_width center padding_space \"><div class=\"divider-inner\" style=\"\"><\/div><\/div><div class=\"clearboth\"><\/div><div class=\"wpb_row vc_inner vc_row  vc_row-fluid   attched-false vc_row-fluid vc_custom_1447096267753\"><div class=\"wpb_column vc_column_container vc_col-sm-12\"><div class=\"wpb_wrapper\"><h2 style=\"font-size: 16px;text-align:center;color: #dd3333;font-style:inherit;font-weight:inherit;padding-top:0px;padding-bottom:20px; text-transform:initial;letter-spacing:0px;\" id=\"fancy-title-69d82e0c270a4\" class=\"mk-shortcode mk-fancy-title fancy-title-align-center simple-style \"><span style=\"\"><\/p>\n<p style=\"text-align: center;\"><span style=\"font-size: 14pt;\">Krillan<sup>\u00ae<\/sup> pom\u00e1h\u00e1 k siln\u00e9mu srdci<\/span><\/p>\n<p><\/span><\/h2><div class=\"clearboth\"><\/div>\t<div style=\"text-align: center;\" class=\"mk-text-block  true\"><p style=\"text-align: center;\">Krilov\u00fd olej obsa\u017een\u00fd v dopl\u0148ku stravy Krillan<sup>\u00ae<\/sup> obsahuje omega-3 mastn\u00e9 kyseliny v\u00e1zan\u00e9 na fosfolipidy, p\u0159edev\u0161\u00edm fosfatidylcholin. Vst\u0159ebatelnost omega-3 mastn\u00fdch kyselin je zde ve srovn\u00e1n\u00ed s dal\u0161\u00edmi zdroji v\u00fdznamn\u011b vy\u0161\u0161\u00ed. Omega-3 mastn\u00e9 kyseliny v\u00e1zan\u00e9 na fosfolipidy dosahuj\u00ed mnohem lep\u0161\u00ed vst\u0159ebatelnosti ne\u017e konkuren\u010dn\u00ed produkty zalo\u017een\u00e9 na ryb\u00edm oleji.\u00a0Fosfatidylcholin se po vst\u0159eb\u00e1n\u00ed za\u010dlen\u00ed do bun\u011b\u010dn\u00e9 membr\u00e1ny a pod\u00edl\u00ed se na p\u0159enosu omega-3 mastn\u00fdch kyselin do krve skrz membr\u00e1ny.<\/p>\n<p style=\"text-align: center;\">Lysofosfatidylcholin pozitivn\u011b ovliv\u0148uje \u0161\u00ed\u0159en\u00ed omega-3 mastn\u00fdch kyselin k t\u011blesn\u00fdm org\u00e1n\u016fm a do tk\u00e1n\u00ed. Pod\u00edl\u00ed se na seskupov\u00e1n\u00ed lipoprotein\u016f, kter\u00e9 si m\u016f\u017eete p\u0159edstavit jako vozidla p\u0159ev\u00e1\u017eej\u00edc\u00ed mastn\u00e9 kyseliny krevn\u00ed plazmou.\u00a0Pokud fosfatidylcholin ve strav\u011b chyb\u00ed, m\u016f\u017ee to v\u00e9st ke sn\u00ed\u017een\u00ed p\u0159enosu mastn\u00fdch kyselin do tk\u00e1n\u00ed a k hromad\u011bn\u00ed tuk\u016f v j\u00e1trech.<\/p>\n<p style=\"text-align: center;\">Krilov\u00fd olej v p\u0159\u00edpravku Krillan<sup>\u00ae<\/sup>\u00a0je d\u00edky sv\u00e9 vynikaj\u00edc\u00ed vst\u0159ebatelnosti nejlep\u0161\u00ed prevenc\u00ed proti kardiovaskul\u00e1rn\u00edm chorob\u00e1m. Jeho p\u0159ednosti ocen\u00ed lid\u00e9 v ka\u017ed\u00e9m v\u011bku.<\/p>\n<div class=\"clearboth\"><\/div><\/div> <\/div><\/div><\/div><div class=\"mk-image-shortcode mk-shortcode   align-center simple-frame inside-image \" style=\"max-width: 417px; margin-bottom:10px\"><div class=\"mk-image-inner\"><img class=\"lightbox-false\" alt=\"\" title=\"\" src=\"http:\/\/krillan.eu\/wp-content\/uploads\/2015\/10\/Srdce-STUDIO-SM-136-06.jpg\" \/><\/div><div class=\"clearboth\"><\/div><\/div>\n<div class=\"clearboth\"><\/div><\/div><div id=\"ajax-69d82e0c25bfe\" class=\"mk-dynamic-styles\"><!--  #mk-custom-box-69d82e0c25bfe { min-height:100px; padding:30px 20px; background-attachment:scroll; background-repeat:repeat; background-color:transparent; background-position:center center; margin-bottom:10px; } #mk-custom-box-69d82e0c25bfe .mk-fancy-title.pattern-style span{ background-color: #fff !important; }--><\/div>\n\t<\/div><\/div><div class=\"wpb_row vc_row  vc_row-fluid  mk-fullwidth-false  attched-false vc_row-fluid\">\n\t<div style=\"\" class=\"vc_col-sm-12 wpb_column column_container \">\n\t\t\t<div style=\"padding: 20px 0 20px;\" class=\"mk-divider mk-shortcode divider_full_width center padding_space \"><div class=\"divider-inner\" style=\"\"><\/div><\/div><div class=\"clearboth\"><\/div><div style=\"padding: 20px 0 20px;\" class=\"mk-divider mk-shortcode divider_full_width center padding_space \"><div class=\"divider-inner\" style=\"\"><\/div><\/div><div class=\"clearboth\"><\/div>\n\t<\/div><\/div><div class=\"wpb_row vc_row  vc_row-fluid  mk-fullwidth-false  attched-false vc_row-fluid\">\n\t<div style=\"\" class=\"vc_col-sm-12 wpb_column column_container \">\n\t\t\t\n\t<\/div><\/div>","protected":false},"excerpt":{"rendered":"Omega-3 fosfolipidy pro zdrav\u00e9 srdce Omega-3 fosfolipidy p\u016fsob\u00ed jako prevence kardiovaskul\u00e1rn\u00edch onemocn\u011bn\u00ed Pat\u0159\u00ed sem\u00a0p\u0159edev\u0161\u00edm nemoci srdce a c\u00e9v. Propuknut\u00ed i pr\u016fb\u011bh onemocn\u011bn\u00ed\u00a0mohou v\u00fdznamn\u011b ovlivnit stravovac\u00ed n\u00e1vyky, kter\u00e9 p\u0159edstavuj\u00ed rizikov\u00e9 faktory i zp\u016fsoby prevence. Pacienti s diagnostikovan\u00fdm onemocn\u011bn\u00edm srdce nebo c\u00e9v\u00a0\u010dasto vykazuj\u00ed v\u00fdrazn\u011b ni\u017e\u0161\u00ed koncentraci omega-3 mastn\u00fdch kyselin v tk\u00e1n\u00edch, krvi a v \u010derven\u00fdch krvink\u00e1ch. Dostate\u010dn\u00fd [...]","protected":false},"author":3,"featured_media":0,"parent":26,"menu_order":0,"comment_status":"closed","ping_status":"closed","template":"","meta":[],"_links":{"self":[{"href":"https:\/\/krillan.eu\/cs\/wp-json\/wp\/v2\/pages\/60"}],"collection":[{"href":"https:\/\/krillan.eu\/cs\/wp-json\/wp\/v2\/pages"}],"about":[{"href":"https:\/\/krillan.eu\/cs\/wp-json\/wp\/v2\/types\/page"}],"author":[{"embeddable":true,"href":"https:\/\/krillan.eu\/cs\/wp-json\/wp\/v2\/users\/3"}],"replies":[{"embeddable":true,"href":"https:\/\/krillan.eu\/cs\/wp-json\/wp\/v2\/comments?post=60"}],"version-history":[{"count":81,"href":"https:\/\/krillan.eu\/cs\/wp-json\/wp\/v2\/pages\/60\/revisions"}],"predecessor-version":[{"id":2090,"href":"https:\/\/krillan.eu\/cs\/wp-json\/wp\/v2\/pages\/60\/revisions\/2090"}],"up":[{"embeddable":true,"href":"https:\/\/krillan.eu\/cs\/wp-json\/wp\/v2\/pages\/26"}],"wp:attachment":[{"href":"https:\/\/krillan.eu\/cs\/wp-json\/wp\/v2\/media?parent=60"}],"curies":[{"name":"wp","href":"https:\/\/api.w.org\/{rel}","templated":true}]}}