{"id":50,"date":"2015-10-26T11:10:25","date_gmt":"2015-10-26T11:10:25","guid":{"rendered":"http:\/\/krillan.eu.uvirt45.active24.cz\/?page_id=50"},"modified":"2016-04-29T08:16:23","modified_gmt":"2016-04-29T08:16:23","slug":"easy-to-take-capsules","status":"publish","type":"page","link":"https:\/\/krillan.eu\/cs\/krillan\/easy-to-take-capsules\/","title":{"rendered":"U\u017e\u00edv\u00e1n\u00ed p\u0159\u00edpravku"},"content":{"rendered":"<div class=\"wpb_row vc_row  vc_row-fluid  mk-fullwidth-false  attched-false vc_row-fluid\">\n\t<div style=\"\" class=\"vc_col-sm-7 wpb_column column_container \">\n\t\t\t<h2 style=\"font-size: 14px;text-align:left;color: #dd3333;font-style:inherit;font-weight:inherit;padding-top:0px;padding-bottom:20px; text-transform:initial;letter-spacing:0px;\" id=\"fancy-title-69ecd46fcff9b\" class=\"mk-shortcode mk-fancy-title fancy-title-align-left simple-style \"><span style=\"\">\n<p style=\"text-align: center;\"><span style=\"color: #ff0000;\"><span style=\"font-size: 18.6667px; line-height: 28px;\">Vyzkou\u0161ejte mal\u00e9 \u010derven\u00e9 tobolky\u00a0bez ryb\u00ed pachuti<\/span><\/span><\/p>\n<\/span><\/h2><div class=\"clearboth\"><\/div>\t<div style=\"text-align: left;\" class=\"mk-text-block  true\"><p style=\"text-align: center;\"><span style=\"font-size: 18.6667px; line-height: 28px;\">P\u0159ich\u00e1z\u00ed nov\u00e1 generace omega-3 mastn\u00fdch kyselin<\/span><\/p>\n<p style=\"text-align: center;\">Krilov\u00fd olej, obsa\u017een\u00fd v p\u0159\u00edpravku Krillan<sup>\u00ae<\/sup>, p\u0159edstavuje novou generaci omega-3 mastn\u00fdch kyselin. Ty jsou lehce vst\u0159ebateln\u00e9, 100% p\u0159\u00edrodn\u00ed a \u0161etrn\u00e9 k \u017eivotn\u00edmu prost\u0159ed\u00ed.<\/p>\n<p style=\"text-align: center;\">Krillan<sup>\u00ae<\/sup> je dostupn\u00fd v mal\u00fdch tobolk\u00e1ch, kter\u00e9 se snadno d\u00e1vkuj\u00ed a oproti b\u011b\u017en\u00e9mu ryb\u00edmu oleji ve v\u0161ech form\u00e1ch maj\u00ed mnoho v\u00fdhod.<\/p>\n<div class=\"clearboth\"><\/div><\/div> \n\t<\/div>\n\t<div style=\"\" class=\"vc_col-sm-1 wpb_column column_container \">\n\t\t\t\n\t<\/div>\n\t<div style=\"\" class=\"vc_col-sm-4 wpb_column column_container \">\n\t\t\t<div class=\"mk-image-shortcode mk-shortcode   align-right gray_border-frame inside-image \" style=\"max-width: 350px; margin-bottom:10px\"><div class=\"mk-image-inner\"><img class=\"lightbox-false\" alt=\"\" title=\"\" src=\"http:\/\/krillan.eu\/wp-content\/uploads\/2015\/10\/Face-with-capsule-3.jpg\" \/><\/div><div class=\"clearboth\"><\/div><\/div>\n\t<\/div><\/div><div class=\"wpb_row vc_row  vc_row-fluid  mk-fullwidth-false  attched-false vc_row-fluid\">\n\t<div style=\"\" class=\"vc_col-sm-12 wpb_column column_container \">\n\t\t\t<div style=\"padding: 20px 0 20px;\" class=\"mk-divider mk-shortcode divider_full_width center padding_space \"><div class=\"divider-inner\" style=\"\"><\/div><\/div><div class=\"clearboth\"><\/div><div id=\"box-icon-69ecd46fd49f8\" style=\"margin-bottom:10px;\" class=\"   simple_ultimate-style mk-box-icon\"><div class=\"top-side \"><i style=\"color:#0c0c0c;\" class=\"mk-li-atom small mk-main-ico\"><\/i><div class=\"box-detail-wrapper small-size\"><h4 style=\"font-size:16px;font-weight:inherit;\"><\/h4><\/div><div class=\"clearboth\"><\/div><\/div><\/div><div id=\"ajax-69ecd46fd49f8\" class=\"mk-dynamic-styles\"><!-- --><\/div>\t<div style=\"text-align: left;\" class=\"mk-text-block  true\"><p style=\"text-align: center;\"><span style=\"font-size: 14pt;\">Praktick\u00e1 velikost<\/span><\/p>\n<p style=\"text-align: center;\">Prvn\u00edm benefitem je\u00a0men\u0161\u00ed velikost tobolek.\u00a0Jeliko\u017e t\u011blo vyu\u017e\u00edv\u00e1 omega-3 mastn\u00e9 kyseliny z krilov\u00e9ho oleje mnohem efektivn\u011bji ne\u017e omega-3 z ryb\u00edho oleje nebo z jak\u00e9hokoliv jin\u00e9ho zdroje, jsou takto pln\u011b dosta\u010duj\u00edc\u00ed. Ve srovn\u00e1n\u00ed s ryb\u00edm olejem tak sta\u010d\u00ed men\u0161\u00ed d\u00e1vka.<\/p>\n<div class=\"clearboth\"><\/div><\/div> <div style=\"padding: 10px 0 10px;\" class=\"mk-divider mk-shortcode divider_full_width center padding_space \"><div class=\"divider-inner\" style=\"\"><\/div><\/div><div class=\"clearboth\"><\/div><div class=\"mk-image-shortcode mk-shortcode   align-center simple-frame inside-image \" style=\"max-width: 200px; margin-bottom:10px\"><div class=\"mk-image-inner\"><img class=\"lightbox-false\" alt=\"\" title=\"\" src=\"http:\/\/krillan.eu\/wp-content\/uploads\/2015\/10\/capsules-net-krill-oil-red-capsules-vs-regular-fish-oil-WHITE3.jpg\" \/><\/div><div class=\"clearboth\"><\/div><\/div>\n\t<\/div><\/div><div class=\"wpb_row vc_row  vc_row-fluid  mk-fullwidth-false  attched-false vc_row-fluid\">\n\t<div style=\"\" class=\"vc_col-sm-12 wpb_column column_container \">\n\t\t\t<div style=\"padding: 10px 0 10px;\" class=\"mk-divider mk-shortcode divider_full_width center padding_space \"><div class=\"divider-inner\" style=\"\"><\/div><\/div><div class=\"clearboth\"><\/div><div id=\"box-icon-69ecd46fd8fbf\" style=\"margin-bottom:10px;\" class=\"   simple_ultimate-style mk-box-icon\"><div class=\"top-side \"><i style=\"color:#0c0c0c;\" class=\"mk-li-atom small mk-main-ico\"><\/i><div class=\"box-detail-wrapper small-size\"><h4 style=\"font-size:16px;font-weight:inherit;\"><\/h4><\/div><div class=\"clearboth\"><\/div><\/div><\/div><div id=\"ajax-69ecd46fd8fbf\" class=\"mk-dynamic-styles\"><!-- --><\/div>\t<div style=\"text-align: left;\" class=\"mk-text-block  true\"><p style=\"text-align: center;\"><span style=\"font-size: 18.6667px; line-height: 28px;\">Vegetari\u00e1nsk\u00e9 tobolky<\/span><\/p>\n<p style=\"text-align: center;\">Krillan<sup>\u00ae<\/sup> se vyr\u00e1b\u00ed v tobolk\u00e1ch z pevn\u00e9 \u017eelatiny (hydroxypropylmethylcelul\u00f3zy), kterou ocen\u00ed v\u0161ichni, kdo se vyh\u00fdbaj\u00ed konzumaci \u017eivo\u010di\u0161n\u00fdch produkt\u016f. Tobolky jsou tedy vhodn\u00e9 pro vegetari\u00e1ny, vegany i pro r\u016fzn\u00e9 n\u00e1bo\u017eensk\u00e9 skupiny.<\/p>\n<div class=\"clearboth\"><\/div><\/div> <div style=\"padding: 10px 0 0px;\" class=\"mk-divider mk-shortcode divider_full_width center padding_space \"><div class=\"divider-inner\" style=\"\"><\/div><\/div><div class=\"clearboth\"><\/div><div class=\"mk-image-shortcode mk-shortcode   align-center simple-frame inside-image \" style=\"max-width: 200px; margin-bottom:10px\"><div class=\"mk-image-inner\"><img class=\"lightbox-false\" alt=\"\" title=\"\" src=\"http:\/\/krillan.eu\/wp-content\/uploads\/2015\/10\/Krill-Pill-8407_r-white11-e1448153933962.jpg\" \/><\/div><div class=\"clearboth\"><\/div><\/div>\n\t<\/div><\/div><div class=\"wpb_row vc_row  vc_row-fluid  mk-fullwidth-false  attched-false vc_row-fluid\">\n\t<div style=\"\" class=\"vc_col-sm-12 wpb_column column_container \">\n\t\t\t<div style=\"padding: 10px 0 10px;\" class=\"mk-divider mk-shortcode divider_full_width center padding_space \"><div class=\"divider-inner\" style=\"\"><\/div><\/div><div class=\"clearboth\"><\/div><div id=\"box-icon-69ecd46fdd3a8\" style=\"margin-bottom:10px;\" class=\"   simple_ultimate-style mk-box-icon\"><div class=\"top-side \"><i style=\"color:#0c0c0c;\" class=\"mk-li-atom small mk-main-ico\"><\/i><div class=\"box-detail-wrapper small-size\"><h4 style=\"font-size:16px;font-weight:inherit;\"><\/h4><\/div><div class=\"clearboth\"><\/div><\/div><\/div><div id=\"ajax-69ecd46fdd3a8\" class=\"mk-dynamic-styles\"><!-- --><\/div>\t<div style=\"text-align: left;\" class=\"mk-text-block  true\"><p style=\"text-align: center;\"><span style=\"font-size: 18.6667px; line-height: 28px;\">Bezprobl\u00e9mov\u00e9 polyk\u00e1n\u00ed<\/span><\/p>\n<p style=\"text-align: center;\">Tobolky\u00a0dopl\u0148ku stravy Krillan<sup>\u00ae<\/sup> maj\u00ed obl\u00fd ergonomick\u00fd tvar, d\u00edky kter\u00e9mu se snadno polykaj\u00ed i tr\u00e1v\u00ed.<\/p>\n<div class=\"clearboth\"><\/div><\/div> \n\t<\/div><\/div><div class=\"wpb_row vc_row  vc_row-fluid  mk-fullwidth-false  attched-false vc_row-fluid\">\n\t<div style=\"\" class=\"vc_col-sm-12 wpb_column column_container \">\n\t\t\t<div style=\"padding: 10px 0 10px;\" class=\"mk-divider mk-shortcode divider_full_width center padding_space \"><div class=\"divider-inner\" style=\"\"><\/div><\/div><div class=\"clearboth\"><\/div><div id=\"box-icon-69ecd46fde3b3\" style=\"margin-bottom:10px;\" class=\"   simple_ultimate-style mk-box-icon\"><div class=\"top-side \"><i style=\"color:#0c0c0c;\" class=\"mk-li-atom small mk-main-ico\"><\/i><div class=\"box-detail-wrapper small-size\"><h4 style=\"font-size:16px;font-weight:inherit;\"><\/h4><\/div><div class=\"clearboth\"><\/div><\/div><\/div><div id=\"ajax-69ecd46fde3b3\" class=\"mk-dynamic-styles\"><!-- --><\/div>\t<div style=\"text-align: left;\" class=\"mk-text-block  true\"><p style=\"text-align: center;\"><span style=\"font-size: 18.6667px; line-height: 28px;\">\u017d\u00e1dn\u00e1 ryb\u00ed pachu\u0165<\/span><\/p>\n<p style=\"text-align: center;\">Pr\u00e1v\u011b ryb\u00ed pachu\u0165 je t\u00edm, co mnoha lidem na ryb\u00edm oleji jako zdroji omega-3 mastn\u00fdch kyselin vad\u00ed. Krilov\u00fd olej v p\u0159\u00edpravku Krillan<sup>\u00ae<\/sup> je zpracov\u00e1n pomoc\u00ed speci\u00e1ln\u00edch technologi\u00ed tak, aby se vylou\u010dilo jeho znehodnocen\u00ed oxidac\u00ed. Ta vede pr\u00e1v\u011b k nep\u0159\u00edjemn\u00e9 pachuti a ke sn\u00ed\u017een\u00ed efektivity. Krillan<sup>\u00ae<\/sup> je v\u00fdjime\u010dn\u011b \u010dist\u00fd.<\/p>\n<p style=\"text-align: center;\">Omega-3 fosfolipidy\u00a0jsou rozpustn\u00e9 ve vod\u011b, nez\u016fst\u00e1vaj\u00ed v \u017ealudku a nezp\u016fsobuj\u00ed p\u00e1len\u00ed \u017e\u00e1hy nebo ryb\u00ed pachu\u0165 jako jin\u00e9 p\u0159\u00edpravky s ryb\u00edm olejem. Krilov\u00fd olej se l\u00e9pe sm\u00eds\u00ed s obsahem \u017ealudku, \u010d\u00edm\u017e se zabr\u00e1n\u00ed nep\u0159\u00edjemn\u00e9mu \u0159\u00edh\u00e1n\u00ed a jin\u00fdm za\u017e\u00edvac\u00edm pot\u00ed\u017e\u00edm.<\/p>\n<div class=\"clearboth\"><\/div><\/div> \n\t<\/div><\/div><div class=\"wpb_row vc_row  vc_row-fluid  mk-fullwidth-false  attched-false vc_row-fluid\">\n\t<div style=\"\" class=\"vc_col-sm-12 wpb_column column_container \">\n\t\t\t<div style=\"padding: 10px 0 10px;\" class=\"mk-divider mk-shortcode divider_full_width center padding_space \"><div class=\"divider-inner\" style=\"\"><\/div><\/div><div class=\"clearboth\"><\/div><div id=\"box-icon-69ecd46fdf38d\" style=\"margin-bottom:10px;\" class=\"   simple_ultimate-style mk-box-icon\"><div class=\"top-side \"><i style=\"color:#0c0c0c;\" class=\"mk-li-atom small mk-main-ico\"><\/i><div class=\"box-detail-wrapper small-size\"><h4 style=\"font-size:16px;font-weight:inherit;\"><\/h4><\/div><div class=\"clearboth\"><\/div><\/div><\/div><div id=\"ajax-69ecd46fdf38d\" class=\"mk-dynamic-styles\"><!-- --><\/div>\t<div style=\"text-align: left;\" class=\"mk-text-block  true\"><p style=\"text-align: center;\"><span style=\"font-size: 18.6667px; line-height: 28px;\">Pouze 1 a\u017e 2 mal\u00e9 tobolky denn\u011b<\/span><\/p>\n<p style=\"text-align: center;\">Krillan<sup>\u00ae<\/sup> u\u017e\u00edvejte v d\u00e1vkov\u00e1n\u00ed doporu\u010den\u00e9m v\u00fdrobcem, kter\u00e9 \u010din\u00ed maxim\u00e1ln\u011b 2 tobolky denn\u011b. Ty pod\u00e1vejte spolu s j\u00eddlem a zapijte je dostate\u010dn\u00fdm mno\u017estv\u00edm vody nebo jin\u00e9 tekutiny.<\/p>\n<div class=\"clearboth\"><\/div><\/div> \n\t<\/div><\/div><div class=\"wpb_row vc_row  vc_row-fluid  mk-fullwidth-false  attched-false vc_row-fluid\">\n\t<div style=\"\" class=\"vc_col-sm-12 wpb_column column_container \">\n\t\t\t<div style=\"padding: 10px 0 10px;\" class=\"mk-divider mk-shortcode divider_full_width center padding_space \"><div class=\"divider-inner\" style=\"\"><\/div><\/div><div class=\"clearboth\"><\/div><div id=\"box-icon-69ecd46fe0424\" style=\"margin-bottom:10px;\" class=\"   simple_ultimate-style mk-box-icon\"><div class=\"top-side \"><i style=\"color:#0c0c0c;\" class=\"mk-li-atom small mk-main-ico\"><\/i><div class=\"box-detail-wrapper small-size\"><h4 style=\"font-size:16px;font-weight:inherit;\"><\/h4><\/div><div class=\"clearboth\"><\/div><\/div><\/div><div id=\"ajax-69ecd46fe0424\" class=\"mk-dynamic-styles\"><!-- --><\/div>\t<div style=\"text-align: left;\" class=\"mk-text-block  true\"><p style=\"text-align: center;\"><span style=\"font-size: 18.6667px; line-height: 28px;\">I pro dlouhodob\u00e9 u\u017e\u00edv\u00e1n\u00ed<\/span><\/p>\n<p style=\"text-align: center;\">D\u00e9lka u\u017e\u00edv\u00e1n\u00ed dopl\u0148ku stravy Krillan<sup>\u00ae<\/sup> je individu\u00e1ln\u00ed. Vst\u0159eb\u00e1v\u00e1n\u00ed krilov\u00e9ho oleje ovliv\u0148uje v\u011bk, stravovac\u00ed n\u00e1vyky, fyzick\u00e1 i psychick\u00e1 aktivita. Abyste dos\u00e1hli viditeln\u00fdch v\u00fdsledk\u016f, doporu\u010dujeme u\u017e\u00edvat krilov\u00fd olej alespo\u0148 po dobu 3 m\u011bs\u00edc\u016f. Je tedy vhodn\u00fd i pro dlouhodob\u00e9 u\u017e\u00edv\u00e1n\u00ed.<\/p>\n<div class=\"clearboth\"><\/div><\/div> \n\t<\/div><\/div><div class=\"wpb_row vc_row  vc_row-fluid  mk-fullwidth-false  attched-false vc_row-fluid\">\n\t<div style=\"\" class=\"vc_col-sm-12 wpb_column column_container \">\n\t\t\t<div style=\"padding: 10px 0 10px;\" class=\"mk-divider mk-shortcode divider_full_width center padding_space \"><div class=\"divider-inner\" style=\"\"><\/div><\/div><div class=\"clearboth\"><\/div><div id=\"box-icon-69ecd46fe14c3\" style=\"margin-bottom:10px;\" class=\"   simple_ultimate-style mk-box-icon\"><div class=\"top-side \"><i style=\"color:#0c0c0c;\" class=\"mk-li-atom small mk-main-ico\"><\/i><div class=\"box-detail-wrapper small-size\"><h4 style=\"font-size:16px;font-weight:inherit;\"><\/h4><\/div><div class=\"clearboth\"><\/div><\/div><\/div><div id=\"ajax-69ecd46fe14c3\" class=\"mk-dynamic-styles\"><!-- --><\/div>\t<div style=\"text-align: left;\" class=\"mk-text-block  true\"><p style=\"text-align: center;\"><span style=\"font-size: 14pt;\">Nen\u00e1ro\u010dn\u00e9 skladov\u00e1n\u00ed<\/span><\/p>\n<p style=\"text-align: center;\">Dopln\u011bk stravy Krillan<sup>\u00ae<\/sup> by m\u011bl b\u00fdt skladov\u00e1n na chladn\u00e9m a such\u00e9m m\u00edst\u011b, kter\u00e9 je dob\u0159e chr\u00e1n\u011bn\u00e9 p\u0159ed teplem a sv\u011btlem.<\/p>\n<div class=\"clearboth\"><\/div><\/div> \n\t<\/div><\/div><div class=\"wpb_row vc_row  vc_row-fluid  mk-fullwidth-false  attched-false vc_row-fluid\">\n\t<div style=\"\" class=\"vc_col-sm-12 wpb_column column_container \">\n\t\t\t\n\t<\/div><\/div><div class=\"wpb_row vc_row  vc_row-fluid  mk-fullwidth-false  attched-false vc_row-fluid\">\n\t<div style=\"\" class=\"vc_col-sm-12 wpb_column column_container \">\n\t\t\t<div style=\"padding: 20px 0 20px;\" class=\"mk-divider mk-shortcode divider_full_width center padding_space \"><div class=\"divider-inner\" style=\"\"><\/div><\/div><div class=\"clearboth\"><\/div>\n\t<\/div><\/div><div class=\"wpb_row vc_row  vc_row-fluid  mk-fullwidth-false  attched-false vc_row-fluid\">\n\t<div style=\"\" class=\"vc_col-sm-12 wpb_column column_container \">\n\t\t\t<div id=\"box-icon-69ecd46fe37d9\" style=\"margin-bottom:10px;\" class=\"   simple_ultimate-style mk-box-icon\"><div class=\"top-side \"><i style=\"color:#0c0c0c;\" class=\"mk-li-atom small mk-main-ico\"><\/i><div class=\"box-detail-wrapper small-size\"><h4 style=\"font-size:16px;font-weight:inherit;\"><\/h4><\/div><div class=\"clearboth\"><\/div><\/div><\/div><div id=\"ajax-69ecd46fe37d9\" class=\"mk-dynamic-styles\"><!-- --><\/div><div style=\"padding: 10px 0 10px;\" class=\"mk-divider mk-shortcode divider_full_width center padding_space \"><div class=\"divider-inner\" style=\"\"><\/div><\/div><div class=\"clearboth\"><\/div><div class=\"mk-image-shortcode mk-shortcode   align-center simple-frame inside-image \" style=\"max-width: 400px; margin-bottom:10px\"><div class=\"mk-image-inner\"><img class=\"lightbox-false\" alt=\"\" title=\"\" src=\"http:\/\/krillan.eu\/wp-content\/uploads\/2015\/10\/Krillan-The-Superior-source-of-Omega-3-CZ-kopie.jpg\" \/><\/div><div class=\"clearboth\"><\/div><\/div><div style=\"padding: 20px 0 20px;\" class=\"mk-divider mk-shortcode divider_full_width center padding_space \"><div class=\"divider-inner\" style=\"\"><\/div><\/div><div class=\"clearboth\"><\/div><div id=\"box-icon-69ecd46fe7834\" style=\"margin-bottom:20px;\" class=\"   simple_ultimate-style mk-box-icon\"><div class=\"top-side \"><i style=\"color:#0c0c0c;\" class=\"mk-li-atom small mk-main-ico\"><\/i><div class=\"box-detail-wrapper small-size\"><h4 style=\"font-size:16px;font-weight:inherit;\"><\/h4><\/div><div class=\"clearboth\"><\/div><\/div><\/div><div id=\"ajax-69ecd46fe7834\" class=\"mk-dynamic-styles\"><!-- --><\/div>\n\t<\/div><\/div>","protected":false},"excerpt":{"rendered":"Vyzkou\u0161ejte mal\u00e9 \u010derven\u00e9 tobolky\u00a0bez ryb\u00ed pachuti P\u0159ich\u00e1z\u00ed nov\u00e1 generace omega-3 mastn\u00fdch kyselin Krilov\u00fd olej, obsa\u017een\u00fd v p\u0159\u00edpravku Krillan\u00ae, p\u0159edstavuje novou generaci omega-3 mastn\u00fdch kyselin. Ty jsou lehce vst\u0159ebateln\u00e9, 100% p\u0159\u00edrodn\u00ed a \u0161etrn\u00e9 k \u017eivotn\u00edmu prost\u0159ed\u00ed. Krillan\u00ae je dostupn\u00fd v mal\u00fdch tobolk\u00e1ch, kter\u00e9 se snadno d\u00e1vkuj\u00ed a oproti b\u011b\u017en\u00e9mu ryb\u00edmu oleji ve v\u0161ech form\u00e1ch maj\u00ed mnoho [...]","protected":false},"author":3,"featured_media":0,"parent":21,"menu_order":0,"comment_status":"closed","ping_status":"closed","template":"","meta":[],"_links":{"self":[{"href":"https:\/\/krillan.eu\/cs\/wp-json\/wp\/v2\/pages\/50"}],"collection":[{"href":"https:\/\/krillan.eu\/cs\/wp-json\/wp\/v2\/pages"}],"about":[{"href":"https:\/\/krillan.eu\/cs\/wp-json\/wp\/v2\/types\/page"}],"author":[{"embeddable":true,"href":"https:\/\/krillan.eu\/cs\/wp-json\/wp\/v2\/users\/3"}],"replies":[{"embeddable":true,"href":"https:\/\/krillan.eu\/cs\/wp-json\/wp\/v2\/comments?post=50"}],"version-history":[{"count":34,"href":"https:\/\/krillan.eu\/cs\/wp-json\/wp\/v2\/pages\/50\/revisions"}],"predecessor-version":[{"id":2047,"href":"https:\/\/krillan.eu\/cs\/wp-json\/wp\/v2\/pages\/50\/revisions\/2047"}],"up":[{"embeddable":true,"href":"https:\/\/krillan.eu\/cs\/wp-json\/wp\/v2\/pages\/21"}],"wp:attachment":[{"href":"https:\/\/krillan.eu\/cs\/wp-json\/wp\/v2\/media?parent=50"}],"curies":[{"name":"wp","href":"https:\/\/api.w.org\/{rel}","templated":true}]}}