{"id":48,"date":"2015-10-26T11:10:12","date_gmt":"2015-10-26T11:10:12","guid":{"rendered":"http:\/\/krillan.eu.uvirt45.active24.cz\/?page_id=48"},"modified":"2016-04-14T19:54:54","modified_gmt":"2016-04-14T19:54:54","slug":"how-does-it-work","status":"publish","type":"page","link":"https:\/\/krillan.eu\/cs\/krillan\/how-does-it-work\/","title":{"rendered":"Pozitivn\u00ed \u00fa\u010dinky na organismus"},"content":{"rendered":"<div class=\"wpb_row vc_row  vc_row-fluid  mk-fullwidth-false  attched-false vc_row-fluid\">\n\t<div style=\"\" class=\"vc_col-sm-6 wpb_column column_container \">\n\t\t\t<h2 style=\"font-size: 18px;text-align:center;color: #dd3333;font-style:inherit;font-weight:inherit;padding-top:0px;padding-bottom:20px; text-transform:initial;letter-spacing:0px;\" id=\"fancy-title-69d8289964d3e\" class=\"mk-shortcode mk-fancy-title fancy-title-align-center simple-style \"><span style=\"\">Jak se vst\u0159eb\u00e1v\u00e1 krilov\u00fd olej do bun\u011b\u010dn\u00fdch membr\u00e1n?<\/span><\/h2><div class=\"clearboth\"><\/div>\t<div style=\"text-align: left;\" class=\"mk-text-block  true\"><p style=\"text-align: center;\"><span style=\"font-size: 14pt;\">Krillan<sup>\u00ae <\/sup>jako zdroj omega-3 fosfolipid\u016f pro n\u00e1\u0161 organismus<\/span><\/p>\n<p style=\"text-align: center;\">Krilov\u00fd olej obsahuje omega-3 fosfolipidy, kter\u00e9 se velmi podobaj\u00ed fosfolipid\u016fm v na\u0161ich bun\u011b\u010dn\u00fdch membr\u00e1n\u00e1ch a chr\u00e1n\u00ed n\u00e1s\u00a0p\u0159ed nebezpe\u010dn\u00fdmi toxiny, jim\u017e je na\u0161e t\u011blo neust\u00e1le vystaveno. S dopl\u0148kem stravy\u00a0Krillan<sup>\u00ae<\/sup> m\u00e1te jistotu, \u017ee sv\u00e9mu t\u011blu dod\u00e1te chyb\u011bj\u00edc\u00ed omega-3 mastn\u00e9 kyseliny EPA a DHA.<\/p>\n<p style=\"text-align: center;\">Fosfolipidy z krilov\u00e9ho oleje jsou lidsk\u00fdm organismem v\u00fdborn\u011b p\u0159ij\u00edm\u00e1ny.\u00a0P\u0159enos omega-3 do bun\u011b\u010dn\u00fdch membr\u00e1n prob\u00edh\u00e1 rychleji a celkov\u011b efektivn\u011bji pr\u00e1v\u011b d\u00edky obsa\u017een\u00fdm fosfolipid\u016fm. Omega-3 kyseliny EPA a DHA v bun\u011b\u010dn\u00fdch membr\u00e1n\u00e1ch pozitivn\u011b ovliv\u0148uj\u00ed nezbytnou tekutost membr\u00e1ny a signaliza\u010dn\u00ed i metabolick\u00e9 procesy.<\/p>\n<div class=\"clearboth\"><\/div><\/div> \n\t<\/div>\n\t<div style=\"\" class=\"vc_col-sm-6 wpb_column column_container \">\n\t\t\t<div style=\"padding: 40px 0 20px;\" class=\"mk-divider mk-shortcode divider_full_width center padding_space \"><div class=\"divider-inner\" style=\"\"><\/div><\/div><div class=\"clearboth\"><\/div><div class=\"mk-image-shortcode mk-shortcode   align-right simple-frame inside-image \" style=\"max-width: 500px; margin-bottom:10px\"><div class=\"mk-image-inner\"><img class=\"lightbox-false\" alt=\"\" title=\"\" src=\"http:\/\/krillan.eu\/wp-content\/uploads\/2015\/10\/phospholipids4.jpg\" \/><\/div><div class=\"clearboth\"><\/div><\/div>\n\t<\/div><\/div><div class=\"wpb_row vc_row  vc_row-fluid  mk-fullwidth-false  attched-false vc_row-fluid\">\n\t<div style=\"\" class=\"vc_col-sm-12 wpb_column column_container \">\n\t\t\t<div style=\"padding: 10px 0 0px;\" class=\"mk-divider mk-shortcode divider_one_half center padding_space \"><div class=\"divider-inner\" style=\"\"><\/div><\/div><div class=\"clearboth\"><\/div><div id=\"box-icon-69d828996a2df\" style=\"margin-bottom:20px;\" class=\"   simple_ultimate-style mk-box-icon\"><div class=\"top-side \"><i style=\"color:#000000;\" class=\"mk-moon-checkbox-partial small mk-main-ico\"><\/i><div class=\"box-detail-wrapper small-size\"><h4 style=\"font-size:32px;font-weight:inherit;\"><\/h4><\/div><div class=\"clearboth\"><\/div><\/div><\/div><div id=\"ajax-69d828996a2df\" class=\"mk-dynamic-styles\"><!-- --><\/div>\n\t<\/div><\/div><div class=\"wpb_row vc_row  vc_row-fluid  mk-fullwidth-false  attched-false vc_row-fluid\">\n\t<div style=\"\" class=\"vc_col-sm-6 wpb_column column_container \">\n\t\t\t<div class=\"mk-image-shortcode mk-shortcode   align-center simple-frame inside-image \" style=\"max-width: 470px; margin-bottom:20px\"><div class=\"mk-image-inner\"><img class=\"lightbox-false\" alt=\"\" title=\"\" src=\"http:\/\/krillan.eu\/wp-content\/uploads\/2015\/10\/capsules_group_ANO-WEB.jpg\" \/><\/div><div class=\"clearboth\"><\/div><\/div>\n\t<\/div>\n\t<div style=\"\" class=\"vc_col-sm-6 wpb_column column_container \">\n\t\t\t<div style=\"padding: 0px 0 20px;\" class=\"mk-divider mk-shortcode divider_one_half center padding_space \"><div class=\"divider-inner\" style=\"\"><\/div><\/div><div class=\"clearboth\"><\/div>\t<div style=\"text-align: left;\" class=\"mk-text-block  true\"><p style=\"text-align: center;\"><span style=\"font-size: 14pt;\">Krillan<sup>\u00ae<\/sup>\u00a0obsahuje siln\u00fd p\u0159\u00edrodn\u00ed antioxidant astaxanthin<\/span><\/p>\n<p style=\"text-align: center;\">V\u00fdznamnou roli p\u0159i vst\u0159eb\u00e1v\u00e1n\u00ed krilov\u00e9ho oleje hraje tak\u00e9 nejsiln\u011bj\u0161\u00ed p\u0159\u00edrodn\u00ed antioxidant astaxanthin, kter\u00fd pronik\u00e1 do krve a odstra\u0148uje voln\u00e9 radik\u00e1ly po\u0161kozuj\u00edc\u00ed DNA. Z jak\u00fdch d\u016fvod\u016f k tomuto po\u0161kozen\u00ed doch\u00e1z\u00ed? Zp\u016fsobuje ho\u00a0zne\u010di\u0161t\u011bn\u00e9 ovzdu\u0161\u00ed, radiace, kontakt s herbicidy, kou\u0159en\u00ed a mnoho dal\u0161\u00edch faktor\u016f.<\/p>\n<p style=\"text-align: center;\">Vlivem t\u011bchto faktor\u016f vznikaj\u00ed voln\u00e9 radik\u00e1ly, kter\u00e9 mohou v na\u0161em t\u011ble odstartovat \u0159et\u011bzovou reakci a naru\u0161it k\u0159ehkou rovnov\u00e1hu. Voln\u00e9 radik\u00e1ly p\u0159isp\u00edvaj\u00ed nap\u0159\u00edklad ke vzniku diabetu, o\u010dn\u00edch, plicn\u00edch nebo ko\u017en\u00edch chorob, zp\u016fsobuj\u00ed poruchy imunitn\u00edho syst\u00e9mu, z\u00e1n\u011bty kloub\u016f nebo vedou k p\u0159ed\u010dasn\u00e9mu st\u00e1rnut\u00ed. Toto riziko se zvy\u0161uje se stoupaj\u00edc\u00edm v\u011bkem.<\/p>\n<p style=\"text-align: center;\">D\u00edky dopl\u0148ku stravy Krillan<sup>\u00ae<\/sup> nebudou m\u00edt \u017e\u00e1dn\u00e9 \u0161kodliv\u00e9 l\u00e1tky ve va\u0161em t\u011ble \u0161anci.<\/p>\n<div class=\"clearboth\"><\/div><\/div> \n\t<\/div><\/div><div class=\"wpb_row vc_row  vc_row-fluid  mk-fullwidth-false  attched-false vc_row-fluid\">\n\t<div style=\"\" class=\"vc_col-sm-12 wpb_column column_container \">\n\t\t\t<div id=\"box-icon-69d828996fa0e\" style=\"margin-bottom:20px;\" class=\"   simple_ultimate-style mk-box-icon\"><div class=\"top-side \"><i style=\"color:#000000;\" class=\"mk-moon-checkbox-partial small mk-main-ico\"><\/i><div class=\"box-detail-wrapper small-size\"><h4 style=\"font-size:32px;font-weight:inherit;\"><\/h4><\/div><div class=\"clearboth\"><\/div><\/div><\/div><div id=\"ajax-69d828996fa0e\" class=\"mk-dynamic-styles\"><!-- --><\/div>\n\t<\/div><\/div><div class=\"wpb_row vc_row  vc_row-fluid  mk-fullwidth-false  attched-false vc_row-fluid\">\n\t<div style=\"\" class=\"vc_col-sm-12 wpb_column column_container \">\n\t\t\t<div style=\"padding: 20px 0 20px;\" class=\"mk-divider mk-shortcode divider_full_width center padding_space \"><div class=\"divider-inner\" style=\"\"><\/div><\/div><div class=\"clearboth\"><\/div><div class=\"mk-image-shortcode mk-shortcode   align-center simple-frame inside-image \" style=\"max-width: 600px; margin-bottom:10px\"><div class=\"mk-image-inner\"><img class=\"lightbox-false\" alt=\"\" title=\"\" src=\"http:\/\/krillan.eu\/wp-content\/uploads\/2015\/10\/Krillan-phospholipids-and-astaxanthin-CZ.jpg\" \/><\/div><div class=\"clearboth\"><\/div><\/div><div style=\"padding: 20px 0 40px;\" class=\"mk-divider mk-shortcode divider_full_width center padding_space \"><div class=\"divider-inner\" style=\"\"><\/div><\/div><div class=\"clearboth\"><\/div>\n\t<\/div><\/div><div class=\"wpb_row vc_row  vc_row-fluid  mk-fullwidth-false  attched-false vc_row-fluid\">\n\t<div style=\"\" class=\"vc_col-sm-12 wpb_column column_container \">\n\t\t\t<div id=\"box-icon-69d8289974b3c\" style=\"margin-bottom:30px;\" class=\"   simple_ultimate-style mk-box-icon\"><div class=\"top-side \"><i style=\"color:#000000;\" class=\"mk-moon-checkbox-partial small mk-main-ico\"><\/i><div class=\"box-detail-wrapper small-size\"><h4 style=\"font-size:32px;font-weight:inherit;\"><\/h4><\/div><div class=\"clearboth\"><\/div><\/div><\/div><div id=\"ajax-69d8289974b3c\" class=\"mk-dynamic-styles\"><!-- --><\/div><div style=\"padding: 20px 0 10px;\" class=\"mk-divider mk-shortcode divider_full_width center padding_space \"><div class=\"divider-inner\" style=\"\"><\/div><\/div><div class=\"clearboth\"><\/div>\n\t<\/div><\/div>","protected":false},"excerpt":{"rendered":"Jak se vst\u0159eb\u00e1v\u00e1 krilov\u00fd olej do bun\u011b\u010dn\u00fdch membr\u00e1n? Krillan\u00ae jako zdroj omega-3 fosfolipid\u016f pro n\u00e1\u0161 organismus Krilov\u00fd olej obsahuje omega-3 fosfolipidy, kter\u00e9 se velmi podobaj\u00ed fosfolipid\u016fm v na\u0161ich bun\u011b\u010dn\u00fdch membr\u00e1n\u00e1ch a chr\u00e1n\u00ed n\u00e1s\u00a0p\u0159ed nebezpe\u010dn\u00fdmi toxiny, jim\u017e je na\u0161e t\u011blo neust\u00e1le vystaveno. S dopl\u0148kem stravy\u00a0Krillan\u00ae m\u00e1te jistotu, \u017ee sv\u00e9mu t\u011blu dod\u00e1te chyb\u011bj\u00edc\u00ed omega-3 mastn\u00e9 kyseliny EPA [...]","protected":false},"author":3,"featured_media":0,"parent":21,"menu_order":0,"comment_status":"closed","ping_status":"closed","template":"","meta":[],"_links":{"self":[{"href":"https:\/\/krillan.eu\/cs\/wp-json\/wp\/v2\/pages\/48"}],"collection":[{"href":"https:\/\/krillan.eu\/cs\/wp-json\/wp\/v2\/pages"}],"about":[{"href":"https:\/\/krillan.eu\/cs\/wp-json\/wp\/v2\/types\/page"}],"author":[{"embeddable":true,"href":"https:\/\/krillan.eu\/cs\/wp-json\/wp\/v2\/users\/3"}],"replies":[{"embeddable":true,"href":"https:\/\/krillan.eu\/cs\/wp-json\/wp\/v2\/comments?post=48"}],"version-history":[{"count":39,"href":"https:\/\/krillan.eu\/cs\/wp-json\/wp\/v2\/pages\/48\/revisions"}],"predecessor-version":[{"id":1330,"href":"https:\/\/krillan.eu\/cs\/wp-json\/wp\/v2\/pages\/48\/revisions\/1330"}],"up":[{"embeddable":true,"href":"https:\/\/krillan.eu\/cs\/wp-json\/wp\/v2\/pages\/21"}],"wp:attachment":[{"href":"https:\/\/krillan.eu\/cs\/wp-json\/wp\/v2\/media?parent=48"}],"curies":[{"name":"wp","href":"https:\/\/api.w.org\/{rel}","templated":true}]}}