{"id":46,"date":"2015-10-26T11:09:58","date_gmt":"2015-10-26T11:09:58","guid":{"rendered":"http:\/\/krillan.eu.uvirt45.active24.cz\/?page_id=46"},"modified":"2016-04-12T10:29:56","modified_gmt":"2016-04-12T10:29:56","slug":"product-composition","status":"publish","type":"page","link":"https:\/\/krillan.eu\/cs\/krillan\/product-composition\/","title":{"rendered":"Slo\u017een\u00ed dopl\u0148ku stravy"},"content":{"rendered":"<div class=\"wpb_row vc_row  vc_row-fluid  mk-fullwidth-false  attched-false vc_row-fluid\">\n\t<div style=\"\" class=\"vc_col-sm-9 wpb_column column_container \">\n\t\t\t\n\t<div class=\" \"><div class=\"mk-fancy-table mk-shortcode table-style1\">\n\t\t\t\n<table width=\"100%\">\n<thead>\n<tr>\n<th style=\"text-align: left;\">Krilov\u00fd olej<\/th>\n<th>1\u00a0tobolka<\/th>\n<th>2 tobolky<\/th>\n<th style=\"text-align: center;\">100 g<\/th>\n<\/tr>\n<\/thead>\n<tbody>\n<tr>\n<td style=\"text-align: left;\"><\/td>\n<td style=\"text-align: center;\"><strong>500 mg<\/strong><\/td>\n<td style=\"text-align: center;\"><strong>1000 mg<\/strong><\/td>\n<td style=\"text-align: center;\"><strong>100 g<\/strong><\/td>\n<\/tr>\n<tr>\n<td style=\"text-align: left;\"><b><i>SLO\u017dEN\u00cd LIPID\u016e<\/i><\/b><\/td>\n<td style=\"text-align: center;\" colspan=\"3\"><\/td>\n<\/tr>\n<tr>\n<td style=\"text-align: left;\">Fosfolipidy celkov\u011b<\/td>\n<td style=\"text-align: center;\">\u2265 200,0 mg<\/td>\n<td style=\"text-align: center;\">\u2265 400,0 mg<\/td>\n<td style=\"text-align: center;\">\u2265 40,0 g<\/td>\n<\/tr>\n<tr>\n<td style=\"text-align: left;\">Fosfatidylcholin<\/td>\n<td style=\"text-align: center;\">\u2265 150,0 mg<\/td>\n<td style=\"text-align: center;\">\u2265 300,0 mg<\/td>\n<td style=\"text-align: center;\">\u2265 30,0 g<\/td>\n<\/tr>\n<tr>\n<td style=\"text-align: left;\">Cholin<\/td>\n<td style=\"text-align: center;\">\u00a0\u2265 \u00a0\u00a025,0 mg<\/td>\n<td style=\"text-align: center;\">\u2265 \u00a0\u00a050,0 mg<\/td>\n<td style=\"text-align: center;\">\u2265\u00a0\u00a0\u00a0 5,0 g<\/td>\n<\/tr>\n<tr>\n<td style=\"text-align: left;\"><b><i>PROFIL MASTN\u00ddCH KYSELIN<\/i><\/b><\/td>\n<td style=\"text-align: center;\" colspan=\"3\"><\/td>\n<\/tr>\n<tr>\n<td style=\"text-align: left;\">Omega-3 mastn\u00e9 kyseliny celkov\u011b<\/td>\n<td style=\"text-align: center;\">\u00a0\u2265 110,0 mg<\/td>\n<td style=\"text-align: center;\">\u00a0 \u2265 220,0 mg<\/td>\n<td style=\"text-align: center;\">\u00a0\u2265\u00a0\u00a0 22,0 g<\/td>\n<\/tr>\n<tr>\n<td style=\"text-align: left;\">&#8211; C 20:5 n-3 (EPA)<\/td>\n<td style=\"text-align: center;\">\u00a0\u2265 \u00a0\u00a060,0 mg<\/td>\n<td style=\"text-align: center;\">\u00a0 \u2265\u00a0120,0 mg<\/td>\n<td style=\"text-align: center;\">\u2265\u00a0\u00a0 12,0 g<\/td>\n<\/tr>\n<tr>\n<td style=\"text-align: left;\">&#8211; C 22:6 n-3 (DHA)<\/td>\n<td style=\"text-align: center;\">\u2265 \u00a0\u00a027,5 mg<\/td>\n<td style=\"text-align: center;\">\u00a0 \u2265\u00a0\u00a0\u00a055,0 mg<\/td>\n<td style=\"text-align: center;\">\u2265\u00a0\u00a0\u00a0\u00a0 5,5 g<\/td>\n<\/tr>\n<tr>\n<td style=\"text-align: left;\">Omega-6 mastn\u00e9 kyseliny celkov\u011b<\/td>\n<td style=\"text-align: center;\">\u2265 \u00a0\u00a015,0 mg<\/td>\n<td style=\"text-align: center;\">\u00a0 \u2265\u00a0\u00a0 30,0 mg<\/td>\n<td style=\"text-align: center;\">\u2264\u00a0\u00a0\u00a0\u00a0\u00a0 3,0 g<\/td>\n<\/tr>\n<tr>\n<td style=\"text-align: left;\"><b><i>ANTIOXIDANTY<\/i><\/b><\/td>\n<td style=\"text-align: center;\" colspan=\"3\"><\/td>\n<\/tr>\n<tr>\n<td style=\"text-align: left;\">Astaxanthin<\/td>\n<td style=\"text-align: center;\">\u2265 50,0 mcg<\/td>\n<td style=\"text-align: center;\">\u2265 100,0 mcg<\/td>\n<td style=\"text-align: center;\">\u2265\u00a0\u00a0 10,0 mg<\/td>\n<\/tr>\n<\/tbody>\n<\/table>\n\n\t<\/div><\/div><div id=\"ajax-69d8289af3a20\" class=\"mk-dynamic-styles\"><!--  #mk-icon-box-69d8289af3a20 .mk-box-icon-2-icon { font-size:32px; color:#686868; } #mk-icon-box-69d8289af3a20 .mk-box-icon-2-icon:hover{ }--><\/div><div id=\"mk-icon-box-69d8289af3a20\" class=\"mk-box-icon-2  box-align-center \">    <div class=\"mk-box-icon-2-icon size-32\"><i class=\"mk-li-light\"><\/i><\/div>    <h3 class=\"mk-box-icon-2-title\" style=\"font-weight:inherit; font-size:20px; color:; padding:10px 0 10px 0;\"><\/h3>    <div class=\"mk-box-icon-2-content\"><\/div><\/div>\n\t<\/div>\n\t<div style=\"\" class=\"vc_col-sm-3 wpb_column column_container \">\n\t\t\t<div class=\"mk-image-shortcode mk-shortcode   align-center simple-frame inside-image \" style=\"max-width: 800px; margin-bottom:10px\"><div class=\"mk-image-inner\"><img class=\"lightbox-false\" alt=\"\" title=\"\" src=\"http:\/\/krillan.eu\/wp-content\/uploads\/2015\/10\/ledovec1-e1446290114301.jpg\" \/><\/div><div class=\"clearboth\"><\/div><\/div>\n\t<\/div><\/div><div class=\"wpb_row vc_row  vc_row-fluid  mk-fullwidth-false  attched-false vc_row-fluid\">\n\t<div style=\"\" class=\"vc_col-sm-9 wpb_column column_container \">\n\t\t\t\t<div style=\"text-align: center;\" class=\"mk-text-block  true\"><p style=\"text-align: center;\"><span style=\"color: #c92222; font-size: 14pt;\"><strong>Krilov\u00fd olej obsahuje omega-3 mastn\u00e9 kyseliny, fosfolipidy a cholin. Je v\u00fdborn\u011b chr\u00e1n\u011bn\u00fd p\u0159\u00edrodn\u00edm antioxidantem astaxanthinem.\u00a0<\/strong><\/span><\/p>\n<div class=\"clearboth\"><\/div><\/div> \t<div style=\"text-align: left;\" class=\"mk-text-block  true\"><p style=\"text-align: center;\"><em><span style=\"color: #c92222; font-size: 12pt;\">Krilov\u00fd olej pro dopln\u011bk stravy Krillan<sup>\u00ae<\/sup> je extrahov\u00e1n v\u00fdhradn\u011b z antarktick\u00e9ho krilu rodu Euphasia superba bohat\u00e9ho na omega-3 mastn\u00e9 kyseliny EPA (eikosapentaenovou kyselinu) a DHA (dokosahexaenovou kyselinu). Obsahuje tak\u00e9 p\u0159\u00edrodn\u00ed antioxidant astaxanthin.\u00a0<\/span><\/em><\/p>\n<p style=\"text-align: center;\"><em><span style=\"color: #c92222; font-size: 12pt;\">Astaxanthin je zn\u00e1m\u00fd pro sv\u016fj blahod\u00e1rn\u00fd vliv na zdrav\u00ed organismu a pro schopnosti potla\u010dovat voln\u00e9 radik\u00e1ly.\u00a0<em><span style=\"color: #c92222; font-size: 12pt;\">Krillan<sup>\u00ae<\/sup><\/span><\/em> tak udr\u017euje dlouho \u010derstv\u00fd a chr\u00e1n\u00ed omega-3 mastn\u00e9 kyseliny p\u0159ed oxidac\u00ed. Nejsou proto nutn\u00e1 \u017e\u00e1dn\u00e1 dal\u0161\u00ed aditiva k prodlou\u017een\u00ed trvanlivosti.<\/span><\/em><\/p>\n<div class=\"clearboth\"><\/div><\/div> \n\t<\/div>\n\t<div style=\"\" class=\"vc_col-sm-3 wpb_column column_container \">\n\t\t\t<div class=\"mk-image-shortcode mk-shortcode   align-center simple-frame inside-image \" style=\"max-width: 510px; margin-bottom:10px\"><div class=\"mk-image-inner\"><img class=\"lightbox-false\" alt=\"\" title=\"\" src=\"http:\/\/krillan.eu\/wp-content\/uploads\/bfi_thumb\/Euphanasia-superba-2-mhjadlexudxb718epsaq8v2hd8kdfqmbkoas92vzpa.jpg\" \/><\/div><div class=\"clearboth\"><\/div><\/div>\n\t<\/div><\/div><div class=\"wpb_row vc_row  vc_row-fluid  mk-fullwidth-false  attched-false vc_row-fluid\">\n\t<div style=\"\" class=\"vc_col-sm-12 wpb_column column_container \">\n\t\t\t<div style=\"padding: 20px 0 20px;\" class=\"mk-divider mk-shortcode divider_full_width center padding_space \"><div class=\"divider-inner\" style=\"\"><\/div><\/div><div class=\"clearboth\"><\/div><div style=\"padding: 20px 0 20px;\" class=\"mk-divider mk-shortcode divider_full_width center padding_space \"><div class=\"divider-inner\" style=\"\"><\/div><\/div><div class=\"clearboth\"><\/div>\n\t<\/div><\/div>","protected":false},"excerpt":{"rendered":"Krilov\u00fd olej 1\u00a0tobolka 2 tobolky 100 g 500 mg 1000 mg 100 g SLO\u017dEN\u00cd LIPID\u016e Fosfolipidy celkov\u011b \u2265 200,0 mg \u2265 400,0 mg \u2265 40,0 g Fosfatidylcholin \u2265 150,0 mg \u2265 300,0 mg \u2265 30,0 g Cholin \u00a0\u2265 \u00a0\u00a025,0 mg \u2265 \u00a0\u00a050,0 mg \u2265\u00a0\u00a0\u00a0 5,0 g PROFIL MASTN\u00ddCH KYSELIN Omega-3 mastn\u00e9 kyseliny celkov\u011b \u00a0\u2265 110,0 [...]","protected":false},"author":3,"featured_media":0,"parent":21,"menu_order":0,"comment_status":"closed","ping_status":"closed","template":"","meta":[],"_links":{"self":[{"href":"https:\/\/krillan.eu\/cs\/wp-json\/wp\/v2\/pages\/46"}],"collection":[{"href":"https:\/\/krillan.eu\/cs\/wp-json\/wp\/v2\/pages"}],"about":[{"href":"https:\/\/krillan.eu\/cs\/wp-json\/wp\/v2\/types\/page"}],"author":[{"embeddable":true,"href":"https:\/\/krillan.eu\/cs\/wp-json\/wp\/v2\/users\/3"}],"replies":[{"embeddable":true,"href":"https:\/\/krillan.eu\/cs\/wp-json\/wp\/v2\/comments?post=46"}],"version-history":[{"count":46,"href":"https:\/\/krillan.eu\/cs\/wp-json\/wp\/v2\/pages\/46\/revisions"}],"predecessor-version":[{"id":1957,"href":"https:\/\/krillan.eu\/cs\/wp-json\/wp\/v2\/pages\/46\/revisions\/1957"}],"up":[{"embeddable":true,"href":"https:\/\/krillan.eu\/cs\/wp-json\/wp\/v2\/pages\/21"}],"wp:attachment":[{"href":"https:\/\/krillan.eu\/cs\/wp-json\/wp\/v2\/media?parent=46"}],"curies":[{"name":"wp","href":"https:\/\/api.w.org\/{rel}","templated":true}]}}