{"id":459,"date":"2015-10-28T12:09:42","date_gmt":"2015-10-28T12:09:42","guid":{"rendered":"http:\/\/krillan.eu\/?page_id=459"},"modified":"2016-05-28T22:18:14","modified_gmt":"2016-05-28T22:18:14","slug":"general-health","status":"publish","type":"page","link":"https:\/\/krillan.eu\/cs\/health-benefits\/general-health\/","title":{"rendered":"Zdrav\u00ed cel\u00e9ho t\u011bla"},"content":{"rendered":"<div class=\"wpb_row vc_row  vc_row-fluid  mk-fullwidth-false  attched-false vc_row-fluid\">\n\t<div style=\"\" class=\"vc_col-sm-6 wpb_column column_container \">\n\t\t\t<div style=\"padding: 20px 0 20px;\" class=\"mk-divider mk-shortcode divider_full_width center padding_space \"><div class=\"divider-inner\" style=\"\"><\/div><\/div><div class=\"clearboth\"><\/div><h2 style=\"font-size: 22px;text-align:center;color: #dd3333;font-style:inherit;font-weight:inherit;padding-top:0px;padding-bottom:20px; text-transform:initial;letter-spacing:0px;\" id=\"fancy-title-69d82f6b57789\" class=\"mk-shortcode mk-fancy-title fancy-title-align-center simple-style \"><span style=\"\">\n<p style=\"text-align: center;\"><span style=\"font-size: 18pt;\">V\u011bdecky podlo\u017een\u00e9 p\u0159\u00ednosy pro celkov\u00e9 zdrav\u00ed<\/span><\/p>\n<\/span><\/h2><div class=\"clearboth\"><\/div>\t<div style=\"text-align: center;\" class=\"mk-text-block  true\"><p style=\"text-align: center;\"><span style=\"font-size: 14pt;\">Snaz\u0161\u00ed boj s obezitou<\/span><\/p>\n<p style=\"text-align: center;\">Pot\u0159ebujete shodit p\u0159ebyte\u010dn\u00e9 kilogramy? Zv\u00fd\u0161en\u00fd p\u0159\u00edjem omega-3 mastn\u00fdch kyselin z dopl\u0148ku stravy Krillan<sup>\u00ae<\/sup>\u00a0s krilov\u00fdm olejem v\u00e1m pom\u016f\u017ee s hubnut\u00edm. Dle proveden\u00fdch v\u00fdzkum\u016f\u00a0polynenasycen\u00e9 mastn\u00e9 kyseliny zlep\u0161uj\u00ed aktivitu enzym\u016f spaluj\u00edc\u00edch tuky a p\u0159isp\u00edvaj\u00ed ke sn\u00ed\u017een\u00ed synt\u00e9zy tuk\u016f.<\/p>\n<p style=\"text-align: center;\">Redukce v\u00e1hy spole\u010dn\u011b s dopln\u011bn\u00edm omega-3 mastn\u00fdch kyselin vede tak\u00e9 ke sn\u00ed\u017een\u00ed rizika onemocn\u011bn\u00ed srdce a c\u00e9v. D\u00e1le p\u016fsob\u00ed jako prevence proti cukrovce, a to p\u0159edev\u0161\u00edm d\u00edky hormonu adiponektinu a ni\u017e\u0161\u00ed koncentraci triglycerid\u016f.<\/p>\n<p style=\"text-align: center;\">V\u00fdzkum obezity prok\u00e1zal, \u017ee krilov\u00fd olej p\u0159isp\u00edv\u00e1 ke sn\u00ed\u017een\u00ed cholesterolu a gluk\u00f3zy v krvi a zlep\u0161uje metabolismus. Testy d\u00e1le potvrdily, \u017ee zv\u00fd\u0161en\u00ed hladiny mastn\u00fdch kyselin EPA a DHA nem\u00e1 \u017e\u00e1dn\u00e9 nep\u0159\u00edzniv\u00e9 \u00fa\u010dinky a je mezi u\u017eivateli dob\u0159e sn\u00e1\u0161eno.<\/p>\n<div class=\"clearboth\"><\/div><\/div> <div style=\"padding: 10px 0 10px;\" class=\"mk-divider mk-shortcode divider_full_width center padding_space \"><div class=\"divider-inner\" style=\"\"><\/div><\/div><div class=\"clearboth\"><\/div><div class=\"mk-circle-image  mk-shortcode  \"><span class=\"item-holder\"><img alt=\"\" title=\"\" src=\"http:\/\/krillan.eu\/wp-content\/uploads\/bfi_thumb\/Diet-white-mhz3i43ptabl19b3ffym0oiot45dfu8vgvnof90ax0.jpg\" \/><\/span><\/div><div class=\"clearboth\"><\/div><div style=\"padding: 10px 0 10px;\" class=\"mk-divider mk-shortcode divider_one_half center padding_space \"><div class=\"divider-inner\" style=\"\"><\/div><\/div><div class=\"clearboth\"><\/div>\n\t<\/div>\n\t<div style=\"\" class=\"vc_col-sm-6 wpb_column column_container \">\n\t\t\t<div style=\"padding: 25px 0 20px;\" class=\"mk-divider mk-shortcode divider_full_width left padding_space \"><div class=\"divider-inner\" style=\"\"><\/div><\/div><div class=\"clearboth\"><\/div><div class=\"mk-image-shortcode mk-shortcode   align-center simple-frame inside-image \" style=\"max-width: 300px; margin-bottom:10px\"><div class=\"mk-image-inner\"><img class=\"lightbox-false\" alt=\"\" title=\"\" src=\"http:\/\/krillan.eu\/wp-content\/uploads\/2015\/10\/Efekty-postava-red-2-kopie.jpg\" \/><\/div><div class=\"clearboth\"><\/div><\/div><div style=\"padding: 30px 0 50px;\" class=\"mk-divider mk-shortcode divider_full_width left padding_space \"><div class=\"divider-inner\" style=\"\"><\/div><\/div><div class=\"clearboth\"><\/div>\n\t<\/div><\/div><div class=\"wpb_row vc_row  vc_row-fluid  mk-fullwidth-false  attched-false vc_row-fluid\">\n\t<div style=\"\" class=\"vc_col-sm-8 wpb_column column_container \">\n\t\t\t<div style=\"padding: 10px 0 10px;\" class=\"mk-divider mk-shortcode divider_full_width center thick_solid \"><div class=\"divider-inner\" style=\"\"><\/div><\/div><div class=\"clearboth\"><\/div><div style=\"padding: 10px 0 10px;\" class=\"mk-divider mk-shortcode divider_one_half center padding_space \"><div class=\"divider-inner\" style=\"\"><\/div><\/div><div class=\"clearboth\"><\/div>\t<div style=\"text-align: center;\" class=\"mk-text-block  true\"><p style=\"text-align: center;\"><span style=\"font-size: 14pt;\">Zm\u00edrn\u011bn\u00ed premenstrua\u010dn\u00edho syndromu<\/span><\/p>\n<p style=\"text-align: center;\">Premenstrua\u010dn\u00ed syndrom (PMS) zp\u016fsobuj\u00ed hormon\u00e1ln\u00ed zm\u011bny. Projevuje se nep\u0159\u00edjemn\u00fdmi p\u0159\u00edznaky, u mnoha \u017een ji\u017e dva t\u00fddny p\u0159ed menstruac\u00ed. D\u00edky omega-3 mastn\u00fdm kyselin\u00e1m EPA a DHA se vylu\u010duj\u00ed protiz\u00e1n\u011btliv\u00e9 hormony. Ty sni\u017euj\u00ed d\u011blo\u017en\u00ed stahy, kter\u00e9 se pod\u00edlej\u00ed na menstrua\u010dn\u00edch bolestech.<\/p>\n<p style=\"text-align: center;\">Pravidelnou konzumac\u00ed krilov\u00e9ho oleje a dopl\u0148ku stravy Krillan<sup>\u00ae<\/sup>\u00a0zlep\u0161\u00edte fyziologick\u00e9 i emocion\u00e1ln\u00ed p\u0159\u00edznaky PMS. Kl\u00ed\u010dovou roli zde hraj\u00ed p\u0159edev\u0161\u00edm obsa\u017een\u00e9 fosfolipidy, kter\u00e9 pom\u00e1haj\u00ed l\u00e9pe zvl\u00e1dat emo\u010dn\u00ed v\u00fdkyvy.<\/p>\n<div class=\"clearboth\"><\/div><\/div> <div style=\"padding: 20px 0 20px;\" class=\"mk-divider mk-shortcode divider_full_width center padding_space \"><div class=\"divider-inner\" style=\"\"><\/div><\/div><div class=\"clearboth\"><\/div>\n\t<\/div>\n\t<div style=\"\" class=\"vc_col-sm-1 wpb_column column_container \">\n\t\t\t\n\t<\/div>\n\t<div style=\"\" class=\"vc_col-sm-3 wpb_column column_container \">\n\t\t\t<div style=\"padding: 80px 0 20px;\" class=\"mk-divider mk-shortcode divider_full_width center padding_space \"><div class=\"divider-inner\" style=\"\"><\/div><\/div><div class=\"clearboth\"><\/div><div class=\"mk-circle-image  mk-shortcode  \"><span class=\"item-holder\"><img alt=\"\" title=\"\" src=\"http:\/\/krillan.eu\/wp-content\/uploads\/bfi_thumb\/pms-9-mhz94tynqztsxqujp2i1rixgwoz5hv0vc8pifkfozo.jpg\" \/><\/span><\/div><div class=\"clearboth\"><\/div>\n\t<\/div><\/div><div class=\"wpb_row vc_row  vc_row-fluid  mk-fullwidth-false  attched-false vc_row-fluid\">\n\t<div style=\"\" class=\"vc_col-sm-12 wpb_column column_container \">\n\t\t\t<div style=\"padding: 20px 0 20px; width: 750px \" class=\"mk-divider mk-shortcode custom-width center thick_solid \"><div class=\"divider-inner\" style=\"\"><\/div><\/div><div class=\"clearboth\"><\/div><div style=\"padding: 20px 0 20px;\" class=\"mk-divider mk-shortcode divider_full_width center padding_space \"><div class=\"divider-inner\" style=\"\"><\/div><\/div><div class=\"clearboth\"><\/div>\n\t<\/div><\/div><div class=\"wpb_row vc_row  vc_row-fluid  mk-fullwidth-false  attched-false vc_row-fluid vc_custom_1447106557405\">\n\t<div style=\"\" class=\"vc_col-sm-3 wpb_column column_container \">\n\t\t\t<div style=\"padding: 20px 0 40px;\" class=\"mk-divider mk-shortcode divider_full_width center padding_space \"><div class=\"divider-inner\" style=\"\"><\/div><\/div><div class=\"clearboth\"><\/div><div class=\"mk-image-shortcode mk-shortcode   align-center simple-frame inside-image \" style=\"max-width: 350px; margin-bottom:10px\"><div class=\"mk-image-inner\"><img class=\"lightbox-false\" alt=\"\" title=\"\" src=\"http:\/\/krillan.eu\/wp-content\/uploads\/2015\/10\/Krillan-benefits-health-CZ-kopie.jpg\" \/><\/div><div class=\"clearboth\"><\/div><\/div>\n\t<\/div>\n\t<div style=\"\" class=\"vc_col-sm-1 wpb_column column_container \">\n\t\t\t\n\t<\/div>\n\t<div style=\"\" class=\"vc_col-sm-8 wpb_column column_container \">\n\t\t\t\t<div style=\"text-align: center;\" class=\"mk-text-block  true\"><p style=\"text-align: center;\"><span style=\"font-size: 18.6667px; line-height: 28px;\">Zdrav\u00e1 ple\u0165 a poko\u017eka<\/span><\/p>\n<p style=\"text-align: center;\" align=\"LEFT\">Omega-3 mastn\u00e9 kyseliny vyhlazuj\u00ed a hydratuj\u00ed ko\u017en\u00ed bu\u0148ky, tlum\u00ed z\u00e1n\u011bty a zarudnut\u00ed, mohou usp\u00ed\u0161it hojen\u00ed ran. Krilov\u00fd olej\u00a0je v\u00fdborn\u00fdm pomocn\u00edkem v boji proti akn\u00e9 a m\u00e1 tak\u00e9 v\u00fdznamn\u00fd anti-aging efekt. Poko\u017eka lid\u00ed s vysok\u00fdm p\u0159\u00edjmem mastn\u00fdch kyselin EPA tak vykazuje podstatn\u011b m\u00e9n\u011b zn\u00e1mek st\u00e1rnut\u00ed.<\/p>\n<p style=\"text-align: center;\" align=\"LEFT\">P\u0159\u00edrodn\u00ed antioxidant astaxanthin, kter\u00fd je ned\u00edlnou sou\u010d\u00e1st\u00ed krilov\u00e9ho oleje a dopl\u0148ku stravy Krillan<sup>\u00ae<\/sup>, tak\u00e9 chr\u00e1n\u00ed citlivou poko\u017eku p\u0159ed slune\u010dn\u00edm z\u00e1\u0159en\u00edm.<\/p>\n<div class=\"clearboth\"><\/div><\/div> <div style=\"padding: 20px 0 20px;\" class=\"mk-divider mk-shortcode divider_full_width center padding_space \"><div class=\"divider-inner\" style=\"\"><\/div><\/div><div class=\"clearboth\"><\/div><div class=\"mk-circle-image  mk-shortcode  \"><span class=\"item-holder\"><img alt=\"\" title=\"\" src=\"http:\/\/krillan.eu\/wp-content\/uploads\/bfi_thumb\/skin-mhz8htuuhyc6ta9f0mjq8twdk8cs4ipcidyqmsjj9g.jpg\" \/><\/span><\/div><div class=\"clearboth\"><\/div><div style=\"padding: 20px 0 20px;\" class=\"mk-divider mk-shortcode divider_full_width center padding_space \"><div class=\"divider-inner\" style=\"\"><\/div><\/div><div class=\"clearboth\"><\/div>\n\t<\/div><\/div><div class=\"wpb_row vc_row  vc_row-fluid  mk-fullwidth-false  attched-false vc_row-fluid\">\n\t<div style=\"\" class=\"vc_col-sm-12 wpb_column column_container \">\n\t\t\t<div style=\"padding: 20px 0 20px; width: 750px \" class=\"mk-divider mk-shortcode custom-width center thick_solid \"><div class=\"divider-inner\" style=\"\"><\/div><\/div><div class=\"clearboth\"><\/div><div style=\"padding: 20px 0 20px;\" class=\"mk-divider mk-shortcode divider_full_width center padding_space \"><div class=\"divider-inner\" style=\"\"><\/div><\/div><div class=\"clearboth\"><\/div>\n\t<\/div><\/div><div class=\"wpb_row vc_row  vc_row-fluid  mk-fullwidth-false  attched-false vc_row-fluid vc_custom_1447106557405\">\n\t<div style=\"\" class=\"vc_col-sm-3 wpb_column column_container \">\n\t\t\t<div class=\"mk-circle-image  mk-shortcode  \"><span class=\"item-holder\"><img alt=\"\" title=\"\" src=\"http:\/\/krillan.eu\/wp-content\/uploads\/bfi_thumb\/eyes-14-mhzkgn7uwc3c38h7cujz245z5wx42d0fqq6d4drnes.jpg\" \/><\/span><\/div><div class=\"clearboth\"><\/div>\n\t<\/div>\n\t<div style=\"\" class=\"vc_col-sm-1 wpb_column column_container \">\n\t\t\t\n\t<\/div>\n\t<div style=\"\" class=\"vc_col-sm-8 wpb_column column_container \">\n\t\t\t\t<div style=\"text-align: center;\" class=\"mk-text-block  true\"><p style=\"text-align: center;\"><span style=\"font-size: 14pt;\">Ostr\u00fd zrak<\/span><\/p>\n<p style=\"text-align: center;\" align=\"LEFT\">Mastn\u00e9 kyseliny EPA a DHA pom\u00e1haj\u00ed udr\u017eovat o\u010di zdrav\u00e9, s\u00edtnici nezbytn\u011b vlhkou a podporuj\u00ed tvorbu slz. O\u010dn\u00ed bu\u0148ky chr\u00e1n\u00ed p\u0159ed po\u0161kozen\u00edm sluncem, sv\u011btlem, kysl\u00edkem i p\u0159ed vlivy, kter\u00e9 souvisej\u00ed s v\u011bkem.<\/p>\n<p style=\"text-align: center;\">Krillan<sup>\u00ae<\/sup> obsahuje antioxidant astaxanthin, kter\u00fd prokazateln\u011b sni\u017euje \u00fanavu o\u010d\u00ed a zost\u0159uje zrak. Lid\u00e9, u\u017e\u00edvaj\u00edc\u00ed omega-3 mastn\u00e9 kyseliny, trp\u00ed v\u00fdznamn\u011b m\u00e9n\u011b syndromem such\u00fdch o\u010d\u00ed a celkov\u011b l\u00e9pe vid\u00ed.<\/p>\n<div class=\"clearboth\"><\/div><\/div> \n\t<\/div><\/div><div class=\"wpb_row vc_row  vc_row-fluid  mk-fullwidth-false  attched-false vc_row-fluid vc_custom_1447199435656\">\n\t<div style=\"\" class=\"vc_col-sm-12 wpb_column column_container \">\n\t\t\t<div style=\"padding: 30px 0 20px;\" class=\"mk-divider mk-shortcode divider_full_width center padding_space \"><div class=\"divider-inner\" style=\"\"><\/div><\/div><div class=\"clearboth\"><\/div><div style=\"padding: 20px 0 20px; width: 750px \" class=\"mk-divider mk-shortcode custom-width center thick_solid \"><div class=\"divider-inner\" style=\"\"><\/div><\/div><div class=\"clearboth\"><\/div><div id=\"ajax-69d82f6b68579\" class=\"mk-dynamic-styles\"><!--  #mk-icon-box-69d82f6b68579 .mk-box-icon-2-icon { font-size:32px; } #mk-icon-box-69d82f6b68579 .mk-box-icon-2-icon:hover{ }--><\/div><div id=\"mk-icon-box-69d82f6b68579\" class=\"mk-box-icon-2  box-align-center \">    <div class=\"mk-box-icon-2-icon size-32\"><i class=\"mk-moon-arrow-up-5\"><\/i><\/div>    <h3 class=\"mk-box-icon-2-title\" style=\"font-weight:inherit; font-size:20px; color:; padding:10px 0 10px 0;\"><\/h3>    <div class=\"mk-box-icon-2-content\"><\/div><\/div><div style=\"padding: 30px 0 50px;\" class=\"mk-divider mk-shortcode divider_full_width center padding_space \"><div class=\"divider-inner\" style=\"\"><\/div><\/div><div class=\"clearboth\"><\/div>\n\t<\/div><\/div>","protected":false},"excerpt":{"rendered":"V\u011bdecky podlo\u017een\u00e9 p\u0159\u00ednosy pro celkov\u00e9 zdrav\u00ed Snaz\u0161\u00ed boj s obezitou Pot\u0159ebujete shodit p\u0159ebyte\u010dn\u00e9 kilogramy? Zv\u00fd\u0161en\u00fd p\u0159\u00edjem omega-3 mastn\u00fdch kyselin z dopl\u0148ku stravy Krillan\u00ae\u00a0s krilov\u00fdm olejem v\u00e1m pom\u016f\u017ee s hubnut\u00edm. Dle proveden\u00fdch v\u00fdzkum\u016f\u00a0polynenasycen\u00e9 mastn\u00e9 kyseliny zlep\u0161uj\u00ed aktivitu enzym\u016f spaluj\u00edc\u00edch tuky a p\u0159isp\u00edvaj\u00ed ke sn\u00ed\u017een\u00ed synt\u00e9zy tuk\u016f. Redukce v\u00e1hy spole\u010dn\u011b s dopln\u011bn\u00edm omega-3 mastn\u00fdch kyselin vede tak\u00e9 [...]","protected":false},"author":3,"featured_media":0,"parent":26,"menu_order":0,"comment_status":"closed","ping_status":"closed","template":"","meta":[],"_links":{"self":[{"href":"https:\/\/krillan.eu\/cs\/wp-json\/wp\/v2\/pages\/459"}],"collection":[{"href":"https:\/\/krillan.eu\/cs\/wp-json\/wp\/v2\/pages"}],"about":[{"href":"https:\/\/krillan.eu\/cs\/wp-json\/wp\/v2\/types\/page"}],"author":[{"embeddable":true,"href":"https:\/\/krillan.eu\/cs\/wp-json\/wp\/v2\/users\/3"}],"replies":[{"embeddable":true,"href":"https:\/\/krillan.eu\/cs\/wp-json\/wp\/v2\/comments?post=459"}],"version-history":[{"count":46,"href":"https:\/\/krillan.eu\/cs\/wp-json\/wp\/v2\/pages\/459\/revisions"}],"predecessor-version":[{"id":2075,"href":"https:\/\/krillan.eu\/cs\/wp-json\/wp\/v2\/pages\/459\/revisions\/2075"}],"up":[{"embeddable":true,"href":"https:\/\/krillan.eu\/cs\/wp-json\/wp\/v2\/pages\/26"}],"wp:attachment":[{"href":"https:\/\/krillan.eu\/cs\/wp-json\/wp\/v2\/media?parent=459"}],"curies":[{"name":"wp","href":"https:\/\/api.w.org\/{rel}","templated":true}]}}