{"id":457,"date":"2015-10-28T12:09:16","date_gmt":"2015-10-28T12:09:16","guid":{"rendered":"http:\/\/krillan.eu\/?page_id=457"},"modified":"2016-04-29T08:26:33","modified_gmt":"2016-04-29T08:26:33","slug":"joints-health-2","status":"publish","type":"page","link":"https:\/\/krillan.eu\/cs\/health-benefits\/joints-health-2\/","title":{"rendered":"Zdrav\u00e9 klouby"},"content":{"rendered":"<div class=\"clearboth\"><\/div><\/div><\/div><\/div><div id=\"mk-page-section-69d829e892ba2\" data-intro-effect=\"false\" class=\"full-width-69d829e892ba2  full-height-false mk-page-section self-hosted mk-blur-parent mk-shortcode  \" ><div class=\"mk-video-color-mask\"><\/div><div class=\"background-clipper\"><\/div><div class=\"mk-grid vc_row-fluid page-section-content\"><div class=\"mk-padding-wrapper\">\n\t<div style=\"\" class=\"vc_col-sm-6 wpb_column column_container \">\n\t\t\t<div style=\"padding: 40px 0 20px;\" class=\"mk-divider mk-shortcode divider_full_width left padding_space \"><div class=\"divider-inner\" style=\"\"><\/div><\/div><div class=\"clearboth\"><\/div><div class=\"mk-image-shortcode mk-shortcode   align-left simple-frame inside-image \" style=\"max-width: 350px; margin-bottom:10px\"><div class=\"mk-image-inner\"><img class=\"lightbox-false\" alt=\"\" title=\"\" src=\"http:\/\/krillan.eu\/wp-content\/uploads\/2015\/10\/effects_xray_joint-SMALL.jpg\" \/><\/div><div class=\"clearboth\"><\/div><\/div>\n\t<\/div>\n\t<div style=\"\" class=\"vc_col-sm-6 wpb_column column_container \">\n\t\t\t<div style=\"padding: 40px 0 20px;\" class=\"mk-divider mk-shortcode divider_full_width center padding_space \"><div class=\"divider-inner\" style=\"\"><\/div><\/div><div class=\"clearboth\"><\/div><h2 style=\"font-size: 18px;text-align:left;color: #dd3333;font-style:inherit;font-weight:inherit;padding-top:0px;padding-bottom:20px; text-transform:initial;letter-spacing:0px;\" id=\"fancy-title-69d829e896b7a\" class=\"mk-shortcode mk-fancy-title fancy-title-align-left simple-style \"><span style=\"\">\n<p style=\"text-align: center;\"><span style=\"font-size: 18pt;\">Omega-3\u00a0fosfolipidy pro zdrav\u00e9 kosti a klouby<\/span><\/p>\n<\/span><\/h2><div class=\"clearboth\"><\/div>\t<div style=\"text-align: center;\" class=\"mk-text-block  true\"><p style=\"text-align: center;\"><span style=\"font-size: 14pt;\">Nemoci a poruchy\u00a0pohybov\u00e9ho apar\u00e1tu<\/span><\/p>\n<p style=\"text-align: center;\">Onemocn\u011bn\u00ed a poruchy kost\u00ed a kloub\u016f tr\u00e1p\u00ed dnes t\u00e9m\u011b\u0159 ka\u017ed\u00e9ho. P\u016fsob\u00ed pot\u00ed\u017ee a bolesti, kter\u00e9 jsou pro ka\u017edodenn\u00ed pohyb\u00a0mnohdy zna\u010dn\u011b\u00a0omezuj\u00edc\u00ed. Nej\u010dast\u011bji m\u016f\u017eeme hovo\u0159it\u00a0o neobvykl\u00e9m kostn\u00edm metabolismu doprov\u00e1zan\u00e9m \u0159\u00eddnut\u00edm kost\u00ed nebo o z\u00e1n\u011btliv\u00fdch procesech v kloubech.<\/p>\n<p style=\"text-align: center;\"><em><span style=\"color: #aa1d1b;\">Omega-3 fosfolipidy jsou d\u016fle\u017eitou slo\u017ekou na\u0161\u00ed stravy. Mimo jin\u00e9 i zm\u00edr\u0148uj\u00ed pot\u00ed\u017ee spojen\u00e9 s onemocn\u011bn\u00edmi a poruchami kost\u00ed a kloub\u016f.<\/span><\/em><\/p>\n<div class=\"clearboth\"><\/div><\/div> \n\t<\/div><\/div><div class=\"clearboth\"><\/div><\/div><div class=\"clearboth\"><\/div><\/div><div class=\"mk-main-wrapper-holder\"><div class=\"theme-page-wrapper  -layout mk-grid vc_row-fluid row-fluid\"><div class=\"theme-content \"><div id=\"ajax-69d829e892ba2\" class=\"mk-dynamic-styles\"><!--  .full-width-69d829e892ba2 { min-height:100px; padding:10px 0 10px; margin-bottom:0px; } #background-layer--69d829e892ba2 { background-position:left top; background-repeat:repeat; ; } --><\/div><div class=\"wpb_row vc_row  vc_row-fluid  mk-fullwidth-false  attched-false vc_row-fluid\">\n\t<div style=\"\" class=\"vc_col-sm-12 wpb_column column_container \">\n\t\t\t<div style=\"padding: 10px 0 10px;\" class=\"mk-divider mk-shortcode divider_full_width center padding_space \"><div class=\"divider-inner\" style=\"\"><\/div><\/div><div class=\"clearboth\"><\/div><div class=\"mk-image-shortcode mk-shortcode   align-center simple-frame inside-image \" style=\"max-width: 30px; margin-bottom:10px\"><div class=\"mk-image-inner\"><img class=\"lightbox-false\" alt=\"\" title=\"\" src=\"http:\/\/krillan.eu\/wp-content\/uploads\/2015\/10\/symbol-5-kruhu-white.jpg\" \/><\/div><div class=\"clearboth\"><\/div><\/div><div style=\"padding: 20px 0 20px;\" class=\"mk-divider mk-shortcode divider_full_width center padding_space \"><div class=\"divider-inner\" style=\"\"><\/div><\/div><div class=\"clearboth\"><\/div>\t<div style=\"text-align: center;\" class=\"mk-text-block  true\"><p style=\"text-align: center;\"><span style=\"font-size: 14pt;\">Omega-3 mastn\u00e9 kyseliny v\u00e1zan\u00e9 na fosfolipidy zajist\u00ed zdrav\u00e9 klouby a kosti<\/span><\/p>\n<p style=\"text-align: center;\">Chcete si po cel\u00fd \u017eivot udr\u017eet kosti, chrupavky a klouby v nejlep\u0161\u00ed kondici? Zam\u011b\u0159te se v prvn\u00ed \u0159ad\u011b na sv\u00e9 stravov\u00e1n\u00ed. Omega-3 mastn\u00e9 kyseliny, obsa\u017een\u00e9 v n\u011bkter\u00fdch potravin\u00e1ch nebo v p\u0159\u00edpravku Krillan<sup>\u00ae<\/sup>, hraj\u00ed d\u016fle\u017eitou roli p\u0159i minimalizov\u00e1n\u00ed rizika onemocn\u011bn\u00ed \u010di poruchy pohybov\u00e9ho apar\u00e1tu. Omega-3 mastn\u00e9 kyseliny se pod\u00edlej\u00ed na sni\u017eov\u00e1n\u00ed bolesti nebo mohou zkr\u00e1tit dobu rann\u00ed ztuhlosti u pacient\u016f se z\u00e1n\u011btliv\u00fdm onemocn\u011bn\u00edm kloub\u016f.<\/p>\n<p style=\"text-align: center;\">P\u0159i u\u017e\u00edv\u00e1n\u00ed dopl\u0148k\u016f stravy s obsahem\u00a0omega-3 mastn\u00fdch kyselin lze mnohdy sn\u00ed\u017eit d\u00e1vky\u00a0nesteroidn\u00edch protiz\u00e1n\u011btliv\u00fdch l\u00e9k\u016f a l\u00e9k\u016f proti bolesti, nap\u0159. ibuprofenu. Omega-3 prepar\u00e1ty jsou bezpe\u010dn\u00e9 a bez ne\u017e\u00e1douc\u00edch \u00fa\u010dink\u016f. P\u0159edstavuj\u00ed zaj\u00edmavou alternativu k b\u011b\u017en\u011b pod\u00e1van\u00fdm l\u00e9k\u016fm.<\/p>\n<div class=\"clearboth\"><\/div><\/div> <div style=\"padding: 20px 0 20px;\" class=\"mk-divider mk-shortcode divider_full_width center padding_space \"><div class=\"divider-inner\" style=\"\"><\/div><\/div><div class=\"clearboth\"><\/div><div class=\"mk-image-shortcode mk-shortcode   align-center simple-frame inside-image \" style=\"max-width: 30px; margin-bottom:10px\"><div class=\"mk-image-inner\"><img class=\"lightbox-false\" alt=\"\" title=\"\" src=\"http:\/\/krillan.eu\/wp-content\/uploads\/2015\/10\/symbol-5-kruhu-white.jpg\" \/><\/div><div class=\"clearboth\"><\/div><\/div><div style=\"padding: 20px 0 20px;\" class=\"mk-divider mk-shortcode divider_full_width center padding_space \"><div class=\"divider-inner\" style=\"\"><\/div><\/div><div class=\"clearboth\"><\/div>\n\t<\/div><\/div><div class=\"wpb_row vc_row  vc_row-fluid  mk-fullwidth-false  attched-false vc_row-fluid vc_custom_1447106557405\">\n\t<div style=\"\" class=\"vc_col-sm-3 wpb_column column_container \">\n\t\t\t<div style=\"padding: 20px 0 40px;\" class=\"mk-divider mk-shortcode divider_full_width center padding_space \"><div class=\"divider-inner\" style=\"\"><\/div><\/div><div class=\"clearboth\"><\/div><div class=\"mk-image-shortcode mk-shortcode   align-center simple-frame inside-image \" style=\"max-width: 350px; margin-bottom:10px\"><div class=\"mk-image-inner\"><img class=\"lightbox-false\" alt=\"\" title=\"\" src=\"http:\/\/krillan.eu\/wp-content\/uploads\/2015\/10\/Krillan-benefits-joints-CZ-kopie.jpg\" \/><\/div><div class=\"clearboth\"><\/div><\/div>\n\t<\/div>\n\t<div style=\"\" class=\"vc_col-sm-1 wpb_column column_container \">\n\t\t\t\n\t<\/div>\n\t<div style=\"\" class=\"vc_col-sm-8 wpb_column column_container \">\n\t\t\t\t<div style=\"text-align: center;\" class=\"mk-text-block  true\"><p style=\"text-align: center;\"><span style=\"font-size: 14pt;\">Jak ovliv\u0148uj\u00ed mechanismy omega-3 fosfolipid\u016f zdrav\u00ed pohybov\u00e9ho apar\u00e1tu?<\/span><\/p>\n<p style=\"text-align: center;\">Omega-3 mastn\u00e9 kyseliny maj\u00ed pozitivn\u00ed vliv na\u00a0metabolismus kost\u00ed, potla\u010duj\u00ed z\u00e1n\u011btliv\u00e9 reakce v kostech a kloubech, pom\u00e1haj\u00ed na lok\u00e1ln\u00ed z\u00e1n\u011bty a zpomaluj\u00ed degeneraci chrupavky. R\u016fst kostry a tvorba kost\u00ed prob\u00edhaj\u00ed v obdob\u00ed d\u011btstv\u00ed a adolescence. Kosti dos\u00e1hnou sv\u00e9ho vrcholu v ran\u00e9 dosp\u011blosti. \u0158\u00eddnut\u00ed kost\u00ed a osifikace (kostnat\u011bn\u00ed) se v\u0161ak m\u016f\u017ee objevit kdykoliv v pr\u016fb\u011bhu \u017eivota.<\/p>\n<p style=\"text-align: center;\">Omega-3 mastn\u00e9 kyseliny maj\u00ed p\u0159\u00edzniv\u00fd vliv na r\u016fst kostry v d\u011btsk\u00e9m v\u011bku a v adolescenci. Maj\u00ed pozitivn\u00ed \u00fa\u010dinky\u00a0tak\u00e9 p\u0159i kostnat\u011bn\u00ed. Pom\u00e1haj\u00ed udr\u017eet zdrav\u00fd pohybov\u00fd apar\u00e1t v ka\u017ed\u00e9m v\u011bku. P\u0159edpokl\u00e1d\u00e1 se rovn\u011b\u017e, \u017ee omega-3 mastn\u00e9 kyseliny hraj\u00ed roli v odd\u00e1len\u00ed degradace kloubn\u00edch chrupavek a sni\u017euj\u00ed projevy artritidy.<\/p>\n<p style=\"text-align: center;\">P\u0159i z\u00e1n\u011btech t\u011blo produkuje z\u00e1n\u011btliv\u00e9 bu\u0148ky. Omega-3 mastn\u00e9 kyseliny mohou ovlivnit z\u00e1n\u011btliv\u00e9 reakce v kloubech. P\u0159\u00edtomnost omega-3 fosfolipid\u016f v bun\u011b\u010dn\u00fdch membr\u00e1n\u00e1ch vede k m\u00e9n\u011b intenzivn\u00edmu z\u00e1n\u011btu a ke sn\u00ed\u017een\u00ed produkce \u0161kodliv\u00fdch a z\u00e1n\u011btliv\u00fdch bun\u011bk. Vyv\u00e1\u017een\u00e1 hladina omega-3 mastn\u00fdch kyselin p\u0159isp\u00edv\u00e1 k leh\u010d\u00edmu pr\u016fb\u011bhu z\u00e1n\u011btliv\u00fdch proces\u016f v kloubech a zm\u00edr\u0148uje p\u0159\u00edznaky i z\u00e1va\u017enost revmatick\u00e9 artritidy.<\/p>\n<div class=\"clearboth\"><\/div><\/div> \n\t<\/div><\/div><div class=\"wpb_row vc_row  vc_row-fluid  mk-fullwidth-false  attched-false vc_row-fluid\">\n\t<div style=\"\" class=\"vc_col-sm-12 wpb_column column_container \">\n\t\t\t<div style=\"padding: 20px 0 20px;\" class=\"mk-divider mk-shortcode divider_full_width center padding_space \"><div class=\"divider-inner\" style=\"\"><\/div><\/div><div class=\"clearboth\"><\/div><div class=\"mk-image-shortcode mk-shortcode   align-center simple-frame inside-image \" style=\"max-width: 30px; margin-bottom:10px\"><div class=\"mk-image-inner\"><img class=\"lightbox-false\" alt=\"\" title=\"\" src=\"http:\/\/krillan.eu\/wp-content\/uploads\/2015\/10\/symbol-5-kruhu-white.jpg\" \/><\/div><div class=\"clearboth\"><\/div><\/div><div style=\"padding: 20px 0 20px;\" class=\"mk-divider mk-shortcode divider_full_width center padding_space \"><div class=\"divider-inner\" style=\"\"><\/div><\/div><div class=\"clearboth\"><\/div>\n\t<\/div><\/div><div class=\"wpb_row vc_row  vc_row-fluid  mk-fullwidth-false  attched-false vc_row-fluid\">\n\t<div style=\"\" class=\"vc_col-sm-12 wpb_column column_container \">\n\t\t\t\t<div style=\"text-align: center;\" class=\"mk-text-block  true\"><p style=\"text-align: center;\"><span style=\"font-size: 14pt; color: #ff0000;\">Dopln\u011bk stravy Krillan<sup>\u00ae<\/sup> dod\u00e1v\u00e1 fosfatidylcholin<\/span><\/p>\n<p style=\"text-align: center;\" align=\"JUSTIFY\">Krilov\u00fd olej poskytuje omega-3 fosfolipidy, p\u0159edev\u0161\u00edm fosfatidylcholin (lecitin). Ve srovn\u00e1n\u00ed s triglyceridy maj\u00ed fosfolipidy v p\u0159eprav\u011b mastn\u00fdch kyselin v krvi mnohem v\u011bt\u0161\u00ed v\u00fdznam.<\/p>\n<p style=\"text-align: center;\">Fosfatidylcholin je nezbytn\u00fd pro transport mastn\u00fdch kyselin z jater do tk\u00e1n\u00ed a ovliv\u0148uje rozlo\u017een\u00ed mastn\u00fdch kyselin i v dal\u0161\u00edch org\u00e1nech. Fosfolipidy jsou d\u016fle\u017eit\u00e9 pro synt\u00e9zu \u010d\u00e1stic, kter\u00e9 dopravuj\u00ed lipidy v krvi.<\/p>\n<p style=\"text-align: center;\">P\u0159\u00edpravek Krillan<sup>\u00ae\u00a0<\/sup>je bohat\u00fd na omega-3 fosfolipidy a \u00fa\u010dinn\u011b p\u016fsob\u00ed na zdrav\u00ed cel\u00e9ho pohybov\u00e9ho apar\u00e1tu.<\/p>\n<div class=\"clearboth\"><\/div><\/div> \n\t<\/div><\/div><div class=\"wpb_row vc_row  vc_row-fluid  mk-fullwidth-false  attched-false vc_row-fluid vc_custom_1447199435656\">\n\t<div style=\"\" class=\"vc_col-sm-12 wpb_column column_container \">\n\t\t\t<div style=\"padding: 40px 0 20px;\" class=\"mk-divider mk-shortcode divider_full_width center padding_space \"><div class=\"divider-inner\" style=\"\"><\/div><\/div><div class=\"clearboth\"><\/div><div class=\"mk-image-shortcode mk-shortcode   align-center simple-frame inside-image \" style=\"max-width: 350px; margin-bottom:10px\"><div class=\"mk-image-inner\"><img class=\"lightbox-false\" alt=\"\" title=\"\" src=\"http:\/\/krillan.eu\/wp-content\/uploads\/2015\/10\/joints-print-white.jpg\" \/><\/div><div class=\"clearboth\"><\/div><\/div><div style=\"padding: 30px 0 50px;\" class=\"mk-divider mk-shortcode divider_full_width center padding_space \"><div class=\"divider-inner\" style=\"\"><\/div><\/div><div class=\"clearboth\"><\/div>\n\t<\/div><\/div>","protected":false},"excerpt":{"rendered":"Omega-3\u00a0fosfolipidy pro zdrav\u00e9 kosti a klouby Nemoci a poruchy\u00a0pohybov\u00e9ho apar\u00e1tu Onemocn\u011bn\u00ed a poruchy kost\u00ed a kloub\u016f tr\u00e1p\u00ed dnes t\u00e9m\u011b\u0159 ka\u017ed\u00e9ho. P\u016fsob\u00ed pot\u00ed\u017ee a bolesti, kter\u00e9 jsou pro ka\u017edodenn\u00ed pohyb\u00a0mnohdy zna\u010dn\u011b\u00a0omezuj\u00edc\u00ed. Nej\u010dast\u011bji m\u016f\u017eeme hovo\u0159it\u00a0o neobvykl\u00e9m kostn\u00edm metabolismu doprov\u00e1zan\u00e9m \u0159\u00eddnut\u00edm kost\u00ed nebo o z\u00e1n\u011btliv\u00fdch procesech v kloubech. Omega-3 fosfolipidy jsou d\u016fle\u017eitou slo\u017ekou na\u0161\u00ed stravy. Mimo jin\u00e9 i [...]","protected":false},"author":3,"featured_media":0,"parent":26,"menu_order":0,"comment_status":"closed","ping_status":"closed","template":"","meta":[],"_links":{"self":[{"href":"https:\/\/krillan.eu\/cs\/wp-json\/wp\/v2\/pages\/457"}],"collection":[{"href":"https:\/\/krillan.eu\/cs\/wp-json\/wp\/v2\/pages"}],"about":[{"href":"https:\/\/krillan.eu\/cs\/wp-json\/wp\/v2\/types\/page"}],"author":[{"embeddable":true,"href":"https:\/\/krillan.eu\/cs\/wp-json\/wp\/v2\/users\/3"}],"replies":[{"embeddable":true,"href":"https:\/\/krillan.eu\/cs\/wp-json\/wp\/v2\/comments?post=457"}],"version-history":[{"count":32,"href":"https:\/\/krillan.eu\/cs\/wp-json\/wp\/v2\/pages\/457\/revisions"}],"predecessor-version":[{"id":2051,"href":"https:\/\/krillan.eu\/cs\/wp-json\/wp\/v2\/pages\/457\/revisions\/2051"}],"up":[{"embeddable":true,"href":"https:\/\/krillan.eu\/cs\/wp-json\/wp\/v2\/pages\/26"}],"wp:attachment":[{"href":"https:\/\/krillan.eu\/cs\/wp-json\/wp\/v2\/media?parent=457"}],"curies":[{"name":"wp","href":"https:\/\/api.w.org\/{rel}","templated":true}]}}