{"id":26,"date":"2015-10-26T11:06:33","date_gmt":"2015-10-26T11:06:33","guid":{"rendered":"http:\/\/krillan.eu.uvirt45.active24.cz\/?page_id=26"},"modified":"2019-01-25T16:27:56","modified_gmt":"2019-01-25T16:27:56","slug":"health-benefits","status":"publish","type":"page","link":"https:\/\/krillan.eu\/cs\/health-benefits\/","title":{"rendered":"P\u0158\u00cdNOSY PRO ZDRAV\u00cd"},"content":{"rendered":"<div class=\"wpb_row vc_row  vc_row-fluid  mk-fullwidth-false  attched-false vc_row-fluid\">\n\t<div style=\"\" class=\"vc_col-sm-12 wpb_column column_container \">\n\t\t\t<div class=\"clearboth\"><\/div><div class=\"mk-shortcode mk-padding-shortcode\" style=\"height:90px\"><\/div><div class=\"clearboth\"><\/div><div class=\"wpb_row vc_inner vc_row  vc_row-fluid   attched-false vc_row-fluid\"><div class=\"wpb_column vc_column_container vc_col-sm-4\"><div class=\"wpb_wrapper\"><div class=\"mk-circle-image  mk-shortcode  \"><span class=\"item-holder\"><img alt=\"\" title=\"\" src=\"http:\/\/krillan.eu\/wp-content\/uploads\/bfi_thumb\/effects_xray_heart-SMALL-mp1ntpx7pjwxqkhe0a1tomko4c4bk2c0nioia7umh0.jpg\" \/><\/span><\/div><div class=\"clearboth\"><\/div><div style=\"padding: 30px 0 0px;\" class=\"mk-divider mk-shortcode divider_full_width center padding_space \"><div class=\"divider-inner\" style=\"\"><\/div><\/div><div class=\"clearboth\"><\/div><\/div><\/div><div class=\"wpb_column vc_column_container vc_col-sm-8\"><div class=\"wpb_wrapper\"><h2 style=\"font-size: 16px;text-align:left;color: #333333;font-style:inherit;font-weight:bold;padding-top:0px;padding-bottom:0px; text-transform:uppercase;letter-spacing:2px;\" id=\"fancy-title-69ecd3ba2a442\" class=\"mk-shortcode mk-fancy-title fancy-title-align-left simple-style \"><span style=\"\"><a href=\"http:\/\/krillan.eu\/cs\/health-benefits\/heart-health\/\">Zdrav\u00e9 srdce<\/a><\/span><\/h2><div class=\"clearboth\"><\/div>\t<div style=\"text-align: left;\" class=\"mk-text-block  true\"><p>Nemoci srdce a c\u00e9v pat\u0159\u00ed mezi kardiovaskul\u00e1rn\u00ed onemocn\u011bn\u00ed. Propuknut\u00ed i pr\u016fb\u011bh onemocn\u011bn\u00ed\u00a0mohou v\u00fdznamn\u011b ovlivnit stravovac\u00ed n\u00e1vyky, kter\u00e9 p\u0159edstavuj\u00ed rizikov\u00e9 faktory i zp\u016fsoby prevence.<\/p>\n<p>Pacienti s diagnostikovan\u00fdm onemocn\u011bn\u00edm srdce nebo c\u00e9v\u00a0\u010dasto vykazuj\u00ed v\u00fdrazn\u011b ni\u017e\u0161\u00ed koncentraci omega-3 mastn\u00fdch kyselin v tk\u00e1n\u00edch, krvi a v \u010derven\u00fdch krvink\u00e1ch.<\/p>\n<p>Dostate\u010dn\u00fd p\u0159\u00edjem omega-3 mastn\u00fdch kyselin ve strav\u011b m\u016f\u017ee slou\u017eit jako \u00fa\u010dinn\u00e9 preventivn\u00ed opat\u0159en\u00ed v boji s t\u011bmito nemocemi. Na\u0161e strava je zpravidla na tyto kyseliny chud\u00e1.<\/p>\n<div class=\"clearboth\"><\/div><\/div> <div class=\"mk-button-align left\"><a href=\"http:\/\/krillan.eu\/cs\/health-benefits\/heart-health\/\" target=\"_self\"  class=\"mk-button dark button-69ecd3ba2a9b2 light-color  flat-dimension small pointed   \"><span>\u010c\u00cdST V\u00cdCE<\/span><\/a><\/div>\n\n<div id=\"ajax-69ecd3ba2a9b2\" class=\"mk-dynamic-styles\"><!--  .button-69ecd3ba2a9b2 { margin-bottom: 15px; margin-top: 0px; min-width: 0px !important; } .button-69ecd3ba2a9b2 { background-color:#ce0000; } .mk-button.button-69ecd3ba2a9b2.flat-dimension:hover { background-color:#252525 !important; } --><\/div><div style=\"padding: 40px 0 60px;\" class=\"mk-divider mk-shortcode divider_full_width left thick_solid \"><div class=\"divider-inner\" style=\"\"><\/div><\/div><div class=\"clearboth\"><\/div><\/div><\/div><\/div><div class=\"wpb_row vc_inner vc_row  vc_row-fluid   attched-false vc_row-fluid\"><div class=\"wpb_column vc_column_container vc_col-sm-4\"><div class=\"wpb_wrapper\"><div class=\"mk-circle-image  mk-shortcode  \"><span class=\"item-holder\"><img alt=\"\" title=\"\" src=\"http:\/\/krillan.eu\/wp-content\/uploads\/bfi_thumb\/effects_xray_brain-SMALL-mp1ntumenq3dcmak8u2yj3dz39h5mjuoc5xxolnnlw.jpg\" \/><\/span><\/div><div class=\"clearboth\"><\/div><div style=\"padding: 30px 0 0px;\" class=\"mk-divider mk-shortcode divider_full_width center padding_space \"><div class=\"divider-inner\" style=\"\"><\/div><\/div><div class=\"clearboth\"><\/div><\/div><\/div><div class=\"wpb_column vc_column_container vc_col-sm-8\"><div class=\"wpb_wrapper\"><h2 style=\"font-size: 16px;text-align:left;color: #333333;font-style:inherit;font-weight:bold;padding-top:0px;padding-bottom:0px; text-transform:uppercase;letter-spacing:2px;\" id=\"fancy-title-69ecd3ba2c7b5\" class=\"mk-shortcode mk-fancy-title fancy-title-align-left simple-style \"><span style=\"\"><a href=\"http:\/\/krillan.eu\/cs\/health-benefits\/brain-health\/\">Zdrav\u00fd mozek<\/a><\/span><\/h2><div class=\"clearboth\"><\/div>\t<div style=\"text-align: left;\" class=\"mk-text-block  true\"><p>Omega-3 mastn\u00e9 kyseliny jsou rozhoduj\u00edc\u00ed sou\u010d\u00e1st\u00ed na\u0161eho centr\u00e1ln\u00edho nervov\u00e9ho syst\u00e9mu a jsou nezbytn\u00e9 pro jeho spr\u00e1vn\u00e9 fungov\u00e1n\u00ed. Pat\u0159\u00ed mezi n\u011b kyselina dokosahexaenov\u00e1 (DHA), kter\u00e1 p\u0159edstavuje nejb\u011b\u017en\u011bj\u0161\u00ed mastnou kyselinou v lidsk\u00e9m mozku &#8211; p\u0159edstavuje a\u017e 15 % ze v\u0161ech mastn\u00fdch kyselin.<\/p>\n<p>Studie prok\u00e1zaly, \u017ee do mozkov\u00e9 tk\u00e1n\u011b se p\u0159ednostn\u011b p\u0159en\u00e1\u0161ej\u00ed omega-3 mastn\u00e9 kyseliny v\u00e1zan\u00e9 na fosfolipidy, v porovn\u00e1n\u00ed s omega-3 mastn\u00fdmi kyselinami v\u00e1zan\u00fdmi na triglyceridy. Toto tvrzen\u00ed podporuje i skute\u010dnost, \u017ee mate\u0159sk\u00e9 ml\u00e9ko obsahuje omega-3 mastn\u00e9 kyseliny, kter\u00e9 jsou v\u011bt\u0161inou v\u00e1zan\u00e9 pr\u00e1v\u011b na fosfolipidy.<\/p>\n<div class=\"clearboth\"><\/div><\/div> <div class=\"mk-button-align left\"><a href=\"http:\/\/krillan.eu\/cs\/health-benefits\/brain-health\/\" target=\"_self\"  class=\"mk-button dark button-69ecd3ba2cd31 light-color  flat-dimension small pointed   \"><span>\u010c\u00cdST V\u00cdCE<\/span><\/a><\/div>\n\n<div id=\"ajax-69ecd3ba2cd31\" class=\"mk-dynamic-styles\"><!--  .button-69ecd3ba2cd31 { margin-bottom: 15px; margin-top: 0px; min-width: 0px !important; } .button-69ecd3ba2cd31 { background-color:#ce0000; } .mk-button.button-69ecd3ba2cd31.flat-dimension:hover { background-color:#252525 !important; } --><\/div><div style=\"padding: 40px 0 60px;\" class=\"mk-divider mk-shortcode divider_full_width left thick_solid \"><div class=\"divider-inner\" style=\"\"><\/div><\/div><div class=\"clearboth\"><\/div><\/div><\/div><\/div><div class=\"wpb_row vc_inner vc_row  vc_row-fluid   attched-false vc_row-fluid\"><div class=\"wpb_column vc_column_container vc_col-sm-4\"><div class=\"wpb_wrapper\"><div class=\"mk-circle-image  mk-shortcode  \"><span class=\"item-holder\"><img alt=\"\" title=\"\" src=\"http:\/\/krillan.eu\/wp-content\/uploads\/bfi_thumb\/effects_xray_liver-2-mok4l9n9f3upmp0muicm42a5ye1vhhu0zx97opmekk.jpg\" \/><\/span><\/div><div class=\"clearboth\"><\/div><div style=\"padding: 30px 0 0px;\" class=\"mk-divider mk-shortcode divider_full_width center padding_space \"><div class=\"divider-inner\" style=\"\"><\/div><\/div><div class=\"clearboth\"><\/div><\/div><\/div><div class=\"wpb_column vc_column_container vc_col-sm-8\"><div class=\"wpb_wrapper\"><h2 style=\"font-size: 16px;text-align:left;color: #333333;font-style:inherit;font-weight:bold;padding-top:0px;padding-bottom:0px; text-transform:uppercase;letter-spacing:2px;\" id=\"fancy-title-69ecd3ba2eb57\" class=\"mk-shortcode mk-fancy-title fancy-title-align-left simple-style \"><span style=\"\"><a href=\"http:\/\/krillan.eu\/health-benefits\/czech-zdrava-jatra\/\">Zdrav\u00e1 j\u00e1tra<\/a><\/span><\/h2><div class=\"clearboth\"><\/div>\t<div style=\"text-align: left;\" class=\"mk-text-block  true\"><p>U\u017e\u00edv\u00e1n\u00edm dopl\u0148ku stravy Krillan<sup>\u00ae<\/sup> s krilov\u00fdm olejem m\u016f\u017eete p\u0159edej\u00edt\u00a0ukl\u00e1d\u00e1n\u00ed tuk\u016f v j\u00e1trech. Z\u00e1rove\u0148 je \u00fa\u010dinnou prevenc\u00ed z\u00e1n\u011btliv\u00fdch proces\u016f a pozitivn\u011b ovliv\u0148uje metabolismus.<\/p>\n<p>J\u00e1tra jsou nejv\u011bt\u0161\u00edm org\u00e1nem lidsk\u00e9ho t\u011bla. Hraj\u00ed kl\u00ed\u010dovou roli pro metabolismus a detoxikaci organismu. Jsou centrem l\u00e1tkov\u00e9 v\u00fdm\u011bny.<\/p>\n<p>J\u00e1tra funguj\u00ed jako filtr. Jejich hlavn\u00edm \u00fakolem je odv\u00e9st z t\u011bla ve\u0161ker\u00e9 \u0161kodliviny. Po\u0161kozuje je \u010dast\u00e1 konzumace alkoholu, \u0161patn\u00e1 \u017eivotospr\u00e1va, stres a dokonce i n\u011bkter\u00e9 l\u00e9ky. Selh\u00e1n\u00ed jater v\u00e1s m\u016f\u017ee ohrozit i na \u017eivot\u011b.<\/p>\n<div class=\"clearboth\"><\/div><\/div> <div class=\"mk-button-align left\"><a href=\"http:\/\/krillan.eu\/cs\/health-benefits\/czech-zdrava-jatra\/\" target=\"_self\"  class=\"mk-button dark button-69ecd3ba2f10b light-color  flat-dimension small pointed   \"><span>\u010c\u00cdST V\u00cdCE<\/span><\/a><\/div>\n\n<div id=\"ajax-69ecd3ba2f10b\" class=\"mk-dynamic-styles\"><!--  .button-69ecd3ba2f10b { margin-bottom: 15px; margin-top: 0px; min-width: 0px !important; } .button-69ecd3ba2f10b { background-color:#ce0000; } .mk-button.button-69ecd3ba2f10b.flat-dimension:hover { background-color:#252525 !important; } --><\/div><div style=\"padding: 40px 0 00px;\" class=\"mk-divider mk-shortcode divider_full_width left thick_solid \"><div class=\"divider-inner\" style=\"\"><\/div><\/div><div class=\"clearboth\"><\/div><\/div><\/div><\/div><div class=\"wpb_row vc_inner vc_row  vc_row-fluid   attched-false vc_row-fluid\"><div class=\"wpb_column vc_column_container vc_col-sm-4\"><div class=\"wpb_wrapper\"><div style=\"padding: 30px 0 20px;\" class=\"mk-divider mk-shortcode divider_full_width center padding_space \"><div class=\"divider-inner\" style=\"\"><\/div><\/div><div class=\"clearboth\"><\/div><div class=\"mk-circle-image  mk-shortcode  \"><span class=\"item-holder\"><img alt=\"\" title=\"\" src=\"http:\/\/krillan.eu\/wp-content\/uploads\/bfi_thumb\/effects_xray_joint-SMALL-mp1ntrsw37zidsenpav2tm3lb3v1zgjhbrzh8rru4k.jpg\" \/><\/span><\/div><div class=\"clearboth\"><\/div><div style=\"padding: 30px 0 0px;\" class=\"mk-divider mk-shortcode divider_full_width center padding_space \"><div class=\"divider-inner\" style=\"\"><\/div><\/div><div class=\"clearboth\"><\/div><\/div><\/div><div class=\"wpb_column vc_column_container vc_col-sm-8\"><div class=\"wpb_wrapper\"><div style=\"padding: 30px 0 20px;\" class=\"mk-divider mk-shortcode divider_full_width center padding_space \"><div class=\"divider-inner\" style=\"\"><\/div><\/div><div class=\"clearboth\"><\/div><h2 style=\"font-size: 16px;text-align:left;color: #333333;font-style:inherit;font-weight:bold;padding-top:0px;padding-bottom:0px; text-transform:uppercase;letter-spacing:2px;\" id=\"fancy-title-69ecd3ba31266\" class=\"mk-shortcode mk-fancy-title fancy-title-align-left simple-style \"><span style=\"\"><a href=\"http:\/\/krillan.eu\/cs\/health-benefits\/joints-health-2\/\">Zdrav\u00e9 klouby<\/a><\/span><\/h2><div class=\"clearboth\"><\/div>\t<div style=\"text-align: left;\" class=\"mk-text-block  true\"><p style=\"text-align: left;\">Onemocn\u011bn\u00ed a poruchy kost\u00ed a kloub\u016f tr\u00e1p\u00ed dnes t\u00e9m\u011b\u0159 ka\u017ed\u00e9ho. P\u016fsob\u00ed pot\u00ed\u017ee a bolesti, kter\u00e9 jsou pro ka\u017edodenn\u00ed pohyb\u00a0mnohdy zna\u010dn\u011b\u00a0omezuj\u00edc\u00ed. Nej\u010dast\u011bji m\u016f\u017eeme hovo\u0159it\u00a0o neobvykl\u00e9m kostn\u00edm metabolismu doprov\u00e1zan\u00e9m \u0159\u00eddnut\u00edm kost\u00ed nebo o z\u00e1n\u011btliv\u00fdch procesech v kloubech.<\/p>\n<p style=\"text-align: left;\">Chcete si po cel\u00fd \u017eivot udr\u017eet kosti, chrupavky a klouby v nejlep\u0161\u00ed kondici? Zam\u011b\u0159te se v prvn\u00ed \u0159ad\u011b na sv\u00e9 stravov\u00e1n\u00ed. Omega-3 mastn\u00e9 kyseliny, obsa\u017een\u00e9 v n\u011bkter\u00fdch potravin\u00e1ch nebo v p\u0159\u00edpravku Krillan<sup>\u00ae<\/sup>, hraj\u00ed d\u016fle\u017eitou roli p\u0159i minimalizov\u00e1n\u00ed rizika onemocn\u011bn\u00ed \u010di poruchy pohybov\u00e9ho apar\u00e1tu.<\/p>\n<div class=\"clearboth\"><\/div><\/div> <div class=\"mk-button-align left\"><a href=\"http:\/\/krillan.eu\/cs\/health-benefits\/joints-health-2\/\" target=\"_self\"  class=\"mk-button dark button-69ecd3ba31812 light-color  flat-dimension small pointed   \"><span>\u010c\u00cdST V\u00cdCE<\/span><\/a><\/div>\n\n<div id=\"ajax-69ecd3ba31812\" class=\"mk-dynamic-styles\"><!--  .button-69ecd3ba31812 { margin-bottom: 15px; margin-top: 0px; min-width: 0px !important; } .button-69ecd3ba31812 { background-color:#ce0000; } .mk-button.button-69ecd3ba31812.flat-dimension:hover { background-color:#252525 !important; } --><\/div><div style=\"padding: 40px 0 00px;\" class=\"mk-divider mk-shortcode divider_full_width left thick_solid \"><div class=\"divider-inner\" style=\"\"><\/div><\/div><div class=\"clearboth\"><\/div><\/div><\/div><\/div>\n\t<\/div><\/div><div class=\"clearboth\"><\/div><\/div><\/div><\/div><div id=\"mk-page-section-69ecd3ba31d04\" data-intro-effect=\"false\" class=\"full-width-69ecd3ba31d04  full-height-false mk-page-section self-hosted mk-blur-parent mk-shortcode  \" ><div class=\"mk-video-color-mask\"><\/div><div class=\"background-clipper\"><\/div><div class=\"mk-grid vc_row-fluid page-section-content\"><div class=\"mk-padding-wrapper\">\n\t<div style=\"\" class=\"vc_col-sm-12 wpb_column column_container \">\n\t\t\t<div class=\"wpb_row vc_inner vc_row  vc_row-fluid   attched-false vc_row-fluid\"><div class=\"wpb_column vc_column_container vc_col-sm-6\"><div class=\"wpb_wrapper\"><h2 style=\"font-size: 20px;text-align:center;color: #333333;font-style:inherit;font-weight:bold;padding-top:0px;padding-bottom:0px; text-transform:uppercase;letter-spacing:1px;\" id=\"fancy-title-69ecd3ba3309e\" class=\"mk-shortcode mk-fancy-title fancy-title-align-center simple-style \"><span style=\"\">\n<p style=\"text-align: center;\"><a href=\"http:\/\/krillan.eu\/cs\/health-benefits\/general-health\/\">Zdrav\u00ed cel\u00e9ho t\u011bla<\/a><\/p>\n<\/span><\/h2><div class=\"clearboth\"><\/div>\t<div style=\" margin-bottom:60px;text-align: center;\" class=\"mk-text-block  true\"><p>Snaz\u0161\u00ed boj s obezitou<\/p>\n<p style=\"text-align: left;\">Pot\u0159ebujete shodit p\u0159ebyte\u010dn\u00e9 kilogramy? Zv\u00fd\u0161en\u00fd p\u0159\u00edjem omega-3 mastn\u00fdch kyselin z dopl\u0148ku stravy Krillan<sup>\u00ae<\/sup>\u00a0s krilov\u00fdm olejem v\u00e1m pom\u016f\u017ee s hubnut\u00edm. Dle proveden\u00fdch v\u00fdzkum\u016f\u00a0polynenasycen\u00e9 mastn\u00e9 kyseliny zlep\u0161uj\u00ed aktivitu enzym\u016f spaluj\u00edc\u00edch tuky a p\u0159isp\u00edvaj\u00ed ke sn\u00ed\u017een\u00ed synt\u00e9zy tuk\u016f&#8230;<\/p>\n<p>Zm\u00edrn\u011bn\u00ed PMS<\/p>\n<p>Premenstrua\u010dn\u00ed syndrom (PMS) zp\u016fsobuj\u00ed hormon\u00e1ln\u00ed zm\u011bny. Projevuje se nep\u0159\u00edjemn\u00fdmi p\u0159\u00edznaky, u mnoha \u017een ji\u017e dva t\u00fddny p\u0159ed menstruac\u00ed&#8230;<\/p>\n<p>Zdrav\u00e1 ple\u0165 a poko\u017eka<\/p>\n<p align=\"LEFT\">Omega-3 mastn\u00e9 kyseliny vyhlazuj\u00ed a hydratuj\u00ed ko\u017en\u00ed bu\u0148ky, tlum\u00ed z\u00e1n\u011bty a zarudnut\u00ed, mohou usp\u00ed\u0161it hojen\u00ed ran. Krilov\u00fd olej\u00a0je v\u00fdborn\u00fdm pomocn\u00edkem v boji proti akn\u00e9 a m\u00e1 tak\u00e9 v\u00fdznamn\u00fd anti-aging efekt&#8230;<\/p>\n<p>Ostr\u00fd zrak<\/p>\n<p align=\"LEFT\">Mastn\u00e9 kyseliny EPA a DHA pom\u00e1haj\u00ed udr\u017eovat o\u010di zdrav\u00e9, s\u00edtnici nezbytn\u011b vlhkou a podporuj\u00ed tvorbu slz. O\u010dn\u00ed bu\u0148ky chr\u00e1n\u00ed p\u0159ed po\u0161kozen\u00edm sluncem, sv\u011btlem, kysl\u00edkem i p\u0159ed vlivy, kter\u00e9 souvisej\u00ed s v\u011bkem&#8230;<\/p>\n<div class=\"clearboth\"><\/div><\/div> <div class=\"mk-button-align center\"><a href=\"\/health-benefits\/general-health\/\" target=\"_self\"  class=\"mk-button dark button-69ecd3ba336f7 light-color  flat-dimension medium pointed   \"><span>\u010c\u00cdST V\u00cdCE<\/span><\/a><\/div>\n\n<div id=\"ajax-69ecd3ba336f7\" class=\"mk-dynamic-styles\"><!--  .button-69ecd3ba336f7 { margin-bottom: 15px; margin-top: 0px; min-width: 0px !important; } .button-69ecd3ba336f7 { background-color:#c90000; } .mk-button.button-69ecd3ba336f7.flat-dimension:hover { background-color:#333333 !important; } --><\/div><\/div><\/div><div class=\"wpb_column vc_column_container vc_col-sm-6\"><div class=\"wpb_wrapper\"><div class=\"mk-image-shortcode mk-shortcode   align-center simple-frame inside-image \" style=\"max-width: 365px; margin-bottom:10px\"><div class=\"mk-image-inner\"><img class=\"lightbox-false\" alt=\"\" title=\"\" src=\"http:\/\/krillan.eu\/wp-content\/uploads\/bfi_thumb\/Efekty-postava-red-2-kopie-mok7pn8nwhdiae4zgllsg0n8rkemg5cmlsad7r150m.jpg\" \/><\/div><div class=\"clearboth\"><\/div><\/div><\/div><\/div><\/div><div class=\"wpb_row vc_inner vc_row  vc_row-fluid   attched-false vc_row-fluid\"><div class=\"wpb_column vc_column_container vc_col-sm-12\"><div class=\"wpb_wrapper\"><\/div><\/div><\/div>\n\t<\/div><\/div><div class=\"clearboth\"><\/div><\/div><div class=\"clearboth\"><\/div><\/div><div class=\"mk-main-wrapper-holder\"><div class=\"theme-page-wrapper  -layout mk-grid vc_row-fluid row-fluid\"><div class=\"theme-content \"><div id=\"ajax-69ecd3ba31d04\" class=\"mk-dynamic-styles\"><!--  .full-width-69ecd3ba31d04 { min-height:100px; padding:90px 0 80px; margin-bottom:0px; } #background-layer--69ecd3ba31d04 { background-position:left top; background-repeat:repeat; ; } --><\/div>","protected":false},"excerpt":{"rendered":"Zdrav\u00e9 srdce Nemoci srdce a c\u00e9v pat\u0159\u00ed mezi kardiovaskul\u00e1rn\u00ed onemocn\u011bn\u00ed. Propuknut\u00ed i pr\u016fb\u011bh onemocn\u011bn\u00ed\u00a0mohou v\u00fdznamn\u011b ovlivnit stravovac\u00ed n\u00e1vyky, kter\u00e9 p\u0159edstavuj\u00ed rizikov\u00e9 faktory i zp\u016fsoby prevence. Pacienti s diagnostikovan\u00fdm onemocn\u011bn\u00edm srdce nebo c\u00e9v\u00a0\u010dasto vykazuj\u00ed v\u00fdrazn\u011b ni\u017e\u0161\u00ed koncentraci omega-3 mastn\u00fdch kyselin v tk\u00e1n\u00edch, krvi a v \u010derven\u00fdch krvink\u00e1ch. Dostate\u010dn\u00fd p\u0159\u00edjem omega-3 mastn\u00fdch kyselin ve strav\u011b m\u016f\u017ee slou\u017eit [...]","protected":false},"author":3,"featured_media":0,"parent":0,"menu_order":0,"comment_status":"closed","ping_status":"closed","template":"","meta":[],"_links":{"self":[{"href":"https:\/\/krillan.eu\/cs\/wp-json\/wp\/v2\/pages\/26"}],"collection":[{"href":"https:\/\/krillan.eu\/cs\/wp-json\/wp\/v2\/pages"}],"about":[{"href":"https:\/\/krillan.eu\/cs\/wp-json\/wp\/v2\/types\/page"}],"author":[{"embeddable":true,"href":"https:\/\/krillan.eu\/cs\/wp-json\/wp\/v2\/users\/3"}],"replies":[{"embeddable":true,"href":"https:\/\/krillan.eu\/cs\/wp-json\/wp\/v2\/comments?post=26"}],"version-history":[{"count":53,"href":"https:\/\/krillan.eu\/cs\/wp-json\/wp\/v2\/pages\/26\/revisions"}],"predecessor-version":[{"id":2208,"href":"https:\/\/krillan.eu\/cs\/wp-json\/wp\/v2\/pages\/26\/revisions\/2208"}],"wp:attachment":[{"href":"https:\/\/krillan.eu\/cs\/wp-json\/wp\/v2\/media?parent=26"}],"curies":[{"name":"wp","href":"https:\/\/api.w.org\/{rel}","templated":true}]}}