{"id":21,"date":"2015-10-26T11:04:45","date_gmt":"2015-10-26T11:04:45","guid":{"rendered":"http:\/\/krillan.eu.uvirt45.active24.cz\/?page_id=21"},"modified":"2018-01-03T11:27:52","modified_gmt":"2018-01-03T11:27:52","slug":"krillan","status":"publish","type":"page","link":"https:\/\/krillan.eu\/cs\/krillan\/","title":{"rendered":"Krillan"},"content":{"rendered":"<div class=\"wpb_row vc_row  vc_row-fluid  mk-fullwidth-false  attched-false vc_row-fluid\">\n\t<div style=\"\" class=\"vc_col-sm-12 wpb_column column_container \">\n\t\t\t<div style=\"padding: 20px 0 20px;\" class=\"mk-divider mk-shortcode divider_full_width center padding_space \"><div class=\"divider-inner\" style=\"\"><\/div><\/div><div class=\"clearboth\"><\/div><div class=\"wpb_row vc_inner vc_row  vc_row-fluid   attched-false vc_row-fluid\"><div class=\"wpb_column vc_column_container vc_col-sm-4\"><div class=\"wpb_wrapper\"><div class=\"mk-circle-image  mk-shortcode  \"><span class=\"item-holder\"><img alt=\"\" title=\"\" src=\"http:\/\/krillan.eu\/wp-content\/uploads\/bfi_thumb\/KRILLAN1-mieid7e7w0ps1odfxabcxjb3ivgs1wz3gehq59qon8.jpg\" \/><\/span><\/div><div class=\"clearboth\"><\/div><div style=\"padding: 30px 0 0px;\" class=\"mk-divider mk-shortcode divider_full_width center padding_space \"><div class=\"divider-inner\" style=\"\"><\/div><\/div><div class=\"clearboth\"><\/div><\/div><\/div><div class=\"wpb_column vc_column_container vc_col-sm-8\"><div class=\"wpb_wrapper\"><h2 style=\"font-size: 16px;text-align:left;color: #333333;font-style:inherit;font-weight:bold;padding-top:0px;padding-bottom:0px; text-transform:uppercase;letter-spacing:2px;\" id=\"fancy-title-69d828a1cee05\" class=\"mk-shortcode mk-fancy-title fancy-title-align-left simple-style \"><span style=\"\"><a href=\"http:\/\/krillan.eu\/cs\/krillan\/krilan-superb-omega-3\/\">Krillan<sup>\u00ae<\/sup>&#8211; Omega-3 nejvy\u0161\u0161\u00ed kvality<\/a><\/span><\/h2><div class=\"clearboth\"><\/div>\t<div style=\"text-align: left;\" class=\"mk-text-block  true\"><p>Dopln\u011bk stravy Krillan<sup>\u00ae<\/sup>\u00a0se vyr\u00e1b\u00ed z krilov\u00e9ho oleje, z\u00edskan\u00e9ho z mal\u00fdch kor\u00fd\u0161\u016f (krilu), kte\u0159\u00ed na pohled p\u0159ipom\u00ednaj\u00ed krevety. \u017dij\u00ed v nedot\u010den\u00fdch vod\u00e1ch Antarktidy, v nej\u010dist\u0161\u00edm prost\u0159ed\u00ed na sv\u011bt\u011b.<\/p>\n<p style=\"text-align: left;\">To zaru\u010duje, \u017ee Krillan<sup>\u00ae<\/sup> je 100% bezpe\u010dn\u00fd, neobsahuje toxick\u00e9 polychlorovan\u00e9 bifenyly (PCB), rtu\u0165 ani jin\u00e9 zdrav\u00ed \u0161kodliv\u00e9 l\u00e1tky. Jeho u\u017e\u00edv\u00e1n\u00ed m\u016f\u017ee m\u00edt blahod\u00e1rn\u00e9 \u00fa\u010dinky na n\u00e1\u0161 organismus.<\/p>\n<p style=\"text-align: left;\">Jeliko\u017e se kril\u00a0\u017eiv\u00ed mo\u0159sk\u00fdm planktonem, bohat\u00fdm na omega-3 nenasycen\u00e9 mastn\u00e9 kyseliny,\u00a0tak jsou ned\u00edlnou sou\u010d\u00e1st\u00ed i z\u00edskan\u00e9ho krilov\u00e9ho oleje.<\/p>\n<div class=\"clearboth\"><\/div><\/div> <div class=\"mk-button-align left\"><a href=\"http:\/\/krillan.eu\/cs\/about-krillan\/krilan-superb-omega-3\/\" target=\"_self\"  class=\"mk-button dark button-69d828a1cf533 light-color  flat-dimension small pointed   \"><span>\u010c\u00cdST V\u00cdCE<\/span><\/a><\/div>\n\n<div id=\"ajax-69d828a1cf533\" class=\"mk-dynamic-styles\"><!--  .button-69d828a1cf533 { margin-bottom: 15px; margin-top: 0px; min-width: 0px !important; } .button-69d828a1cf533 { background-color:#ce0000; } .mk-button.button-69d828a1cf533.flat-dimension:hover { background-color:#252525 !important; } --><\/div><div style=\"padding: 40px 0 50px;\" class=\"mk-divider mk-shortcode divider_full_width center thick_solid \"><div class=\"divider-inner\" style=\"\"><\/div><\/div><div class=\"clearboth\"><\/div><\/div><\/div><\/div><div class=\"wpb_row vc_inner vc_row  vc_row-fluid   attched-false vc_row-fluid\"><div class=\"wpb_column vc_column_container vc_col-sm-4\"><div class=\"wpb_wrapper\"><div class=\"mk-circle-image  mk-shortcode  \"><span class=\"item-holder\"><img alt=\"\" title=\"\" src=\"http:\/\/krillan.eu\/wp-content\/uploads\/bfi_thumb\/capsules_group_31-mh5ub3qr47j4pyz4ggzbuegq5aeo7aa9b04hx1yzb8.jpg\" \/><\/span><\/div><div class=\"clearboth\"><\/div><div style=\"padding: 30px 0 0px;\" class=\"mk-divider mk-shortcode divider_full_width center padding_space \"><div class=\"divider-inner\" style=\"\"><\/div><\/div><div class=\"clearboth\"><\/div><\/div><\/div><div class=\"wpb_column vc_column_container vc_col-sm-8\"><div class=\"wpb_wrapper\"><h2 style=\"font-size: 16px;text-align:left;color: #333333;font-style:inherit;font-weight:bold;padding-top:0px;padding-bottom:0px; text-transform:uppercase;letter-spacing:2px;\" id=\"fancy-title-69d828a1d1643\" class=\"mk-shortcode mk-fancy-title fancy-title-align-left simple-style \"><span style=\"\"><a href=\"\/about-krillan\/product-composition\/\">Slo\u017een\u00ed dopl\u0148ku stravy<\/a><\/span><\/h2><div class=\"clearboth\"><\/div>\t<div style=\"text-align: left;\" class=\"mk-text-block  true\"><p>Krilov\u00fd olej obsahuje omega-3 mastn\u00e9 kyseliny v\u00e1zan\u00e9 na fosfolipidy, cholin a p\u0159\u00edrodn\u00ed antioxidant astaxanthin.<\/p>\n<p>Krillan<sup>\u00ae<\/sup> se z\u00edsk\u00e1v\u00e1 z antarktick\u00e9ho krilu, bohat\u00e9ho na omega-3 mastn\u00e9 kyseliny EPA a DHA (kyselinu eikosapentaenovou a kyselinu dokosahexaenovou).<\/p>\n<p>Antioxidant astaxanthin potla\u010duje voln\u00e9 radik\u00e1ly a chr\u00e1n\u00ed omega-3 mastn\u00e9 kyseliny p\u0159ed znehodnocen\u00edm oxidac\u00ed. Dopln\u011bk stravy Krillan<sup>\u00ae<\/sup> je tak st\u00e1le \u010derstv\u00fd i bez nutnosti p\u0159id\u00e1n\u00ed\u00a0um\u011bl\u00fdch aditiv pro prodlou\u017een\u00ed trvanlivosti.<\/p>\n<div class=\"clearboth\"><\/div><\/div> <div class=\"mk-button-align left\"><a href=\"\/about-krillan\/product-composition\/\" target=\"_self\"  class=\"mk-button dark button-69d828a1d1d44 light-color  flat-dimension small pointed   \"><span>\u010c\u00cdST V\u00cdCE<\/span><\/a><\/div>\n\n<div id=\"ajax-69d828a1d1d44\" class=\"mk-dynamic-styles\"><!--  .button-69d828a1d1d44 { margin-bottom: 15px; margin-top: 0px; min-width: 0px !important; } .button-69d828a1d1d44 { background-color:#ce0000; } .mk-button.button-69d828a1d1d44.flat-dimension:hover { background-color:#252525 !important; } --><\/div><div style=\"padding: 40px 0 50px;\" class=\"mk-divider mk-shortcode divider_full_width center thick_solid \"><div class=\"divider-inner\" style=\"\"><\/div><\/div><div class=\"clearboth\"><\/div><\/div><\/div><\/div><div class=\"wpb_row vc_inner vc_row  vc_row-fluid   attched-false vc_row-fluid\"><div class=\"wpb_column vc_column_container vc_col-sm-4\"><div class=\"wpb_wrapper\"><div class=\"mk-circle-image  mk-shortcode  \"><span class=\"item-holder\"><img alt=\"\" title=\"\" src=\"http:\/\/krillan.eu\/wp-content\/uploads\/bfi_thumb\/How-does-it-work4-miecxk9jeew9jijzc7vtgem8eprgxvacw28h6xtlqc.jpg\" \/><\/span><\/div><div class=\"clearboth\"><\/div><div style=\"padding: 30px 0 0px;\" class=\"mk-divider mk-shortcode divider_full_width center padding_space \"><div class=\"divider-inner\" style=\"\"><\/div><\/div><div class=\"clearboth\"><\/div><\/div><\/div><div class=\"wpb_column vc_column_container vc_col-sm-8\"><div class=\"wpb_wrapper\"><h2 style=\"font-size: 16px;text-align:left;color: #333333;font-style:inherit;font-weight:bold;padding-top:0px;padding-bottom:0px; text-transform:uppercase;letter-spacing:2px;\" id=\"fancy-title-69d828a1d3e6c\" class=\"mk-shortcode mk-fancy-title fancy-title-align-left simple-style \"><span style=\"\"><a href=\"http:\/\/krillan.eu\/krillan\/how-does-it-work\/\">Pozitivn\u00ed dopady na organismus<\/a><\/span><\/h2><div class=\"clearboth\"><\/div>\t<div style=\"text-align: left;\" class=\"mk-text-block  true\"><p style=\"text-align: left;\">Krilov\u00fd olej obsahuje omega-3 fosfolipidy, kter\u00e9 se velmi podobaj\u00ed fosfolipid\u016fm v na\u0161ich bun\u011b\u010dn\u00fdch membr\u00e1n\u00e1ch a chr\u00e1n\u00ed n\u00e1s\u00a0p\u0159ed nebezpe\u010dn\u00fdmi toxiny, jim\u017e je na\u0161e t\u011blo neust\u00e1le vystaveno. S dopl\u0148kem stravy\u00a0Krillan<sup>\u00ae<\/sup> m\u00e1te jistotu, \u017ee sv\u00e9mu t\u011blu dod\u00e1te chyb\u011bj\u00edc\u00ed omega-3 mastn\u00e9 kyseliny EPA a DHA.<\/p>\n<p style=\"text-align: left;\">Fosfolipidy z krilov\u00e9ho oleje jsou lidsk\u00fdm organismem v\u00fdborn\u011b p\u0159ij\u00edm\u00e1ny.\u00a0P\u0159enos omega-3 do bun\u011b\u010dn\u00fdch membr\u00e1n prob\u00edh\u00e1 rychleji a celkov\u011b efektivn\u011bji pr\u00e1v\u011b d\u00edky obsa\u017een\u00fdm fosfolipid\u016fm. Omega-3 kyseliny EPA a DHA v bun\u011b\u010dn\u00fdch membr\u00e1n\u00e1ch pozitivn\u011b ovliv\u0148uj\u00ed nezbytnou tekutost membr\u00e1ny a signaliza\u010dn\u00ed i metabolick\u00e9 procesy.<\/p>\n<div class=\"clearboth\"><\/div><\/div> <div class=\"mk-button-align left\"><a href=\"http:\/\/krillan.eu\/cs\/krillan\/how-does-it-work\/\" target=\"_self\"  class=\"mk-button dark button-69d828a1d4582 light-color  flat-dimension small pointed   \"><span>\u010c\u00cdST V\u00cdCE<\/span><\/a><\/div>\n\n<div id=\"ajax-69d828a1d4582\" class=\"mk-dynamic-styles\"><!--  .button-69d828a1d4582 { margin-bottom: 15px; margin-top: 0px; min-width: 0px !important; } .button-69d828a1d4582 { background-color:#ce0000; } .mk-button.button-69d828a1d4582.flat-dimension:hover { background-color:#252525 !important; } --><\/div><div style=\"padding: 40px 0 50px;\" class=\"mk-divider mk-shortcode divider_full_width center thick_solid \"><div class=\"divider-inner\" style=\"\"><\/div><\/div><div class=\"clearboth\"><\/div><\/div><\/div><\/div><div class=\"wpb_row vc_inner vc_row  vc_row-fluid   attched-false vc_row-fluid\"><div class=\"wpb_column vc_column_container vc_col-sm-4\"><div class=\"wpb_wrapper\"><div class=\"mk-circle-image  mk-shortcode  \"><span class=\"item-holder\"><img alt=\"\" title=\"\" src=\"http:\/\/krillan.eu\/wp-content\/uploads\/bfi_thumb\/Face-with-capsule-2-mhcxn9tg2wx10su5nc516afvo1dlolk2s0iv2ingas.jpg\" \/><\/span><\/div><div class=\"clearboth\"><\/div><div style=\"padding: 30px 0 0px;\" class=\"mk-divider mk-shortcode divider_full_width center padding_space \"><div class=\"divider-inner\" style=\"\"><\/div><\/div><div class=\"clearboth\"><\/div><\/div><\/div><div class=\"wpb_column vc_column_container vc_col-sm-8\"><div class=\"wpb_wrapper\"><h2 style=\"font-size: 16px;text-align:left;color: #333333;font-style:inherit;font-weight:bold;padding-top:0px;padding-bottom:0px; text-transform:uppercase;letter-spacing:2px;\" id=\"fancy-title-69d828a1d669b\" class=\"mk-shortcode mk-fancy-title fancy-title-align-left simple-style \"><span style=\"\"><a href=\"http:\/\/krillan.eu\/krillan\/easy-to-take-capsules\/\">U\u017e\u00edv\u00e1n\u00ed p\u0159\u00edpravku<\/a><\/span><\/h2><div class=\"clearboth\"><\/div>\t<div style=\"text-align: left;\" class=\"mk-text-block  true\"><p style=\"text-align: left;\">Krilov\u00fd olej, obsa\u017een\u00fd v p\u0159\u00edpravku Krillan<sup>\u00ae<\/sup>, p\u0159edstavuje novou generaci omega-3 mastn\u00fdch kyselin. Ty jsou lehce vst\u0159ebateln\u00e9, 100% p\u0159\u00edrodn\u00ed a \u0161etrn\u00e9 k \u017eivotn\u00edmu prost\u0159ed\u00ed.<\/p>\n<p style=\"text-align: left;\">Krillan<sup>\u00ae<\/sup> je dostupn\u00fd v mal\u00fdch tobolk\u00e1ch, kter\u00e9 se snadno d\u00e1vkuj\u00ed a oproti b\u011b\u017en\u00e9mu ryb\u00edmu oleji ve v\u0161ech form\u00e1ch maj\u00ed mnoho v\u00fdhod.<\/p>\n<p>Prvn\u00edm benefitem je\u00a0men\u0161\u00ed velikost tobolek.\u00a0Jeliko\u017e t\u011blo vyu\u017e\u00edv\u00e1 omega-3 mastn\u00e9 kyseliny z krilov\u00e9ho oleje mnohem efektivn\u011bji ne\u017e omega-3 z ryb\u00edho oleje nebo z jak\u00e9hokoliv jin\u00e9ho zdroje, jsou takto pln\u011b dosta\u010duj\u00edc\u00ed. Ve srovn\u00e1n\u00ed s ryb\u00edm olejem tak sta\u010d\u00ed men\u0161\u00ed d\u00e1vka.<\/p>\n<div class=\"clearboth\"><\/div><\/div> <div class=\"mk-button-align left\"><a href=\"http:\/\/krillan.eu\/cs\/krillan\/easy-to-take-capsules\/\" target=\"_self\"  class=\"mk-button dark button-69d828a1d6dcb light-color  flat-dimension small pointed   \"><span>\u010c\u00cdST V\u00cdCE<\/span><\/a><\/div>\n\n<div id=\"ajax-69d828a1d6dcb\" class=\"mk-dynamic-styles\"><!--  .button-69d828a1d6dcb { margin-bottom: 15px; margin-top: 0px; min-width: 0px !important; } .button-69d828a1d6dcb { background-color:#ce0000; } .mk-button.button-69d828a1d6dcb.flat-dimension:hover { background-color:#252525 !important; } --><\/div><div style=\"padding: 40px 0 50px;\" class=\"mk-divider mk-shortcode divider_full_width center thick_solid \"><div class=\"divider-inner\" style=\"\"><\/div><\/div><div class=\"clearboth\"><\/div><\/div><\/div><\/div><div class=\"wpb_row vc_inner vc_row  vc_row-fluid   attched-false vc_row-fluid\"><div class=\"wpb_column vc_column_container vc_col-sm-4\"><div class=\"wpb_wrapper\"><div class=\"mk-circle-image  mk-shortcode  \"><span class=\"item-holder\"><img alt=\"\" title=\"\" src=\"http:\/\/krillan.eu\/wp-content\/uploads\/bfi_thumb\/Superba_jewel-mh5ucgmczle1hp04j23xg24p1bprbjoatq1qvfyibo.jpg\" \/><\/span><\/div><div class=\"clearboth\"><\/div><div style=\"padding: 30px 0 0px;\" class=\"mk-divider mk-shortcode divider_full_width center padding_space \"><div class=\"divider-inner\" style=\"\"><\/div><\/div><div class=\"clearboth\"><\/div><\/div><\/div><div class=\"wpb_column vc_column_container vc_col-sm-8\"><div class=\"wpb_wrapper\"><h2 style=\"font-size: 16px;text-align:left;color: #333333;font-style:inherit;font-weight:bold;padding-top:0px;padding-bottom:0px; text-transform:uppercase;letter-spacing:2px;\" id=\"fancy-title-69d828a1d8f5b\" class=\"mk-shortcode mk-fancy-title fancy-title-align-left simple-style \"><span style=\"\"><a href=\"\/about-krillan\/what-makes-krillan-unique\/\">Jedine\u010dnost krilov\u00e9ho oleje<\/a><\/span><\/h2><div class=\"clearboth\"><\/div>\t<div style=\"text-align: left;\" class=\"mk-text-block  true\"><p style=\"text-align: left;\">Jedine\u010dnost krilov\u00e9ho oleje, z\u00edskan\u00e9ho z antarktick\u00e9ho krilu, se ukr\u00fdv\u00e1 v omega-3 mastn\u00fdch kyselin\u00e1ch v\u00e1zan\u00fdch na fosfolipidy. Ty jsou dle proveden\u00fdch laboratorn\u00edch v\u00fdzkum\u016f a test\u016f mnohem l\u00e9pe vyu\u017eiteln\u00e9 pro lidsk\u00fd organismus ne\u017e kyseliny z jin\u00fdch potravinov\u00fdch dopl\u0148k\u016f (nap\u0159\u00edklad z tres\u010d\u00edch jater, tule\u0148\u016f \u010di z ryb\u00edho oleje, odkud se omega-3 kyseliny z\u00edsk\u00e1vaj\u00ed ve form\u011b triglycerid\u016f).<\/p>\n<p style=\"text-align: left;\">Krillan<sup>\u00ae<\/sup> obsahuje pouze \u010dist\u00fd krilov\u00fd olej, kter\u00fd je zdrojem prosp\u011b\u0161n\u00fdch l\u00e1tek pro n\u00e1\u0161 organismus, jeliko\u017e kril \u017eije v p\u0159irozen\u00e9m prost\u0159ed\u00ed, daleko od zne\u010di\u0161t\u011bn\u00ed a kontaminace t\u011b\u017ek\u00fdmi kovy.<\/p>\n<p style=\"text-align: left;\">Bezpe\u010dnost u\u017e\u00edv\u00e1n\u00ed tohoto p\u0159\u00edpravku potvrzuj\u00ed i proveden\u00e9 studie, kter\u00e9 pouk\u00e1zaly na n\u00edzkou toxicitu. Krilov\u00fd olej se tak st\u00e1v\u00e1 nenahraditeln\u00fdm dopl\u0148kem pro na\u0161e t\u011blo.<\/p>\n<div class=\"clearboth\"><\/div><\/div> <div class=\"mk-button-align left\"><a href=\"\/about-krillan\/what-makes-krillan-unique\/\" target=\"_self\"  class=\"mk-button dark button-69d828a1d969f light-color  flat-dimension small pointed   \"><span>\u010c\u00cdST V\u00cdCE<\/span><\/a><\/div>\n\n<div id=\"ajax-69d828a1d969f\" class=\"mk-dynamic-styles\"><!--  .button-69d828a1d969f { margin-bottom: 15px; margin-top: 0px; min-width: 0px !important; } .button-69d828a1d969f { background-color:#ce0000; } .mk-button.button-69d828a1d969f.flat-dimension:hover { background-color:#252525 !important; } --><\/div><div style=\"padding: 40px 0 50px;\" class=\"mk-divider mk-shortcode divider_full_width center thick_solid \"><div class=\"divider-inner\" style=\"\"><\/div><\/div><div class=\"clearboth\"><\/div><\/div><\/div><\/div><div class=\"wpb_row vc_inner vc_row  vc_row-fluid   attched-false vc_row-fluid\"><div class=\"wpb_column vc_column_container vc_col-sm-4\"><div class=\"wpb_wrapper\"><div class=\"mk-circle-image  mk-shortcode  \"><span class=\"item-holder\"><img alt=\"\" title=\"\" src=\"http:\/\/krillan.eu\/wp-content\/uploads\/bfi_thumb\/Zkumavka-small-e1446645328498-mhl15ognfmyw394jolokf29orbs65xmiai76nihmx0.jpg\" \/><\/span><\/div><div class=\"clearboth\"><\/div><div style=\"padding: 30px 0 0px;\" class=\"mk-divider mk-shortcode divider_full_width center padding_space \"><div class=\"divider-inner\" style=\"\"><\/div><\/div><div class=\"clearboth\"><\/div><\/div><\/div><div class=\"wpb_column vc_column_container vc_col-sm-8\"><div class=\"wpb_wrapper\"><h2 style=\"font-size: 16px;text-align:left;color: #333333;font-style:inherit;font-weight:bold;padding-top:0px;padding-bottom:0px; text-transform:uppercase;letter-spacing:2px;\" id=\"fancy-title-69d828a1dc53b\" class=\"mk-shortcode mk-fancy-title fancy-title-align-left simple-style \"><span style=\"\"><a href=\"http:\/\/krillan.eu\/about-krillan\/about-krill-oil\/\">Charakteristika krilov\u00e9ho oleje<\/a><\/span><\/h2><div class=\"clearboth\"><\/div>\t<div style=\"text-align: left;\" class=\"mk-text-block  true\"><p style=\"text-align: left;\">V krilov\u00e9m oleji se v\u011bt\u0161ina omega-3 mastn\u00fdch kyselin v\u00e1\u017ee na specifick\u00fd typ tuk\u016f &#8211; na fosfolipidy. Je tak dosa\u017eeno vynikaj\u00edc\u00edch vlastnost\u00ed dopl\u0148ku stravy Krillan<sup>\u00ae<\/sup>. U konkuren\u010dn\u00edch produkt\u016f se omega-3 mastn\u00e9 kyseliny v\u00e1\u017e\u00ed na triglyceridy a jejich vst\u0159eb\u00e1v\u00e1n\u00ed je mnohem slo\u017eit\u011bj\u0161\u00ed.<\/p>\n<p style=\"text-align: left;\">Mo\u0159\u0161t\u00ed kor\u00fd\u0161i se \u017eiv\u00ed \u0159asami, kter\u00e9 vytv\u00e1\u0159ej\u00ed z\u00e1kladn\u00ed omega-3 mastn\u00e9 kyseliny (kyselinu eikosapentaenovou EPA a kyselinu dokosahexaenovou DHA). N\u00e1sledn\u011b jsou tyto omega-3 kyseliny extrahov\u00e1ny do krilov\u00e9ho oleje spolu s fosfolipidy, cholinem a astaxanthinem.<\/p>\n<div class=\"clearboth\"><\/div><\/div> <div class=\"mk-button-align left\"><a href=\"http:\/\/krillan.eu\/cs\/about-krillan\/about-krill-oil\/\" target=\"_self\"  class=\"mk-button dark button-69d828a1dccef light-color  flat-dimension small pointed   \"><span>\u010c\u00cdST V\u00cdCE<\/span><\/a><\/div>\n\n<div id=\"ajax-69d828a1dccef\" class=\"mk-dynamic-styles\"><!--  .button-69d828a1dccef { margin-bottom: 15px; margin-top: 0px; min-width: 0px !important; } .button-69d828a1dccef { background-color:#ce0000; } .mk-button.button-69d828a1dccef.flat-dimension:hover { background-color:#252525 !important; } --><\/div><div style=\"padding: 40px 0 50px;\" class=\"mk-divider mk-shortcode divider_full_width center thick_solid \"><div class=\"divider-inner\" style=\"\"><\/div><\/div><div class=\"clearboth\"><\/div><\/div><\/div><\/div><div class=\"wpb_row vc_inner vc_row  vc_row-fluid   attched-false vc_row-fluid\"><div class=\"wpb_column vc_column_container vc_col-sm-4\"><div class=\"wpb_wrapper\"><div class=\"mk-circle-image  mk-shortcode  \"><span class=\"item-holder\"><img alt=\"\" title=\"\" src=\"http:\/\/krillan.eu\/wp-content\/uploads\/bfi_thumb\/1-Dollarphotoclub_47673547-mi66k8ajory367rsbgoy6ltdminzlom184w3t6lcg4.jpg\" \/><\/span><\/div><div class=\"clearboth\"><\/div><div style=\"padding: 30px 0 0px;\" class=\"mk-divider mk-shortcode divider_full_width center padding_space \"><div class=\"divider-inner\" style=\"\"><\/div><\/div><div class=\"clearboth\"><\/div><\/div><\/div><div class=\"wpb_column vc_column_container vc_col-sm-8\"><div class=\"wpb_wrapper\"><h2 style=\"font-size: 16px;text-align:left;color: #333333;font-style:inherit;font-weight:bold;padding-top:0px;padding-bottom:0px; text-transform:uppercase;letter-spacing:2px;\" id=\"fancy-title-69d828a1df02b\" class=\"mk-shortcode mk-fancy-title fancy-title-align-left simple-style \"><span style=\"\"><a href=\"http:\/\/krillan.eu\/about-krillan\/where-is-krill-oil-from\/\">Odkud se z\u00edsk\u00e1v\u00e1 krilov\u00fd olej<\/a><\/span><\/h2><div class=\"clearboth\"><\/div>\t<div style=\"text-align: left;\" class=\"mk-text-block  true\"><p style=\"text-align: left;\">Dopln\u011bk stravy Krillan<sup>\u00ae<\/sup> se vyr\u00e1b\u00ed z krilov\u00e9ho oleje. Poch\u00e1z\u00ed z jedine\u010dn\u00e9ho zdroje &#8211; antarktick\u00e9ho krilu. Ten se pohybuje v hejnech a \u017eiv\u00ed se mikroskopickou \u0159asou, bohatou na omega-3 mastn\u00e9 kyseliny a astaxanthin.<\/p>\n<p style=\"text-align: left;\">Siln\u00fd antioxidant astaxanthin p\u0159\u00edpravku Krillan<sup>\u00ae<\/sup> prop\u016fj\u010duje nezam\u011bnitelnou barvu a co je mnohem d\u016fle\u017eit\u011bj\u0161\u00ed, p\u016fsob\u00ed t\u00e9\u017e jako p\u0159\u00edrodn\u00ed konzervant.<\/p>\n<p>Kril se nach\u00e1z\u00ed na samotn\u00e9m po\u010d\u00e1tku potravinov\u00e9ho \u0159et\u011bzce. Obsahuje pouze minimum \u0161kodlivin. Je v n\u011bm zastoupen\u00a0p\u0159\u00edrodn\u00ed antioxidant astaxanthin, kter\u00fd pom\u00e1h\u00e1 zachov\u00e1vat vysok\u00fd obsah prosp\u011b\u0161n\u00fdch omega-3 mastn\u00fdch kyselin v dopl\u0148ku stravy Krillan<sup>\u00ae<\/sup>.<\/p>\n<div class=\"clearboth\"><\/div><\/div> <div class=\"mk-button-align left\"><a href=\"http:\/\/krillan.eu\/cs\/about-krillan\/where-is-krill-oil-from\/\" target=\"_self\"  class=\"mk-button dark button-69d828a1df77e light-color  flat-dimension small pointed   \"><span>\u010c\u00cdST V\u00cdCE<\/span><\/a><\/div>\n\n<div id=\"ajax-69d828a1df77e\" class=\"mk-dynamic-styles\"><!--  .button-69d828a1df77e { margin-bottom: 15px; margin-top: 0px; min-width: 0px !important; } .button-69d828a1df77e { background-color:#ce0000; } .mk-button.button-69d828a1df77e.flat-dimension:hover { background-color:#252525 !important; } --><\/div><div style=\"padding: 40px 0 50px;\" class=\"mk-divider mk-shortcode divider_full_width center thick_solid \"><div class=\"divider-inner\" style=\"\"><\/div><\/div><div class=\"clearboth\"><\/div><\/div><\/div><\/div><div class=\"wpb_row vc_inner vc_row  vc_row-fluid   attched-false vc_row-fluid\"><div class=\"wpb_column vc_column_container vc_col-sm-4\"><div class=\"wpb_wrapper\"><div class=\"mk-circle-image  mk-shortcode  \"><span class=\"item-holder\"><img alt=\"\" title=\"\" src=\"http:\/\/krillan.eu\/wp-content\/uploads\/bfi_thumb\/Sklence-dv\u011b-cel\u00e9-mh57egy1boo55isuqip6uztoowx4apjq9g49yynw3o.jpg\" \/><\/span><\/div><div class=\"clearboth\"><\/div><div style=\"padding: 30px 0 0px;\" class=\"mk-divider mk-shortcode divider_full_width center padding_space \"><div class=\"divider-inner\" style=\"\"><\/div><\/div><div class=\"clearboth\"><\/div><\/div><\/div><div class=\"wpb_column vc_column_container vc_col-sm-8\"><div class=\"wpb_wrapper\"><h2 style=\"font-size: 16px;text-align:left;color: #333333;font-style:inherit;font-weight:bold;padding-top:0px;padding-bottom:0px; text-transform:uppercase;letter-spacing:2px;\" id=\"fancy-title-69d828a1e1885\" class=\"mk-shortcode mk-fancy-title fancy-title-align-left simple-style \"><span style=\"\"><a href=\"http:\/\/krillan.eu\/cs\/krillan\/why-is-krill-oil-better-than-fish-oil\/\">Pro\u010d je krilov\u00fd olej lep\u0161\u00ed ne\u017e ryb\u00ed olej<\/a><\/span><\/h2><div class=\"clearboth\"><\/div>\t<div style=\"text-align: left;\" class=\"mk-text-block  true\"><p>Omega-3 mastn\u00e9 kyseliny EPA a DHA z krilov\u00e9ho oleje jsou extr\u00e9mn\u011b \u00fa\u010dinn\u00e9 d\u00edky prov\u00e1zanosti na fosfolipidy ve sv\u00e9 chemick\u00e9 struktu\u0159e. Ta zvy\u0161uje jejich vst\u0159ebatelnost a vyu\u017eitelnost v lidsk\u00e9m t\u011ble ve srovn\u00e1n\u00ed s b\u011b\u017en\u00fdmi p\u0159\u00edpravky z ryb\u00edho oleje. V nich se omega-3 mastn\u00e9 kyseliny standardn\u011b v\u00e1\u017eou na triglyceridy.<\/p>\n<p>Studie prok\u00e1zaly, \u017ee men\u0161\u00ed d\u00e1vky omega-3 mastn\u00fdch kyselin z krilov\u00e9ho oleje jsou stejn\u011b \u00fa\u010dinn\u00e9 jako vy\u0161\u0161\u00ed d\u00e1vky omega-3 mastn\u00fdch kyselin z tradi\u010dn\u00edho ryb\u00edho oleje.<\/p>\n<p>Vysok\u00fd obsah omega-3 mastn\u00fdch kyselin v p\u0159\u00edpravku Krillan<sup>\u00ae<\/sup>, v porovn\u00e1n\u00ed s b\u011b\u017en\u00fdm ryb\u00edm olejem, je v\u00e1zan\u00fd na fosfolipidy a p\u0159irozen\u011b se vyskytuj\u00edc\u00ed antioxidant astaxanthin.<\/p>\n<div class=\"clearboth\"><\/div><\/div> <div class=\"mk-button-align left\"><a href=\"http:\/\/krillan.eu\/cs\/krillan\/why-is-krill-oil-better-than-fish-oil\/\" target=\"_self\"  class=\"mk-button dark button-69d828a1e1f9a light-color  flat-dimension small pointed   \"><span>\u010c\u00cdST V\u00cdCE<\/span><\/a><\/div>\n\n<div id=\"ajax-69d828a1e1f9a\" class=\"mk-dynamic-styles\"><!--  .button-69d828a1e1f9a { margin-bottom: 15px; margin-top: 0px; min-width: 0px !important; } .button-69d828a1e1f9a { background-color:#ce0000; } .mk-button.button-69d828a1e1f9a.flat-dimension:hover { background-color:#252525 !important; } --><\/div><div style=\"padding: 30px 0 0px;\" class=\"mk-divider mk-shortcode divider_full_width center padding_space \"><div class=\"divider-inner\" style=\"\"><\/div><\/div><div class=\"clearboth\"><\/div><\/div><\/div><\/div>\n\t<\/div><\/div>","protected":false},"excerpt":{"rendered":"Krillan\u00ae- Omega-3 nejvy\u0161\u0161\u00ed kvality Dopln\u011bk stravy Krillan\u00ae\u00a0se vyr\u00e1b\u00ed z krilov\u00e9ho oleje, z\u00edskan\u00e9ho z mal\u00fdch kor\u00fd\u0161\u016f (krilu), kte\u0159\u00ed na pohled p\u0159ipom\u00ednaj\u00ed krevety. \u017dij\u00ed v nedot\u010den\u00fdch vod\u00e1ch Antarktidy, v nej\u010dist\u0161\u00edm prost\u0159ed\u00ed na sv\u011bt\u011b. To zaru\u010duje, \u017ee Krillan\u00ae je 100% bezpe\u010dn\u00fd, neobsahuje toxick\u00e9 polychlorovan\u00e9 bifenyly (PCB), rtu\u0165 ani jin\u00e9 zdrav\u00ed \u0161kodliv\u00e9 l\u00e1tky. Jeho u\u017e\u00edv\u00e1n\u00ed m\u016f\u017ee m\u00edt blahod\u00e1rn\u00e9 \u00fa\u010dinky [...]","protected":false},"author":3,"featured_media":0,"parent":0,"menu_order":0,"comment_status":"closed","ping_status":"closed","template":"","meta":[],"_links":{"self":[{"href":"https:\/\/krillan.eu\/cs\/wp-json\/wp\/v2\/pages\/21"}],"collection":[{"href":"https:\/\/krillan.eu\/cs\/wp-json\/wp\/v2\/pages"}],"about":[{"href":"https:\/\/krillan.eu\/cs\/wp-json\/wp\/v2\/types\/page"}],"author":[{"embeddable":true,"href":"https:\/\/krillan.eu\/cs\/wp-json\/wp\/v2\/users\/3"}],"replies":[{"embeddable":true,"href":"https:\/\/krillan.eu\/cs\/wp-json\/wp\/v2\/comments?post=21"}],"version-history":[{"count":109,"href":"https:\/\/krillan.eu\/cs\/wp-json\/wp\/v2\/pages\/21\/revisions"}],"predecessor-version":[{"id":2199,"href":"https:\/\/krillan.eu\/cs\/wp-json\/wp\/v2\/pages\/21\/revisions\/2199"}],"wp:attachment":[{"href":"https:\/\/krillan.eu\/cs\/wp-json\/wp\/v2\/media?parent=21"}],"curies":[{"name":"wp","href":"https:\/\/api.w.org\/{rel}","templated":true}]}}