{"id":83,"date":"2015-10-26T11:15:56","date_gmt":"2015-10-26T11:15:56","guid":{"rendered":"http:\/\/krillan.eu.uvirt45.active24.cz\/?page_id=83"},"modified":"2016-04-12T10:25:47","modified_gmt":"2016-04-12T10:25:47","slug":"quality-controll","status":"publish","type":"page","link":"http:\/\/krillan.eu\/cs\/sustainable-and-pure\/quality-controll\/","title":{"rendered":"Kontrola kvality"},"content":{"rendered":"<div class=\"wpb_row vc_row  vc_row-fluid  mk-fullwidth-false  attched-false vc_row-fluid\">\n\t<div style=\"\" class=\"vc_col-sm-12 wpb_column column_container \">\n\t\t\t<h2 style=\"font-size: 18px;text-align:left;color: #dd3333;font-style:inherit;font-weight:inherit;padding-top:0px;padding-bottom:0px; text-transform:initial;letter-spacing:0px;\" id=\"fancy-title-69dfc3243f50c\" class=\"mk-shortcode mk-fancy-title fancy-title-align-left simple-style \"><span style=\"\">\n<p style=\"text-align: center;\"><span style=\"font-size: 14pt;\">Krilov\u00fd olej podl\u00e9h\u00e1 maxim\u00e1ln\u00ed kontrole,\u00a0<\/span><\/p>\n<p style=\"text-align: center;\"><span style=\"font-size: 14pt;\">od v\u00fdlovu p\u0159es zpracov\u00e1n\u00ed a\u017e po v\u00fdrobu tobolek<\/span><\/p>\n<\/span><\/h2><div class=\"clearboth\"><\/div><div style=\"padding: 20px 0 20px;\" class=\"mk-divider mk-shortcode divider_full_width center padding_space \"><div class=\"divider-inner\" style=\"\"><\/div><\/div><div class=\"clearboth\"><\/div><h2 style=\"font-size: 14px;text-align:left;color: #3d3d3d;font-style:inherit;font-weight:inherit;padding-top:0px;padding-bottom:0px; text-transform:initial;letter-spacing:0px;\" id=\"fancy-title-69dfc3243f967\" class=\"mk-shortcode mk-fancy-title fancy-title-align-left simple-style \"><span style=\"\">\n<p style=\"text-align: center;\" align=\"LEFT\"><span style=\"font-size: 14pt;\">JAK SE Z\u00cdSK\u00c1VAJ\u00cd NEJ\u010cIST\u0160\u00cd OMEGA-3 MASTN\u00c9 KYSELINY?<\/span><\/p>\n<\/span><\/h2><div class=\"clearboth\"><\/div><div class=\"mk-image-shortcode mk-shortcode   align-center simple-frame inside-image \" style=\"max-width: 1000px; margin-bottom:10px\"><div class=\"mk-image-inner\"><img class=\"lightbox-false\" alt=\"\" title=\"\" src=\"http:\/\/krillan.eu\/wp-content\/uploads\/2015\/10\/krill-process-kopie.jpg\" \/><\/div><div class=\"clearboth\"><\/div><\/div>\n\t<\/div><\/div><div class=\"wpb_row vc_row  vc_row-fluid  mk-fullwidth-false  attched-false vc_row-fluid\">\n\t<div style=\"\" class=\"vc_col-sm-12 wpb_column column_container \">\n\t\t\t<div style=\"padding: 20px 0 20px;\" class=\"mk-divider mk-shortcode divider_full_width center padding_space \"><div class=\"divider-inner\" style=\"\"><\/div><\/div><div class=\"clearboth\"><\/div>\t<div style=\"text-align: left;\" class=\"mk-text-block  true\"><p style=\"text-align: center;\" align=\"LEFT\"><span style=\"font-size: 14pt;\">Proces v\u00fdroby dopl\u0148ku stravy Krillan<sup>\u00ae<\/sup> je stoprocentn\u011b transparentn\u00ed<\/span><\/p>\n<p style=\"text-align: center;\" align=\"LEFT\">Jedine\u010dnost p\u0159\u00edpravku Krillan<sup>\u00ae<\/sup> spo\u010d\u00edv\u00e1 v jednoduchosti v\u00fdroby kone\u010dn\u00e9ho produktu. Jeliko\u017e je p\u0159irozen\u011b \u010dist\u00fd, nen\u00ed ji\u017e nutn\u00e9 \u017e\u00e1dn\u00e9 dodate\u010dn\u00e9 \u010di\u0161t\u011bn\u00ed. Kril se zpracov\u00e1v\u00e1 p\u0159\u00edmo na palub\u011b lodi hned po v\u00fdlovu. Zabra\u0148uje se tak jeho znehodnocen\u00ed a chr\u00e1n\u00ed se v\u00fd\u017eivov\u00e1 hodnota v\u00fdrobku.<\/p>\n<div class=\"clearboth\"><\/div><\/div> \n\t<\/div><\/div><div class=\"wpb_row vc_row  vc_row-fluid  mk-fullwidth-false  attched-false vc_row-fluid\">\n\t<div style=\"\" class=\"vc_col-sm-12 wpb_column column_container \">\n\t\t\t<div class=\"mk-image-shortcode mk-shortcode   align-center simple-frame inside-image \" style=\"max-width: 80px; margin-bottom:50px\"><div class=\"mk-image-inner\"><img class=\"lightbox-false\" alt=\"\" title=\"\" src=\"http:\/\/krillan.eu\/wp-content\/uploads\/2015\/10\/symbol-9-kruhu2.jpg\" \/><\/div><div class=\"clearboth\"><\/div><\/div>\n\t<\/div><\/div><div class=\"wpb_row vc_row  vc_row-fluid  mk-fullwidth-false  attched-false vc_row-fluid\">\n\t<div style=\"\" class=\"vc_col-sm-12 wpb_column column_container \">\n\t\t\t\t<div style=\"text-align: left;\" class=\"mk-text-block  true\"><p style=\"text-align: center;\"><span style=\"font-size: 18.6667px; line-height: 28px;\">Dohledatelnost p\u016fvodu<\/span><\/p>\n<p style=\"text-align: center;\" align=\"JUSTIFY\">Lze dohledat, kde p\u0159esn\u011b v Antarktick\u00e9m oce\u00e1nu byl kril pro dopln\u011bk stravy Krillan<sup>\u00ae<\/sup> vyloven, a to d\u00edky registraci zem\u011bpisn\u00e9 \u0161\u00ed\u0159ky a d\u00e9lky p\u0159i v\u00fdlovu. Ve\u0161ker\u00e9 dal\u0161\u00ed slo\u017eky p\u0159\u00edpravku m\u016f\u017eete dohledat a\u017e k dodavateli. Podm\u00ednky skladov\u00e1n\u00ed a p\u0159epravy jsou p\u0159\u00edsn\u011b hl\u00edd\u00e1ny. Zaznamen\u00e1v\u00e1 se ka\u017ed\u00fd den v\u00fdroby a registrov\u00e1na je ka\u017ed\u00e1 \u0161ar\u017ee surovin pou\u017eit\u00fdch p\u0159i v\u00fdrob\u011b krilov\u00e9ho oleje pro Krillan<sup>\u00ae<\/sup>.<\/p>\n<p style=\"text-align: center;\">Na\u0161e kompletn\u00ed dokumentace zaru\u010duje plnou dohledatelnost p\u016fvodu v cel\u00e9m dodavatelsk\u00e9m \u0159et\u011bzci, od v\u00fdlovu a\u017e po z\u00edsk\u00e1n\u00ed fin\u00e1ln\u00edho produktu.<\/p>\n<div class=\"clearboth\"><\/div><\/div> \n\t<\/div><\/div><div class=\"wpb_row vc_row  vc_row-fluid  mk-fullwidth-false  attched-false vc_row-fluid\">\n\t<div style=\"\" class=\"vc_col-sm-12 wpb_column column_container \">\n\t\t\t<div class=\"mk-image-shortcode mk-shortcode   align-center simple-frame inside-image \" style=\"max-width: 80px; margin-bottom:30px\"><div class=\"mk-image-inner\"><img class=\"lightbox-false\" alt=\"\" title=\"\" src=\"http:\/\/krillan.eu\/wp-content\/uploads\/2015\/10\/symbol-9-kruhu2.jpg\" \/><\/div><div class=\"clearboth\"><\/div><\/div>\n\t<\/div><\/div>","protected":false},"excerpt":{"rendered":"Krilov\u00fd olej podl\u00e9h\u00e1 maxim\u00e1ln\u00ed kontrole,\u00a0 od v\u00fdlovu p\u0159es zpracov\u00e1n\u00ed a\u017e po v\u00fdrobu tobolek JAK SE Z\u00cdSK\u00c1VAJ\u00cd NEJ\u010cIST\u0160\u00cd OMEGA-3 MASTN\u00c9 KYSELINY? Proces v\u00fdroby dopl\u0148ku stravy Krillan\u00ae je stoprocentn\u011b transparentn\u00ed Jedine\u010dnost p\u0159\u00edpravku Krillan\u00ae spo\u010d\u00edv\u00e1 v jednoduchosti v\u00fdroby kone\u010dn\u00e9ho produktu. Jeliko\u017e je p\u0159irozen\u011b \u010dist\u00fd, nen\u00ed ji\u017e nutn\u00e9 \u017e\u00e1dn\u00e9 dodate\u010dn\u00e9 \u010di\u0161t\u011bn\u00ed. Kril se zpracov\u00e1v\u00e1 p\u0159\u00edmo na palub\u011b lodi hned [...]","protected":false},"author":3,"featured_media":0,"parent":30,"menu_order":0,"comment_status":"closed","ping_status":"closed","template":"","meta":[],"_links":{"self":[{"href":"http:\/\/krillan.eu\/cs\/wp-json\/wp\/v2\/pages\/83"}],"collection":[{"href":"http:\/\/krillan.eu\/cs\/wp-json\/wp\/v2\/pages"}],"about":[{"href":"http:\/\/krillan.eu\/cs\/wp-json\/wp\/v2\/types\/page"}],"author":[{"embeddable":true,"href":"http:\/\/krillan.eu\/cs\/wp-json\/wp\/v2\/users\/3"}],"replies":[{"embeddable":true,"href":"http:\/\/krillan.eu\/cs\/wp-json\/wp\/v2\/comments?post=83"}],"version-history":[{"count":10,"href":"http:\/\/krillan.eu\/cs\/wp-json\/wp\/v2\/pages\/83\/revisions"}],"predecessor-version":[{"id":1954,"href":"http:\/\/krillan.eu\/cs\/wp-json\/wp\/v2\/pages\/83\/revisions\/1954"}],"up":[{"embeddable":true,"href":"http:\/\/krillan.eu\/cs\/wp-json\/wp\/v2\/pages\/30"}],"wp:attachment":[{"href":"http:\/\/krillan.eu\/cs\/wp-json\/wp\/v2\/media?parent=83"}],"curies":[{"name":"wp","href":"https:\/\/api.w.org\/{rel}","templated":true}]}}