{"id":79,"date":"2015-10-26T11:15:14","date_gmt":"2015-10-26T11:15:14","guid":{"rendered":"http:\/\/krillan.eu.uvirt45.active24.cz\/?page_id=79"},"modified":"2016-04-12T10:15:38","modified_gmt":"2016-04-12T10:15:38","slug":"eco-harvesting","status":"publish","type":"page","link":"http:\/\/krillan.eu\/cs\/sustainable-and-pure\/eco-harvesting\/","title":{"rendered":"Ekologick\u00fd v\u00fdlov"},"content":{"rendered":"<div class=\"wpb_row vc_row  vc_row-fluid  mk-fullwidth-false  attched-false vc_row-fluid\">\n\t<div style=\"\" class=\"vc_col-sm-6 wpb_column column_container \">\n\t\t\t\t<div style=\"text-align: left;\" class=\"mk-text-block  true\"><p style=\"text-align: center;\"><span style=\"font-size: 14pt; color: #ff0000;\">Jak prob\u00edh\u00e1 ekologick\u00fd v\u00fdlov krilu?<\/span><\/p>\n<p style=\"text-align: center;\">Antarktick\u00fd kril, kter\u00fd je loven ekologickou technologi\u00ed, se dost\u00e1v\u00e1 na palubu \u017eiv\u00fd a zde se ihned zpracov\u00e1v\u00e1 do fin\u00e1ln\u00edho produktu. Ekologick\u00fd v\u00fdlov vyu\u017e\u00edv\u00e1 speci\u00e1ln\u00ed vle\u010dn\u00e9 s\u00edt\u011b a ty se p\u0159\u00edmo napojuj\u00ed hadic\u00ed na plavidlo. Jedn\u00e1 se o unik\u00e1tn\u00ed mechanismus, kter\u00fdm se zamezuje vedlej\u0161\u00edm ne\u017e\u00e1douc\u00edm \u00falovk\u016fm jin\u00fdch vodn\u00edch \u017eivo\u010dich\u016f.<\/p>\n<p style=\"text-align: center;\">Ekologick\u00fd v\u00fdlov m\u00e1 pouze minim\u00e1ln\u00ed \u0161kodliv\u00e9 dopady na \u017eivotn\u00ed prost\u0159ed\u00ed a p\u0159edch\u00e1z\u00ed tak\u00e9 enzymatick\u00e9 sebedestrukci krilu. V z\u00edskan\u00e9m krilov\u00e9m oleji jsou tak zachov\u00e1ny\u00a0v\u0161echny kl\u00ed\u010dov\u00e9 \u017eiviny, pro kter\u00e9 je tak speci\u00e1ln\u00ed.<\/p>\n<p style=\"text-align: center;\">P\u0159i v\u00fdrob\u011b krilov\u00e9ho oleje jsou velk\u00fdm p\u0159\u00ednosem mnohalet\u00e9 zku\u0161enosti dodavatel\u016f, a to nejen v logistice samotn\u00e9, ale tak\u00e9 v extr\u00e9mn\u00edch podm\u00ednk\u00e1ch v\u00fdlovu. V\u00fdroba funguje dle z\u00e1sad udr\u017eiteln\u00e9ho rozvoje a v\u00fdrobce p\u016fsob\u00ed i na glob\u00e1ln\u00edch trz\u00edch.<\/p>\n<div class=\"clearboth\"><\/div><\/div> <div class=\"mk-image-shortcode mk-shortcode   align-center simple-frame inside-image \" style=\"max-width: 120px; margin-bottom:10px\"><div class=\"mk-image-inner\"><img class=\"lightbox-false\" alt=\"\" title=\"\" src=\"http:\/\/krillan.eu\/wp-content\/uploads\/2015\/10\/logo-eco-harvesting.jpg\" \/><\/div><div class=\"clearboth\"><\/div><\/div>\n\t<\/div>\n\t<div style=\"\" class=\"vc_col-sm-6 wpb_column column_container \">\n\t\t\t<div style=\"padding: 20px 0 40px;\" class=\"mk-divider mk-shortcode divider_full_width center padding_space \"><div class=\"divider-inner\" style=\"\"><\/div><\/div><div class=\"clearboth\"><\/div><div class=\"mk-image-shortcode mk-shortcode   align-right simple-frame inside-image \" style=\"max-width: 500px; margin-bottom:10px\"><div class=\"mk-image-inner\"><img class=\"lightbox-false\" alt=\"\" title=\"\" src=\"http:\/\/krillan.eu\/wp-content\/uploads\/2015\/10\/lo\u010f5.jpg\" \/><\/div><div class=\"clearboth\"><\/div><\/div>\n\t<\/div><\/div><div class=\"wpb_row vc_row  vc_row-fluid  mk-fullwidth-false  attched-false vc_row-fluid\">\n\t<div style=\"\" class=\"vc_col-sm-12 wpb_column column_container \">\n\t\t\t<div class=\"mk-image-shortcode mk-shortcode   align-center simple-frame inside-image \" style=\"max-width: 800px; margin-bottom:10px\"><div class=\"mk-image-inner\"><img class=\"lightbox-false\" alt=\"\" title=\"\" src=\"http:\/\/krillan.eu\/wp-content\/uploads\/2015\/10\/symbol-11-kruhu2.jpg\" \/><\/div><div class=\"clearboth\"><\/div><\/div><div style=\"padding: 20px 0 20px;\" class=\"mk-divider mk-shortcode divider_full_width center padding_space \"><div class=\"divider-inner\" style=\"\"><\/div><\/div><div class=\"clearboth\"><\/div>\n\t<\/div><\/div><div class=\"wpb_row vc_row  vc_row-fluid  mk-fullwidth-false  attched-false vc_row-fluid\">\n\t<div style=\"\" class=\"vc_col-sm-12 wpb_column column_container \">\n\t\t\t\t<div style=\"text-align: left;\" class=\"mk-text-block  true\"><p style=\"text-align: center;\"><span style=\"font-size: 14pt;\">Jak se z\u00edsk\u00e1v\u00e1 \u010derstv\u00fd krilov\u00fd olej?<\/span><\/p>\n<p style=\"text-align: center;\">Ekologick\u00fd v\u00fdlov krilu umo\u017e\u0148uje v\u00fdrobu krilov\u00e9ho oleje z \u010derstv\u00fdch kor\u00fd\u0161\u016f. Jeliko\u017e kril obsahuje mnoho tr\u00e1v\u00edc\u00edch enzym\u016f, nedoporu\u010duje se pou\u017e\u00edvat tradi\u010dn\u00ed metodu v\u00fdlovu vle\u010dn\u00fdmi s\u00edt\u011bmi. P\u0159ed zpracov\u00e1n\u00edm by se toti\u017e snadno znehodnotil. \u0160etrn\u00e9 zpracov\u00e1n\u00ed hned na palub\u011b zaru\u010duje, \u017ee si krilov\u00fd olej zachov\u00e1 sv\u00e9 vynikaj\u00edc\u00ed vlastnosti.<\/p>\n<p style=\"text-align: center;\">P\u0159i pou\u017eit\u00ed tradi\u010dn\u00edch vle\u010dn\u00fdch s\u00edt\u00ed se kril rychle rozkl\u00e1d\u00e1 a v\u00fdrazn\u011b kles\u00e1 jeho v\u00fd\u017eivov\u00e1 hodnota. Proto\u017ee je cel\u00fd proces od za\u010d\u00e1tku a\u017e do konce naprosto ekologicky \u010dist\u00fd, nevy\u017eaduje se \u017e\u00e1dn\u00e9 dal\u0161\u00ed \u010di\u0161t\u011bn\u00ed ani destilace p\u0159i v\u00fdrob\u011b dopl\u0148ku stravy\u00a0Krillan<sup>\u00ae<\/sup>.<\/p>\n<div class=\"clearboth\"><\/div><\/div> \n\t<\/div><\/div><div class=\"wpb_row vc_row  vc_row-fluid  mk-fullwidth-false  attched-false vc_row-fluid\">\n\t<div style=\"\" class=\"vc_col-sm-12 wpb_column column_container \">\n\t\t\t<div style=\"padding: 20px 0 20px;\" class=\"mk-divider mk-shortcode divider_full_width center padding_space \"><div class=\"divider-inner\" style=\"\"><\/div><\/div><div class=\"clearboth\"><\/div><div class=\"mk-image-shortcode mk-shortcode   align-center simple-frame inside-image \" style=\"max-width: 800px; margin-bottom:10px\"><div class=\"mk-image-inner\"><img class=\"lightbox-false\" alt=\"\" title=\"\" src=\"http:\/\/krillan.eu\/wp-content\/uploads\/2015\/10\/symbol-11-kruhu2.jpg\" \/><\/div><div class=\"clearboth\"><\/div><\/div><div style=\"padding: 20px 0 20px;\" class=\"mk-divider mk-shortcode divider_full_width center padding_space \"><div class=\"divider-inner\" style=\"\"><\/div><\/div><div class=\"clearboth\"><\/div>\n\t<\/div><\/div><div class=\"wpb_row vc_row  vc_row-fluid  mk-fullwidth-false  attched-false vc_row-fluid vc_custom_1448241734521\">\n\t<div style=\"\" class=\"vc_col-sm-12 wpb_column column_container \">\n\t\t\t<div class=\"mk-image-shortcode mk-shortcode   align-center simple-frame inside-image \" style=\"max-width: 1000px; margin-bottom:10px\"><div class=\"mk-image-inner\"><img class=\"lightbox-false\" alt=\"\" title=\"\" src=\"http:\/\/krillan.eu\/wp-content\/uploads\/2015\/10\/eco-harvesting-1A-kopie.jpg\" \/><\/div><div class=\"clearboth\"><\/div><\/div>\n\t<\/div><\/div><div class=\"wpb_row vc_row  vc_row-fluid  mk-fullwidth-false  attched-false vc_row-fluid\">\n\t<div style=\"\" class=\"vc_col-sm-12 wpb_column column_container \">\n\t\t\t<div style=\"padding: 20px 0 20px;\" class=\"mk-divider mk-shortcode divider_full_width center padding_space \"><div class=\"divider-inner\" style=\"\"><\/div><\/div><div class=\"clearboth\"><\/div><div class=\"mk-image-shortcode mk-shortcode   align-center simple-frame inside-image \" style=\"max-width: 800px; margin-bottom:10px\"><div class=\"mk-image-inner\"><img class=\"lightbox-false\" alt=\"\" title=\"\" src=\"http:\/\/krillan.eu\/wp-content\/uploads\/2015\/10\/symbol-11-kruhu2.jpg\" \/><\/div><div class=\"clearboth\"><\/div><\/div><div style=\"padding: 20px 0 20px;\" class=\"mk-divider mk-shortcode divider_full_width center padding_space \"><div class=\"divider-inner\" style=\"\"><\/div><\/div><div class=\"clearboth\"><\/div>\n\t<\/div><\/div>","protected":false},"excerpt":{"rendered":"Jak prob\u00edh\u00e1 ekologick\u00fd v\u00fdlov krilu? Antarktick\u00fd kril, kter\u00fd je loven ekologickou technologi\u00ed, se dost\u00e1v\u00e1 na palubu \u017eiv\u00fd a zde se ihned zpracov\u00e1v\u00e1 do fin\u00e1ln\u00edho produktu. Ekologick\u00fd v\u00fdlov vyu\u017e\u00edv\u00e1 speci\u00e1ln\u00ed vle\u010dn\u00e9 s\u00edt\u011b a ty se p\u0159\u00edmo napojuj\u00ed hadic\u00ed na plavidlo. Jedn\u00e1 se o unik\u00e1tn\u00ed mechanismus, kter\u00fdm se zamezuje vedlej\u0161\u00edm ne\u017e\u00e1douc\u00edm \u00falovk\u016fm jin\u00fdch vodn\u00edch \u017eivo\u010dich\u016f. Ekologick\u00fd v\u00fdlov [...]","protected":false},"author":3,"featured_media":0,"parent":30,"menu_order":0,"comment_status":"closed","ping_status":"closed","template":"","meta":[],"_links":{"self":[{"href":"http:\/\/krillan.eu\/cs\/wp-json\/wp\/v2\/pages\/79"}],"collection":[{"href":"http:\/\/krillan.eu\/cs\/wp-json\/wp\/v2\/pages"}],"about":[{"href":"http:\/\/krillan.eu\/cs\/wp-json\/wp\/v2\/types\/page"}],"author":[{"embeddable":true,"href":"http:\/\/krillan.eu\/cs\/wp-json\/wp\/v2\/users\/3"}],"replies":[{"embeddable":true,"href":"http:\/\/krillan.eu\/cs\/wp-json\/wp\/v2\/comments?post=79"}],"version-history":[{"count":19,"href":"http:\/\/krillan.eu\/cs\/wp-json\/wp\/v2\/pages\/79\/revisions"}],"predecessor-version":[{"id":1951,"href":"http:\/\/krillan.eu\/cs\/wp-json\/wp\/v2\/pages\/79\/revisions\/1951"}],"up":[{"embeddable":true,"href":"http:\/\/krillan.eu\/cs\/wp-json\/wp\/v2\/pages\/30"}],"wp:attachment":[{"href":"http:\/\/krillan.eu\/cs\/wp-json\/wp\/v2\/media?parent=79"}],"curies":[{"name":"wp","href":"https:\/\/api.w.org\/{rel}","templated":true}]}}