{"id":75,"date":"2015-10-26T11:14:34","date_gmt":"2015-10-26T11:14:34","guid":{"rendered":"http:\/\/krillan.eu.uvirt45.active24.cz\/?page_id=75"},"modified":"2016-06-24T08:26:52","modified_gmt":"2016-06-24T08:26:52","slug":"omega-3-index","status":"publish","type":"page","link":"http:\/\/krillan.eu\/cs\/advantage\/omega-3-index\/","title":{"rendered":"Omega-3 Index"},"content":{"rendered":"<div class=\"wpb_row vc_row  vc_row-fluid  mk-fullwidth-false  attched-false vc_row-fluid\">\n\t<div style=\"\" class=\"vc_col-sm-6 wpb_column column_container \">\n\t\t\t<h2 style=\"font-size: 22px;text-align:left;color: #aa1d1b;font-style:inherit;font-weight:inherit;padding-top:0px;padding-bottom:20px; text-transform:initial;letter-spacing:0px;\" id=\"fancy-title-69f2c2bc810df\" class=\"mk-shortcode mk-fancy-title fancy-title-align-left simple-style \"><span style=\"\">\n<p style=\"text-align: center;\">Optimalizace omega-3 indexu krilov\u00fdm olejem<\/p>\n<\/span><\/h2><div class=\"clearboth\"><\/div>\t<div style=\"text-align: left;\" class=\"mk-text-block  true\"><p style=\"text-align: center;\" align=\"LEFT\">Omega-3 index vypov\u00edd\u00e1 o na\u0161em celkov\u00e9m zdrav\u00ed. Jedn\u00e1 se o spolehliv\u00fd diagnostick\u00fd n\u00e1stroj, kter\u00fd ukazuje procentu\u00e1ln\u00ed koncentraci mastn\u00fdch kyselin EPA a DHA v krvi. Omega-3 index poskytuje informace o dlouhodob\u00e9m p\u0159\u00edjmu t\u011bchto dvou mastn\u00fdch kyselin a odr\u00e1\u017e\u00ed v sob\u011b jejich vst\u0159eb\u00e1v\u00e1n\u00ed do bun\u011b\u010dn\u00fdch membr\u00e1n.<\/p>\n<p style=\"text-align: center;\" align=\"LEFT\">Plat\u00ed, \u017ee \u010d\u00edm v\u00edce omega-3 mastn\u00fdch kyselin t\u011blo vst\u0159eb\u00e1, t\u00edm lep\u0161\u00ed jsou dopady\u00a0na celkov\u00e9 zdrav\u00ed organismu. Zlep\u0161en\u00ed pom\u011bru mastn\u00fdch kyselin EPA a DHA vzhledem k jin\u00fdm mastn\u00fdm kyselin\u00e1m v bun\u011b\u010dn\u00e9 membr\u00e1n\u011b vypov\u00edd\u00e1 o zdravotn\u00edm stavu ka\u017ed\u00e9ho jednotlivce.<\/p>\n<p style=\"text-align: center;\">Na grafu vid\u00edte, \u017ee \u00fa\u010dastn\u00edci v\u00fdzkumu m\u011bli na po\u010d\u00e1tku pr\u016fm\u011brnou hodnotu omega-3 indexu 2,0 % &#8211; tato hodnota je pom\u011brn\u011b n\u00edzk\u00e1. Po osmi t\u00fddnech u\u017e\u00edv\u00e1n\u00ed krilov\u00e9ho oleje v d\u00e1vce 2 gramy denn\u011b se omega-3 index zv\u00fd\u0161il na hodnotu 4,5 %. Jedn\u00e1 se o 125% n\u00e1r\u016fst.<\/p>\n<p style=\"text-align: center;\">Prok\u00e1zalo se, \u017ee dopln\u011bk stravy Krillan<sup>\u00ae<\/sup> v porovn\u00e1n\u00ed s dal\u0161\u00edmi zdroji omega-3 mastn\u00fdch kyselin zvy\u0161uje omega-3 index mnohem rychleji a efektivn\u011bji.<\/p>\n<div class=\"clearboth\"><\/div><\/div> \n\t<\/div>\n\t<div style=\"\" class=\"vc_col-sm-6 wpb_column column_container \">\n\t\t\t<div class=\"mk-image-shortcode mk-shortcode   align-left simple-frame inside-image \" style=\"max-width: 800px; margin-bottom:10px\"><div class=\"mk-image-inner\"><img class=\"lightbox-false\" alt=\"\" title=\"\" src=\"http:\/\/krillan.eu\/wp-content\/uploads\/2015\/10\/Omega-3-index-kRILLAN1.jpg\" \/><\/div><div class=\"clearboth\"><\/div><\/div>\n\t<\/div><\/div><div class=\"wpb_row vc_row  vc_row-fluid  mk-fullwidth-false  attched-false vc_row-fluid\">\n\t<div style=\"\" class=\"vc_col-sm-12 wpb_column column_container \">\n\t\t\t<div style=\"padding: 20px 0 20px;\" class=\"mk-divider mk-shortcode divider_full_width center padding_space \"><div class=\"divider-inner\" style=\"\"><\/div><\/div><div class=\"clearboth\"><\/div><div style=\"padding: 20px 0 20px;\" class=\"mk-divider mk-shortcode divider_full_width center padding_space \"><div class=\"divider-inner\" style=\"\"><\/div><\/div><div class=\"clearboth\"><\/div><div class=\"mk-image-shortcode mk-shortcode   align-center simple-frame inside-image \" style=\"max-width: 800px; margin-bottom:10px\"><div class=\"mk-image-inner\"><img class=\"lightbox-false\" alt=\"\" title=\"\" src=\"http:\/\/krillan.eu\/wp-content\/uploads\/2015\/10\/separator-4.png\" \/><\/div><div class=\"clearboth\"><\/div><\/div><div style=\"padding: 20px 0 20px;\" class=\"mk-divider mk-shortcode divider_full_width center padding_space \"><div class=\"divider-inner\" style=\"\"><\/div><\/div><div class=\"clearboth\"><\/div><div style=\"padding: 20px 0 30px;\" class=\"mk-divider mk-shortcode divider_full_width center padding_space \"><div class=\"divider-inner\" style=\"\"><\/div><\/div><div class=\"clearboth\"><\/div>\n\t<\/div><\/div><div class=\"wpb_row vc_row  vc_row-fluid  mk-fullwidth-false  attched-false vc_row-fluid\">\n\t<div style=\"\" class=\"vc_col-sm-12 wpb_column column_container \">\n\t\t\t<h2 style=\"font-size: 22px;text-align:center;color: #aa1d1b;font-style:inherit;font-weight:inherit;padding-top:0px;padding-bottom:20px; text-transform:initial;letter-spacing:0px;\" id=\"fancy-title-69f2c2bc82932\" class=\"mk-shortcode mk-fancy-title fancy-title-align-center simple-style \"><span style=\"\">\n<p style=\"text-align: center;\">Anatomie omega-3 indexu<\/p>\n<\/span><\/h2><div class=\"clearboth\"><\/div><div style=\"padding: 20px 0 20px;\" class=\"mk-divider mk-shortcode divider_full_width center padding_space \"><div class=\"divider-inner\" style=\"\"><\/div><\/div><div class=\"clearboth\"><\/div>\n\t<\/div><\/div><div class=\"wpb_row vc_row  vc_row-fluid  mk-fullwidth-false  attched-false vc_row-fluid\">\n\t<div style=\"\" class=\"vc_col-sm-6 wpb_column column_container \">\n\t\t\t<div style=\"padding: 20px 0 20px;\" class=\"mk-divider mk-shortcode divider_full_width center padding_space \"><div class=\"divider-inner\" style=\"\"><\/div><\/div><div class=\"clearboth\"><\/div>\t<div style=\"text-align: left;\" class=\"mk-text-block  true\"><p style=\"text-align: center;\"><span style=\"font-size: 14pt;\">Definice omega-3 indexu<\/span><\/p>\n<p style=\"text-align: center;\" align=\"LEFT\">Omega-3 index byl navr\u017een jako nov\u00fd diagnostick\u00fd n\u00e1stroj pro zhodnocen\u00ed rizik onemocn\u011bn\u00ed srdce a c\u00e9v. Definuje se jako procento mastn\u00fdch kyselin EPA a DHA v \u010derven\u00fdch krvink\u00e1ch. Zv\u00fd\u0161en\u00ed omega-3 indexu odpov\u00edd\u00e1 vy\u0161\u0161\u00ed \u00farovni mastn\u00fdch kyselin EPA a DHA v srdci.<\/p>\n<div class=\"clearboth\"><\/div><\/div> \n\t<\/div>\n\t<div style=\"\" class=\"vc_col-sm-6 wpb_column column_container \">\n\t\t\t<div class=\"mk-image-shortcode mk-shortcode   align-center simple-frame inside-image \" style=\"max-width: 400px; margin-bottom:10px\"><div class=\"mk-image-inner\"><img class=\"lightbox-false\" alt=\"\" title=\"\" src=\"http:\/\/krillan.eu\/wp-content\/uploads\/2015\/10\/Omega-3-Index-graf-1.jpg\" \/><\/div><div class=\"clearboth\"><\/div><\/div><div style=\"padding: 20px 0 20px;\" class=\"mk-divider mk-shortcode divider_full_width center padding_space \"><div class=\"divider-inner\" style=\"\"><\/div><\/div><div class=\"clearboth\"><\/div>\n\t<\/div><\/div><div class=\"wpb_row vc_row  vc_row-fluid  mk-fullwidth-false  attched-false vc_row-fluid\">\n\t<div style=\"\" class=\"vc_col-sm-12 wpb_column column_container \">\n\t\t\t<div class=\"mk-image-shortcode mk-shortcode   align-center simple-frame inside-image \" style=\"max-width: 50px; margin-bottom:10px\"><div class=\"mk-image-inner\"><img class=\"lightbox-false\" alt=\"\" title=\"\" src=\"http:\/\/krillan.eu\/wp-content\/uploads\/2015\/10\/symbol-hv\u011bzda.jpg\" \/><\/div><div class=\"clearboth\"><\/div><\/div><div style=\"padding: 20px 0 20px;\" class=\"mk-divider mk-shortcode divider_full_width center padding_space \"><div class=\"divider-inner\" style=\"\"><\/div><\/div><div class=\"clearboth\"><\/div>\n\t<\/div><\/div><div class=\"wpb_row vc_row  vc_row-fluid  mk-fullwidth-false  attched-false vc_row-fluid\">\n\t<div style=\"\" class=\"vc_col-sm-6 wpb_column column_container \">\n\t\t\t\t<div style=\"text-align: left;\" class=\"mk-text-block  true\"><p style=\"text-align: center;\"><span style=\"font-size: 18.6667px; line-height: 28px;\">Hladina omega-3 indexu<\/span><\/p>\n<p style=\"text-align: center;\">Omega-3 index odr\u00e1\u017e\u00ed stav hladiny mastn\u00fdch kyselin EPA a DHA v tk\u00e1n\u00edch a d\u00edky tomu i celkov\u00fd zdravotn\u00ed stav. Omega-3 index od hodnoty 8 % a vy\u0161\u0161\u00ed se pova\u017euje za optim\u00e1ln\u00ed. Ni\u017e\u0161\u00ed omega-3 index nazna\u010duje ur\u010dit\u00e9 riziko n\u00e1hl\u00fdch srde\u010dn\u00edch probl\u00e9m\u016f.<\/p>\n<div class=\"clearboth\"><\/div><\/div> \n\t<\/div>\n\t<div style=\"\" class=\"vc_col-sm-6 wpb_column column_container \">\n\t\t\t<div class=\"mk-image-shortcode mk-shortcode   align-center simple-frame inside-image \" style=\"max-width: 400px; margin-bottom:10px\"><div class=\"mk-image-inner\"><img class=\"lightbox-false\" alt=\"\" title=\"\" src=\"http:\/\/krillan.eu\/wp-content\/uploads\/2015\/10\/Omega-3-index-graf-3-kopie.jpg\" \/><\/div><div class=\"clearboth\"><\/div><\/div><div style=\"padding: 20px 0 20px;\" class=\"mk-divider mk-shortcode divider_full_width center padding_space \"><div class=\"divider-inner\" style=\"\"><\/div><\/div><div class=\"clearboth\"><\/div>\n\t<\/div><\/div><div class=\"wpb_row vc_row  vc_row-fluid  mk-fullwidth-false  attched-false vc_row-fluid\">\n\t<div style=\"\" class=\"vc_col-sm-12 wpb_column column_container \">\n\t\t\t<div class=\"mk-image-shortcode mk-shortcode   align-center simple-frame inside-image \" style=\"max-width: 50px; margin-bottom:10px\"><div class=\"mk-image-inner\"><img class=\"lightbox-false\" alt=\"\" title=\"\" src=\"http:\/\/krillan.eu\/wp-content\/uploads\/2015\/10\/symbol-hv\u011bzda.jpg\" \/><\/div><div class=\"clearboth\"><\/div><\/div><div style=\"padding: 20px 0 20px;\" class=\"mk-divider mk-shortcode divider_full_width center padding_space \"><div class=\"divider-inner\" style=\"\"><\/div><\/div><div class=\"clearboth\"><\/div>\n\t<\/div><\/div><div class=\"wpb_row vc_row  vc_row-fluid  mk-fullwidth-false  attched-false vc_row-fluid\">\n\t<div style=\"\" class=\"vc_col-sm-6 wpb_column column_container \">\n\t\t\t<div style=\"padding: 20px 0 20px;\" class=\"mk-divider mk-shortcode divider_full_width center padding_space \"><div class=\"divider-inner\" style=\"\"><\/div><\/div><div class=\"clearboth\"><\/div>\t<div style=\"text-align: left;\" class=\"mk-text-block  true\"><p style=\"text-align: center;\" align=\"LEFT\"><span style=\"font-size: 14pt;\">Krilov\u00fd olej zv\u00fd\u0161il omega-3 index o 70 % v\u00edce ne\u017e ryb\u00ed olej<\/span><\/p>\n<p style=\"text-align: center;\" align=\"LEFT\">Osmit\u00fddenn\u00ed studie na testov\u00e1n\u00ed \u00fa\u010dink\u016f krilov\u00e9ho oleje zjistila, \u017ee tento olej zvy\u0161uje omega-3 index podstatn\u011b v\u00edce ne\u017e tradi\u010dn\u00ed ryb\u00ed olej &#8211; konkr\u00e9tn\u011b a\u017e o 70 %. B\u011bhem v\u00fdzkumu se porovn\u00e1valy dv\u011b l\u00e9\u010debn\u00e9 skupiny. Jedna z nich u\u017e\u00edvala krilov\u00fd olej a druh\u00e1 ryb\u00ed olej.<\/p>\n<div class=\"clearboth\"><\/div><\/div> \n\t<\/div>\n\t<div style=\"\" class=\"vc_col-sm-6 wpb_column column_container \">\n\t\t\t<div class=\"mk-image-shortcode mk-shortcode   align-center simple-frame inside-image \" style=\"max-width: 400px; margin-bottom:10px\"><div class=\"mk-image-inner\"><img class=\"lightbox-false\" alt=\"\" title=\"\" src=\"http:\/\/krillan.eu\/wp-content\/uploads\/2015\/10\/Omega-3-index-graf-4-kopie.jpg\" \/><\/div><div class=\"clearboth\"><\/div><\/div><div style=\"padding: 20px 0 20px;\" class=\"mk-divider mk-shortcode divider_full_width center padding_space \"><div class=\"divider-inner\" style=\"\"><\/div><\/div><div class=\"clearboth\"><\/div>\n\t<\/div><\/div><div class=\"wpb_row vc_row  vc_row-fluid  mk-fullwidth-false  attched-false vc_row-fluid\">\n\t<div style=\"\" class=\"vc_col-sm-12 wpb_column column_container \">\n\t\t\t<div class=\"mk-image-shortcode mk-shortcode   align-center simple-frame inside-image \" style=\"max-width: 50px; margin-bottom:10px\"><div class=\"mk-image-inner\"><img class=\"lightbox-false\" alt=\"\" title=\"\" src=\"http:\/\/krillan.eu\/wp-content\/uploads\/2015\/10\/symbol-hv\u011bzda.jpg\" \/><\/div><div class=\"clearboth\"><\/div><\/div><div style=\"padding: 20px 0 20px;\" class=\"mk-divider mk-shortcode divider_full_width center padding_space \"><div class=\"divider-inner\" style=\"\"><\/div><\/div><div class=\"clearboth\"><\/div>\n\t<\/div><\/div><div class=\"wpb_row vc_row  vc_row-fluid  mk-fullwidth-false  attched-false vc_row-fluid\">\n\t<div style=\"\" class=\"vc_col-sm-6 wpb_column column_container \">\n\t\t\t<div style=\"padding: 20px 0 20px;\" class=\"mk-divider mk-shortcode divider_full_width center padding_space \"><div class=\"divider-inner\" style=\"\"><\/div><\/div><div class=\"clearboth\"><\/div>\t<div style=\"text-align: left;\" class=\"mk-text-block  true\"><p style=\"text-align: center;\" align=\"LEFT\"><span style=\"font-size: 14pt;\">Procentu\u00e1ln\u00ed zv\u00fd\u0161en\u00ed omega-3 indexu z v\u00fdchoz\u00ed hladiny po dvan\u00e1ctit\u00fddenn\u00ed k\u016f\u0159e s placebem v porovn\u00e1n\u00ed s krilov\u00fdm olejem<\/span><\/p>\n<p style=\"text-align: center;\" align=\"LEFT\">Testov\u00e1n\u00ed prob\u00edhalo po dobu 12 t\u00fddn\u016f s dobrovoln\u00edky, kte\u0159\u00ed vykazovali hrani\u010dn\u00ed nebo zv\u00fd\u0161enou hladinu triglycerid\u016f. Pod\u00e1val se jim krilov\u00fd olej v mno\u017estv\u00ed 0,5, 1, 2 nebo 4 gramy denn\u011b. Studie prokazuje, \u017ee u\u017e\u00edv\u00e1n\u00edm krilov\u00e9ho oleje u nich do\u0161lo ke statisticky v\u00fdznamn\u00e9mu sn\u00ed\u017een\u00ed hladiny triglycerid\u016f.<\/p>\n<div class=\"clearboth\"><\/div><\/div> \n\t<\/div>\n\t<div style=\"\" class=\"vc_col-sm-6 wpb_column column_container \">\n\t\t\t<div class=\"mk-image-shortcode mk-shortcode   align-center simple-frame inside-image \" style=\"max-width: 400px; margin-bottom:10px\"><div class=\"mk-image-inner\"><img class=\"lightbox-false\" alt=\"\" title=\"\" src=\"http:\/\/krillan.eu\/wp-content\/uploads\/2015\/10\/Omega-3-index-graf-5-kopie.jpg\" \/><\/div><div class=\"clearboth\"><\/div><\/div><div style=\"padding: 20px 0 20px;\" class=\"mk-divider mk-shortcode divider_full_width center padding_space \"><div class=\"divider-inner\" style=\"\"><\/div><\/div><div class=\"clearboth\"><\/div>\n\t<\/div><\/div><div class=\"wpb_row vc_row  vc_row-fluid  mk-fullwidth-false  attched-false vc_row-fluid\">\n\t<div style=\"\" class=\"vc_col-sm-12 wpb_column column_container \">\n\t\t\t<div class=\"mk-image-shortcode mk-shortcode   align-center simple-frame inside-image \" style=\"max-width: 50px; margin-bottom:10px\"><div class=\"mk-image-inner\"><img class=\"lightbox-false\" alt=\"\" title=\"\" src=\"http:\/\/krillan.eu\/wp-content\/uploads\/2015\/10\/symbol-hv\u011bzda.jpg\" \/><\/div><div class=\"clearboth\"><\/div><\/div><div style=\"padding: 20px 0 20px;\" class=\"mk-divider mk-shortcode divider_full_width center padding_space \"><div class=\"divider-inner\" style=\"\"><\/div><\/div><div class=\"clearboth\"><\/div>\n\t<\/div><\/div><div class=\"wpb_row vc_row  vc_row-fluid  mk-fullwidth-false  attched-false vc_row-fluid\">\n\t<div style=\"\" class=\"vc_col-sm-6 wpb_column column_container \">\n\t\t\t<div style=\"padding: 20px 0 20px;\" class=\"mk-divider mk-shortcode divider_full_width center padding_space \"><div class=\"divider-inner\" style=\"\"><\/div><\/div><div class=\"clearboth\"><\/div>\t<div style=\"text-align: left;\" class=\"mk-text-block  true\"><p style=\"text-align: center;\" align=\"LEFT\"><span style=\"font-size: 14pt;\">Zm\u011bny omega-3 indexu u zkouman\u00fdch subjekt\u016f s jeho vykazovanou vysokou hodnotou<\/span><\/p>\n<p style=\"text-align: center;\" align=\"LEFT\">Krilov\u00fd olej pozitivn\u011b ovlivnil omega-3 index u pacient\u016f s onemocn\u011bn\u00edm srdce a s vysokou v\u00fdchoz\u00ed hodnotou omega-3 indexu v\u00edce (p\u0159esn\u011b o 9,8 %) v porovn\u00e1n\u00ed s pacienty, kte\u0159\u00ed u\u017e\u00edvali ryb\u00ed olej. Osmit\u00fddenn\u00ed u\u017e\u00edv\u00e1n\u00ed 2 gram\u016f krilov\u00e9ho oleje denn\u011b zv\u00fd\u0161ilo omega-3 index v\u00edce ne\u017e ka\u017edodenn\u00ed u\u017e\u00edv\u00e1n\u00ed 2 gram\u016f ryb\u00edho oleje.<\/p>\n<div class=\"clearboth\"><\/div><\/div> \n\t<\/div>\n\t<div style=\"\" class=\"vc_col-sm-6 wpb_column column_container \">\n\t\t\t<div class=\"mk-image-shortcode mk-shortcode   align-center simple-frame inside-image \" style=\"max-width: 400px; margin-bottom:10px\"><div class=\"mk-image-inner\"><img class=\"lightbox-false\" alt=\"\" title=\"\" src=\"http:\/\/krillan.eu\/wp-content\/uploads\/2015\/10\/Omega-3-index-graf-6-kopie.jpg\" \/><\/div><div class=\"clearboth\"><\/div><\/div><div style=\"padding: 20px 0 20px;\" class=\"mk-divider mk-shortcode divider_full_width center padding_space \"><div class=\"divider-inner\" style=\"\"><\/div><\/div><div class=\"clearboth\"><\/div>\n\t<\/div><\/div>","protected":false},"excerpt":{"rendered":"Optimalizace omega-3 indexu krilov\u00fdm olejem Omega-3 index vypov\u00edd\u00e1 o na\u0161em celkov\u00e9m zdrav\u00ed. Jedn\u00e1 se o spolehliv\u00fd diagnostick\u00fd n\u00e1stroj, kter\u00fd ukazuje procentu\u00e1ln\u00ed koncentraci mastn\u00fdch kyselin EPA a DHA v krvi. Omega-3 index poskytuje informace o dlouhodob\u00e9m p\u0159\u00edjmu t\u011bchto dvou mastn\u00fdch kyselin a odr\u00e1\u017e\u00ed v sob\u011b jejich vst\u0159eb\u00e1v\u00e1n\u00ed do bun\u011b\u010dn\u00fdch membr\u00e1n. Plat\u00ed, \u017ee \u010d\u00edm v\u00edce omega-3 mastn\u00fdch [...]","protected":false},"author":3,"featured_media":0,"parent":28,"menu_order":0,"comment_status":"closed","ping_status":"closed","template":"","meta":[],"_links":{"self":[{"href":"http:\/\/krillan.eu\/cs\/wp-json\/wp\/v2\/pages\/75"}],"collection":[{"href":"http:\/\/krillan.eu\/cs\/wp-json\/wp\/v2\/pages"}],"about":[{"href":"http:\/\/krillan.eu\/cs\/wp-json\/wp\/v2\/types\/page"}],"author":[{"embeddable":true,"href":"http:\/\/krillan.eu\/cs\/wp-json\/wp\/v2\/users\/3"}],"replies":[{"embeddable":true,"href":"http:\/\/krillan.eu\/cs\/wp-json\/wp\/v2\/comments?post=75"}],"version-history":[{"count":34,"href":"http:\/\/krillan.eu\/cs\/wp-json\/wp\/v2\/pages\/75\/revisions"}],"predecessor-version":[{"id":2102,"href":"http:\/\/krillan.eu\/cs\/wp-json\/wp\/v2\/pages\/75\/revisions\/2102"}],"up":[{"embeddable":true,"href":"http:\/\/krillan.eu\/cs\/wp-json\/wp\/v2\/pages\/28"}],"wp:attachment":[{"href":"http:\/\/krillan.eu\/cs\/wp-json\/wp\/v2\/media?parent=75"}],"curies":[{"name":"wp","href":"https:\/\/api.w.org\/{rel}","templated":true}]}}