{"id":69,"date":"2015-10-26T11:13:49","date_gmt":"2015-10-26T11:13:49","guid":{"rendered":"http:\/\/krillan.eu.uvirt45.active24.cz\/?page_id=69"},"modified":"2016-10-20T21:32:42","modified_gmt":"2016-10-20T21:32:42","slug":"phospholipids","status":"publish","type":"page","link":"http:\/\/krillan.eu\/cs\/advantage\/phospholipids\/","title":{"rendered":"Fosfolipidy"},"content":{"rendered":"<div class=\"wpb_row vc_row  vc_row-fluid  mk-fullwidth-false  attched-false vc_row-fluid\">\n\t<div style=\"\" class=\"vc_col-sm-6 wpb_column column_container \">\n\t\t\t<h2 style=\"font-size: 22px;text-align:left;color: #c90000;font-style:inherit;font-weight:inherit;padding-top:18px;padding-bottom:20px; text-transform:initial;letter-spacing:0px;\" id=\"fancy-title-69d82f606be70\" class=\"mk-shortcode mk-fancy-title fancy-title-align-left simple-style \"><span style=\"\">\n<p style=\"text-align: center;\">S\u00edla fosfolipid\u016f<\/p>\n<\/span><\/h2><div class=\"clearboth\"><\/div>\n\t<\/div>\n\t<div style=\"\" class=\"vc_col-sm-6 wpb_column column_container \">\n\t\t\t<div style=\"padding: 20px 0 20px;\" class=\"mk-divider mk-shortcode divider_full_width center padding_space \"><div class=\"divider-inner\" style=\"\"><\/div><\/div><div class=\"clearboth\"><\/div>\n\t<\/div><\/div><div class=\"wpb_row vc_row  vc_row-fluid  mk-fullwidth-false  attched-false vc_row-fluid\">\n\t<div style=\"\" class=\"vc_col-sm-6 wpb_column column_container \">\n\t\t\t\t<div style=\"text-align: left;\" class=\"mk-text-block  true\"><p style=\"text-align: center;\">Fosfolipidy jsou speci\u00e1ln\u00ed molekuly tuk\u016f obsa\u017een\u00e9 v krilov\u00e9m oleji.<\/p>\n<p style=\"text-align: center;\">Na fosfolipidy se v\u00e1\u017eou omega-3 mastn\u00e9 kyseliny EPA a DHA. Jak\u00fd maj\u00ed omega-3 fosfolipidy p\u0159\u00ednos pro n\u00e1\u0161 organismus? V lidsk\u00e9m t\u011ble jsou absorbov\u00e1ny a vyu\u017e\u00edv\u00e1ny mnohem l\u00e9pe ne\u017e triglyceridy.<\/p>\n<p style=\"text-align: center;\">O fosfolipidech m\u016f\u017eete uva\u017eovat jako o z\u00e1kladn\u00edch stavebn\u00edch jednotk\u00e1ch bun\u011b\u010dn\u00fdch membr\u00e1n. P\u0159edstavuj\u00ed nejlep\u0161\u00ed dostupn\u00fd zdroj omega-3 mastn\u00fdch kyselin. Ty se z krilu se do bun\u011b\u010dn\u00fdch membr\u00e1n p\u0159en\u00e1\u0161ej\u00ed mnohem l\u00e9pe a rychleji se vst\u0159eb\u00e1vaj\u00ed, pr\u00e1v\u011b d\u00edky sv\u00e9 vazb\u011b na fosfolipidy.<\/p>\n<div class=\"clearboth\"><\/div><\/div> \n\t<\/div>\n\t<div style=\"\" class=\"vc_col-sm-6 wpb_column column_container \">\n\t\t\t<div style=\"padding: px 0 10px;\" class=\"mk-divider mk-shortcode divider_full_width center padding_space \"><div class=\"divider-inner\" style=\"\"><\/div><\/div><div class=\"clearboth\"><\/div>\t<div style=\"text-align: right;\" class=\"mk-text-block  true\">\r\n\t<!-- Begin Video.js -->\r\n\t<video id=\"example_video_id_242700501\" class=\"video-js vjs-default-skin\" width=\"530\" height=\"298\" poster=\"http:\/\/krillan.eu\/wp-content\/uploads\/2015\/10\/Krill-3-3.Movie_Sn\u00edmek.jpg\" controls preload=\"none\" data-setup='[]'>\r\n\t\t<source src=\"http:\/\/krillan.eu\/wp-content\/uploads\/2016\/10\/ANO-Krill-2-CZE-converted.mp4\" type='video\/mp4' \/>\r\n\t\t\r\n\t\t\r\n\t<\/video>\r\n\t<!-- End Video.js -->\r\n\n<div class=\"clearboth\"><\/div><\/div> \n\t<\/div><\/div><div class=\"wpb_row vc_row  vc_row-fluid  mk-fullwidth-false  attched-false vc_row-fluid vc_custom_1450204999143\">\n\t<div style=\"\" class=\"vc_col-sm-12 wpb_column column_container \">\n\t\t\t<div style=\"padding: 20px 0 20px;\" class=\"mk-divider mk-shortcode divider_full_width center padding_space \"><div class=\"divider-inner\" style=\"\"><\/div><\/div><div class=\"clearboth\"><\/div><span class=\"mk-font-icons mk-shortcode icon-align-center \"><i style=\"color:#aa1d1b;margin:4px 4px;\" class=\"mk-li-sun  mk-size-medium\"><\/i><\/span><div style=\"padding: 20px 0 20px;\" class=\"mk-divider mk-shortcode divider_full_width center padding_space \"><div class=\"divider-inner\" style=\"\"><\/div><\/div><div class=\"clearboth\"><\/div><div class=\"mk-image-shortcode mk-shortcode   align-center simple-frame inside-image \" style=\"max-width: 500px; margin-bottom:6px\"><div class=\"mk-image-inner\"><img class=\"lightbox-false\" alt=\"\" title=\"\" src=\"http:\/\/krillan.eu\/wp-content\/uploads\/2015\/10\/Difference-Phospholipids-and-Tryglicerides-2a-kopie.jpg\" \/><\/div><div class=\"clearboth\"><\/div><\/div><span class=\"mk-font-icons mk-shortcode icon-align-center \"><i style=\"color:#aa1d1b;margin:4px 4px;\" class=\"mk-li-sun  mk-size-medium\"><\/i><\/span>\n\t<\/div><\/div><div class=\"wpb_row vc_row  vc_row-fluid  mk-fullwidth-false  attched-false vc_row-fluid\">\n\t<div style=\"\" class=\"vc_col-sm-12 wpb_column column_container \">\n\t\t\t<div style=\"padding: 0px 0 20px;\" class=\"mk-divider mk-shortcode divider_one_third center padding_space \"><div class=\"divider-inner\" style=\"\"><\/div><\/div><div class=\"clearboth\"><\/div>\n\t<\/div><\/div><div class=\"wpb_row vc_row  vc_row-fluid  mk-fullwidth-false  attched-false vc_row-fluid\">\n\t<div style=\"\" class=\"vc_col-sm-6 wpb_column column_container \">\n\t\t\t<div class=\"mk-flipbox-container flip-vertical \" style=\"height:1px; height:330px\">      <div class=\"mk-flipbox-flipper\"><div class=\"mk-flipbox-front \" style=\"background-color: #d5e7ed;\" > <div class=\"mk-flipbox-content\"> <div class=\"front-icon\"><i class=\"mk-moon-mouse-3\" style=\"font-size:32px; color:#c90000;\"><\/i><\/div>       <div class=\"front-title\" style=\"font-weight:inherit; font-size:26px; color:#c90000;\">Omega-3 v krilov\u00e9m oleji<\/div>       <div class=\"front-desc\" style=\"font-size:20px; color:#c90000;\">jsou v\u011bt\u0161inou v\u00e1zan\u00e9 na fosfolipidy. Podle proveden\u00fdch v\u00fdzkum\u016f se mnohem l\u00e9pe vst\u0159eb\u00e1vaj\u00ed ne\u017e omega-3 v\u00e1zan\u00e9 na triglyceridy.<\/div> <\/div><\/div><div class=\"mk-flipbox-back\" style=\"background-color: #d5e7ed;\">  <div class=\"mk-flipbox-content\">        <div class=\"back-title\" style=\"font-weight:inherit; font-size:22px; color:#c90000;\">Omega-3 v\u00e1zan\u00e9 na triglyceridy<\/div>        <div class=\"back-desc\" style=\"font-size:18px; color:#c90000; \">Omega-3 mastn\u00e9 kyseliny v dopl\u0148c\u00edch stravy z ryb\u00edho oleje, oleje z tres\u010d\u00edch jater a z dal\u0161\u00edch mo\u0159sk\u00fdch zdroj\u016f obsahuj\u00ed omega-3 triglyceridy. Tato forma omega-3 mastn\u00fdch kyselin se nem\u00eds\u00ed s obsahem \u017ealudku, zp\u016fsobuje p\u00e1len\u00ed \u017e\u00e1hy a nep\u0159\u00edjemnou pachu\u0165 v \u00fastech.<\/div>  <\/div><\/div>            <div class=\"clearboth\"><\/div>      <\/div><\/div>\n\t<\/div>\n\t<div style=\"\" class=\"vc_col-sm-6 wpb_column column_container \">\n\t\t\t<div class=\"mk-flipbox-container flip-vertical \" style=\"height:1px; height:330px\">      <div class=\"mk-flipbox-flipper\"><div class=\"mk-flipbox-front \" style=\"background-color: #d5e7ed;\" > <div class=\"mk-flipbox-content\"> <div class=\"front-icon\"><i class=\"mk-moon-mouse-4\" style=\"font-size:32px; color:#c90000;\"><\/i><\/div>       <div class=\"front-title\" style=\"font-weight:inherit; font-size:26px; color:#c90000;\">V\u00fdzkumy prok\u00e1zaly,<\/div>       <div class=\"front-desc\" style=\"font-size:20px; color:#c90000;\">\u017ee t\u011blo vyu\u017e\u00edv\u00e1 omega-3 mastn\u00e9 kyseliny ve form\u011b fosfolipid\u016f pro stavbu a fungov\u00e1n\u00ed bun\u011bk efektivn\u011bji ne\u017e omega-3 ve form\u011b triglycerid\u016f.<\/div> <\/div><\/div><div class=\"mk-flipbox-back\" style=\"background-color: #d5e7ed;\">  <div class=\"mk-flipbox-content\">        <div class=\"back-title\" style=\"font-weight:inherit; font-size:22px; color:#c90000;\">V\u00fdsledky proveden\u00fdch v\u00fdzkum\u016f<\/div>        <div class=\"back-desc\" style=\"font-size:18px; color:#c90000; \">Vyu\u017eit\u00ed omega-3 mastn\u00fdch kyselin se zvy\u0161uje, pokud jsou dostupn\u00e9 ve form\u011b fosfolipid\u016f. Z krilov\u00e9ho oleje se tak st\u00e1v\u00e1 vynikaj\u00edc\u00ed zdroj omega-3 mastn\u00fdch kyselin pro ka\u017ed\u00e9ho bez rozd\u00edlu v\u011bku a pohlav\u00ed.<\/div>  <\/div><\/div>            <div class=\"clearboth\"><\/div>      <\/div><\/div>\n\t<\/div><\/div><div class=\"wpb_row vc_row  vc_row-fluid  mk-fullwidth-false  attched-false vc_row-fluid\">\n\t<div style=\"\" class=\"vc_col-sm-12 wpb_column column_container \">\n\t\t\t<div style=\"padding: 20px 0 20px;\" class=\"mk-divider mk-shortcode divider_full_width center padding_space \"><div class=\"divider-inner\" style=\"\"><\/div><\/div><div class=\"clearboth\"><\/div>\n\t<\/div><\/div><div class=\"wpb_row vc_row  vc_row-fluid  mk-fullwidth-false  attched-false vc_row-fluid\">\n\t<div style=\"\" class=\"vc_col-sm-12 wpb_column column_container \">\n\t\t\t<span class=\"mk-font-icons mk-shortcode icon-align-center \"><i style=\"color:#aa1d1b;margin:4px 4px;\" class=\"mk-li-sun  mk-size-medium\"><\/i><\/span>\n\t<\/div><\/div><div class=\"wpb_row vc_row  vc_row-fluid  mk-fullwidth-false  attched-false vc_row-fluid\">\n\t<div style=\"\" class=\"vc_col-sm-12 wpb_column column_container \">\n\t\t\t<div style=\"padding: 20px 0 20px;\" class=\"mk-divider mk-shortcode divider_full_width center padding_space \"><div class=\"divider-inner\" style=\"\"><\/div><\/div><div class=\"clearboth\"><\/div>\n\t<\/div><\/div><div class=\"wpb_row vc_row  vc_row-fluid  mk-fullwidth-false  attched-false vc_row-fluid\">\n\t<div style=\"\" class=\"vc_col-sm-12 wpb_column column_container \">\n\t\t\t<h3 style=\"font-size: 18px;text-align:left;color: #393836;font-weight:inherit;letter-spacing:0px;margin-top:0px;margin-bottom:20px;\" id=\"fancy-title-69d82f6076e2b\" class=\"mk-shortcode mk-title-box  \"><span style=\"line-height:34px\">\n<p style=\"text-align: center;\"><span style=\"font-size: 14pt;\"><strong>Fosfolipidy jako z\u00e1klad bun\u011bk<\/strong><\/span><\/p>\n<p style=\"text-align: center;\">Mastn\u00e9 kyseliny v\u00e1zan\u00e9 na fosfolipidy p\u0159edstavuj\u00ed kl\u00ed\u010dov\u00e9 slo\u017eky struktury lidsk\u00fdch bun\u011bk a bun\u011b\u010dn\u00fdch organel. V oblasti fungov\u00e1n\u00ed bun\u011b\u010dn\u00fdch membr\u00e1n maj\u00ed tedy v\u00fdznamn\u00e9 postaven\u00ed. Zvl\u00e1\u0161t\u011b p\u0159enos molekul p\u0159es bun\u011b\u010dn\u00e9 membr\u00e1ny se poj\u00ed s fosfolipidy. To znamen\u00e1, \u017ee spr\u00e1vn\u00e9 fungov\u00e1n\u00ed t\u011blesn\u00fdch bun\u011bk, tk\u00e1n\u00ed a org\u00e1n\u016f je ovlivn\u011bno pr\u00e1v\u011b snadnou vst\u0159ebatelnost\u00ed fosfolipid\u016f mastn\u00fdch kyselin.<\/p>\n<\/span><\/h3><div class=\"clearboth\"><\/div><div style=\"padding: 10px 0 10px;\" class=\"mk-divider mk-shortcode divider_full_width center padding_space \"><div class=\"divider-inner\" style=\"\"><\/div><\/div><div class=\"clearboth\"><\/div>\n\t<\/div><\/div><div class=\"wpb_row vc_row  vc_row-fluid  mk-fullwidth-false  attched-false vc_row-fluid\">\n\t<div style=\"\" class=\"vc_col-sm-12 wpb_column column_container \">\n\t\t\t<span class=\"mk-font-icons mk-shortcode icon-align-center \"><i style=\"color:#aa1d1b;margin:4px 4px;\" class=\"mk-li-sun  mk-size-medium\"><\/i><\/span><div style=\"padding: 10px 0 20px;\" class=\"mk-divider mk-shortcode divider_full_width center padding_space \"><div class=\"divider-inner\" style=\"\"><\/div><\/div><div class=\"clearboth\"><\/div>\n\t<\/div><\/div><div class=\"wpb_row vc_row  vc_row-fluid  mk-fullwidth-false  attched-false vc_row-fluid\">\n\t<div style=\"\" class=\"vc_col-sm-12 wpb_column column_container \">\n\t\t\t<div class=\"mk-image-shortcode mk-shortcode   align-center simple-frame inside-image \" style=\"max-width: 650px; margin-bottom:10px\"><div class=\"mk-image-inner\"><img class=\"lightbox-false\" alt=\"\" title=\"\" src=\"http:\/\/krillan.eu\/wp-content\/uploads\/2015\/10\/phospholipids4.jpg\" \/><\/div><div class=\"clearboth\"><\/div><\/div>\n\t<\/div><\/div><div class=\"wpb_row vc_row  vc_row-fluid  mk-fullwidth-false  attched-false vc_row-fluid\">\n\t<div style=\"\" class=\"vc_col-sm-12 wpb_column column_container \">\n\t\t\t<div style=\"padding: 0px 0 20px;\" class=\"mk-divider mk-shortcode divider_full_width center padding_space \"><div class=\"divider-inner\" style=\"\"><\/div><\/div><div class=\"clearboth\"><\/div>\n\t<\/div><\/div><div class=\"wpb_row vc_row  vc_row-fluid  mk-fullwidth-false  attched-false vc_row-fluid\">\n\t<div style=\"\" class=\"vc_col-sm-12 wpb_column column_container \">\n\t\t\t<span class=\"mk-font-icons mk-shortcode icon-align-center \"><i style=\"color:#aa1d1b;margin:4px 4px;\" class=\"mk-li-sun  mk-size-medium\"><\/i><\/span>\n\t<\/div><\/div><div class=\"wpb_row vc_row  vc_row-fluid  mk-fullwidth-false  attched-false vc_row-fluid\">\n\t<div style=\"\" class=\"vc_col-sm-12 wpb_column column_container \">\n\t\t\t<div style=\"padding: 20px 0 20px;\" class=\"mk-divider mk-shortcode divider_full_width center padding_space \"><div class=\"divider-inner\" style=\"\"><\/div><\/div><div class=\"clearboth\"><\/div>\n\t<\/div><\/div><div class=\"wpb_row vc_row  vc_row-fluid  mk-fullwidth-false  attched-false vc_row-fluid\">\n\t<div style=\"\" class=\"vc_col-sm-12 wpb_column column_container \">\n\t\t\t\t<div style=\"text-align: center;\" class=\"mk-text-block  true\"><p style=\"text-align: center;\"><span style=\"font-size: 14pt;\">Omega-3 fosfolipidy z krilov\u00e9ho oleje<\/span><\/p>\n<p style=\"text-align: center;\"><span style=\"font-size: 14pt;\">na\u0161e t\u011blo mnohem l\u00e9pe vst\u0159eb\u00e1 ne\u017e omega-3<\/span><\/p>\n<p style=\"text-align: center;\"><span style=\"font-size: 14pt;\">triglyceridy z ryb\u00edho oleje<\/span><\/p>\n<div class=\"clearboth\"><\/div><\/div> \t<div style=\"text-align: left;\" class=\"mk-text-block  true\"><div class=\"clearboth\"><\/div><\/div> <div style=\"padding: 10px 0 0px;\" class=\"mk-divider mk-shortcode divider_full_width center padding_space \"><div class=\"divider-inner\" style=\"\"><\/div><\/div><div class=\"clearboth\"><\/div>\n\t<\/div><\/div><div class=\"wpb_row vc_row  vc_row-fluid  mk-fullwidth-false  attched-false vc_row-fluid\">\n\t<div style=\"\" class=\"vc_col-sm-12 wpb_column column_container \">\n\t\t\t<span class=\"mk-font-icons mk-shortcode icon-align-center \"><i style=\"color:#aa1d1b;margin:4px 4px;\" class=\"mk-li-sun  mk-size-medium\"><\/i><\/span><div style=\"padding: 20px 0 20px;\" class=\"mk-divider mk-shortcode divider_full_width center padding_space \"><div class=\"divider-inner\" style=\"\"><\/div><\/div><div class=\"clearboth\"><\/div>\n\t<\/div><\/div><div class=\"wpb_row vc_row  vc_row-fluid  mk-fullwidth-false  attched-false vc_row-fluid\">\n\t<div style=\"\" class=\"vc_col-sm-12 wpb_column column_container \">\n\t\t\t<h3 style=\"font-size: 18px;text-align:left;color: #393836;font-weight:inherit;letter-spacing:0px;margin-top:0px;margin-bottom:20px;\" id=\"fancy-title-69d82f60813bf\" class=\"mk-shortcode mk-title-box  \"><span style=\"line-height:34px\">\n<p style=\"text-align: center;\" align=\"JUSTIFY\"><strong><span style=\"font-size: 14pt;\">Omega-3 fosfolipidy &#8211; l\u00e9pe vst\u0159ebateln\u00fd zdroj omega-3 mastn\u00fdch kyselin<\/span><\/strong><\/p>\n<\/span><\/h3><div class=\"clearboth\"><\/div>\t<div style=\"text-align: left;\" class=\"mk-text-block  true\"><p style=\"text-align: center;\">Pro\u010d bychom m\u011bli db\u00e1t na vy\u0161\u0161\u00ed p\u0159\u00edjem omega-3 mastn\u00fdch kyselin? Jejich dostate\u010dn\u00e1 konzumace p\u016fsob\u00ed\u00a0jako prevence proti mnoha nemocem, nebo pro zm\u00edrn\u011bn\u00ed jejich p\u0159\u00edznak\u016f. Omega-3 mastn\u00e9 kyseliny z krilu, kter\u00e9 se v\u00e1\u017eou na fosfolipidy, se mnohem \u00fa\u010dinn\u011bji absorbuj\u00ed tenk\u00fdm st\u0159evem a l\u00e9pe p\u0159en\u00e1\u0161ej\u00ed do tk\u00e1n\u00ed, ve srovn\u00e1n\u00ed s triglyceridy z ryb\u00edho oleje.<\/p>\n<p style=\"text-align: center;\">Dopln\u011bk stravy Krillan<sup>\u00ae<\/sup> je v\u00fdborn\u00fdm zdrojem omega-3 mastn\u00fdch kyselin. L\u00e9pe se vst\u0159eb\u00e1v\u00e1 a p\u016fsob\u00ed siln\u011bji ne\u017e alternativn\u00ed p\u0159\u00edpravky z ryb\u00edho oleje.<\/p>\n<div class=\"clearboth\"><\/div><\/div> \n\t<\/div><\/div><div class=\"wpb_row vc_row  vc_row-fluid  mk-fullwidth-false  attched-false vc_row-fluid\">\n\t<div style=\"\" class=\"vc_col-sm-12 wpb_column column_container \">\n\t\t\t<div style=\"padding: 20px 0 20px;\" class=\"mk-divider mk-shortcode divider_full_width center padding_space \"><div class=\"divider-inner\" style=\"\"><\/div><\/div><div class=\"clearboth\"><\/div><span class=\"mk-font-icons mk-shortcode icon-align-center \"><i style=\"color:#aa1d1b;margin:4px 4px;\" class=\"mk-li-sun  mk-size-medium\"><\/i><\/span>\n\t<\/div><\/div>","protected":false},"excerpt":{"rendered":"S\u00edla fosfolipid\u016f Fosfolipidy jsou speci\u00e1ln\u00ed molekuly tuk\u016f obsa\u017een\u00e9 v krilov\u00e9m oleji. Na fosfolipidy se v\u00e1\u017eou omega-3 mastn\u00e9 kyseliny EPA a DHA. Jak\u00fd maj\u00ed omega-3 fosfolipidy p\u0159\u00ednos pro n\u00e1\u0161 organismus? V lidsk\u00e9m t\u011ble jsou absorbov\u00e1ny a vyu\u017e\u00edv\u00e1ny mnohem l\u00e9pe ne\u017e triglyceridy. O fosfolipidech m\u016f\u017eete uva\u017eovat jako o z\u00e1kladn\u00edch stavebn\u00edch jednotk\u00e1ch bun\u011b\u010dn\u00fdch membr\u00e1n. P\u0159edstavuj\u00ed nejlep\u0161\u00ed dostupn\u00fd zdroj [...]","protected":false},"author":3,"featured_media":0,"parent":28,"menu_order":0,"comment_status":"closed","ping_status":"closed","template":"","meta":[],"_links":{"self":[{"href":"http:\/\/krillan.eu\/cs\/wp-json\/wp\/v2\/pages\/69"}],"collection":[{"href":"http:\/\/krillan.eu\/cs\/wp-json\/wp\/v2\/pages"}],"about":[{"href":"http:\/\/krillan.eu\/cs\/wp-json\/wp\/v2\/types\/page"}],"author":[{"embeddable":true,"href":"http:\/\/krillan.eu\/cs\/wp-json\/wp\/v2\/users\/3"}],"replies":[{"embeddable":true,"href":"http:\/\/krillan.eu\/cs\/wp-json\/wp\/v2\/comments?post=69"}],"version-history":[{"count":67,"href":"http:\/\/krillan.eu\/cs\/wp-json\/wp\/v2\/pages\/69\/revisions"}],"predecessor-version":[{"id":2154,"href":"http:\/\/krillan.eu\/cs\/wp-json\/wp\/v2\/pages\/69\/revisions\/2154"}],"up":[{"embeddable":true,"href":"http:\/\/krillan.eu\/cs\/wp-json\/wp\/v2\/pages\/28"}],"wp:attachment":[{"href":"http:\/\/krillan.eu\/cs\/wp-json\/wp\/v2\/media?parent=69"}],"curies":[{"name":"wp","href":"https:\/\/api.w.org\/{rel}","templated":true}]}}