{"id":56,"date":"2015-10-26T11:11:20","date_gmt":"2015-10-26T11:11:20","guid":{"rendered":"http:\/\/krillan.eu.uvirt45.active24.cz\/?page_id=56"},"modified":"2016-04-29T08:22:00","modified_gmt":"2016-04-29T08:22:00","slug":"why-is-krill-oil-better-than-fish-oil","status":"publish","type":"page","link":"http:\/\/krillan.eu\/cs\/krillan\/why-is-krill-oil-better-than-fish-oil\/","title":{"rendered":"Pro\u010d je krilov\u00fd olej lep\u0161\u00ed ne\u017e ryb\u00ed olej"},"content":{"rendered":"<div class=\"wpb_row vc_row  vc_row-fluid  mk-fullwidth-false  attched-false vc_row-fluid\">\n\t<div style=\"\" class=\"vc_col-sm-6 wpb_column column_container \">\n\t\t\t<h2 style=\"font-size: 18px;text-align:center;color: #dd3333;font-style:inherit;font-weight:inherit;padding-top:0px;padding-bottom:20px; text-transform:initial;letter-spacing:0px;\" id=\"fancy-title-69d444527f6cb\" class=\"mk-shortcode mk-fancy-title fancy-title-align-center simple-style \"><span style=\"\">Krilov\u00fd olej je mnohem \u00fa\u010dinn\u011bj\u0161\u00ed ne\u017e ryb\u00ed olej<\/span><\/h2><div class=\"clearboth\"><\/div><div class=\"mk-image-shortcode mk-shortcode   align-center simple-frame inside-image \" style=\"max-width: 800px; margin-bottom:10px\"><div class=\"mk-image-inner\"><img class=\"lightbox-false\" alt=\"\" title=\"\" src=\"http:\/\/krillan.eu\/wp-content\/uploads\/2015\/10\/symbol-10-kruhu2.jpg\" \/><\/div><div class=\"clearboth\"><\/div><\/div>\t<div style=\"text-align: left;\" class=\"mk-text-block  true\"><p style=\"text-align: center;\"><span style=\"font-size: 14pt;\">Lep\u0161\u00ed p\u0159enos EPA a DHA kyselin do bun\u011bk<\/span><\/p>\n<p style=\"text-align: center;\">Omega-3 mastn\u00e9 kyseliny EPA a DHA z krilov\u00e9ho oleje jsou extr\u00e9mn\u011b \u00fa\u010dinn\u00e9 d\u00edky prov\u00e1zanosti na fosfolipidy ve sv\u00e9 chemick\u00e9 struktu\u0159e. Ta zvy\u0161uje jejich vst\u0159ebatelnost a vyu\u017eitelnost v lidsk\u00e9m t\u011ble ve srovn\u00e1n\u00ed s b\u011b\u017en\u00fdmi p\u0159\u00edpravky z ryb\u00edho oleje. V nich se omega-3 mastn\u00e9 kyseliny standardn\u011b v\u00e1\u017eou na triglyceridy.<\/p>\n<div class=\"clearboth\"><\/div><\/div> <div class=\"mk-image-shortcode mk-shortcode   align-center simple-frame inside-image \" style=\"max-width: 800px; margin-bottom:10px\"><div class=\"mk-image-inner\"><img class=\"lightbox-false\" alt=\"\" title=\"\" src=\"http:\/\/krillan.eu\/wp-content\/uploads\/2015\/10\/symbol-10-kruhu2.jpg\" \/><\/div><div class=\"clearboth\"><\/div><\/div>\t<div style=\"text-align: left;\" class=\"mk-text-block  true\"><p style=\"text-align: center;\"><span style=\"font-size: 14pt;\">Vy\u0161\u0161\u00ed \u00fa\u010dinnost<\/span><\/p>\n<p style=\"text-align: center;\" align=\"LEFT\">Studie prok\u00e1zaly, \u017ee men\u0161\u00ed d\u00e1vky omega-3 mastn\u00fdch kyselin z krilov\u00e9ho oleje jsou stejn\u011b \u00fa\u010dinn\u00e9 jako vy\u0161\u0161\u00ed d\u00e1vky omega-3 mastn\u00fdch kyselin z tradi\u010dn\u00edho ryb\u00edho oleje.<\/p>\n<div class=\"clearboth\"><\/div><\/div> \n\t<\/div>\n\t<div style=\"\" class=\"vc_col-sm-6 wpb_column column_container \">\n\t\t\t\n\t<div class=\" \"><div class=\"mk-fancy-table mk-shortcode table-style1\">\n\t\t\t\n<table width=\"100%\">\n<thead>\n<tr>\n<th style=\"text-align: left;\">POROVN\u00c1N\u00cd KRILOV\u00c9HO A RYB\u00cdHO OLEJE<\/th>\n<th>KRILOV\u00dd OLEJ<\/th>\n<th>RYB\u00cd OLEJ<\/th>\n<\/tr>\n<\/thead>\n<tbody>\n<tr>\n<td style=\"text-align: left;\">Omega-3 mastn\u00e9 kyseliny<\/td>\n<td><a href=\"http:\/\/krillan.eu\/wp-content\/uploads\/2015\/10\/thick.png\"><img decoding=\"async\" loading=\"lazy\" class=\"alignnone wp-image-556\" src=\"http:\/\/krillan.eu\/wp-content\/uploads\/2015\/10\/thick.png\" alt=\"thick\" width=\"32\" height=\"32\" \/><\/a><\/td>\n<td><a href=\"http:\/\/krillan.eu\/wp-content\/uploads\/2015\/10\/thick.png\"><img decoding=\"async\" loading=\"lazy\" class=\"alignnone wp-image-556\" src=\"http:\/\/krillan.eu\/wp-content\/uploads\/2015\/10\/thick.png\" alt=\"thick\" width=\"32\" height=\"32\" \/><\/a><\/td>\n<\/tr>\n<tr>\n<td style=\"text-align: left;\">Mo\u0159sk\u00e9 fosfolipidy<\/td>\n<td><a href=\"http:\/\/krillan.eu\/wp-content\/uploads\/2015\/10\/thick.png\"><img decoding=\"async\" loading=\"lazy\" class=\"wp-image-556 alignnone\" src=\"http:\/\/krillan.eu\/wp-content\/uploads\/2015\/10\/thick.png\" alt=\"thick\" width=\"32\" height=\"32\" \/><\/a><\/td>\n<td><a href=\"http:\/\/krillan.eu\/wp-content\/uploads\/2015\/10\/cross.png\"><img decoding=\"async\" loading=\"lazy\" class=\"wp-image-555 alignnone\" src=\"http:\/\/krillan.eu\/wp-content\/uploads\/2015\/10\/cross.png\" alt=\"cross\" width=\"32\" height=\"32\" \/><\/a><\/td>\n<\/tr>\n<tr>\n<td style=\"text-align: left;\">Siln\u00e9 antioxidanty<\/td>\n<td><a href=\"http:\/\/krillan.eu\/wp-content\/uploads\/2015\/10\/thick.png\"><img decoding=\"async\" loading=\"lazy\" class=\"wp-image-556 alignnone\" src=\"http:\/\/krillan.eu\/wp-content\/uploads\/2015\/10\/thick.png\" alt=\"thick\" width=\"32\" height=\"32\" \/><\/a><\/td>\n<td><a href=\"http:\/\/krillan.eu\/wp-content\/uploads\/2015\/10\/cross.png\"><img decoding=\"async\" loading=\"lazy\" class=\"wp-image-555 alignnone\" src=\"http:\/\/krillan.eu\/wp-content\/uploads\/2015\/10\/cross.png\" alt=\"cross\" width=\"32\" height=\"32\" \/><\/a><\/td>\n<\/tr>\n<tr>\n<td style=\"text-align: left;\">Snadn\u00e9 u\u017e\u00edv\u00e1n\u00ed (mal\u00e9 tobolky)<\/td>\n<td><a href=\"http:\/\/krillan.eu\/wp-content\/uploads\/2015\/10\/thick.png\"><img decoding=\"async\" loading=\"lazy\" class=\"wp-image-556 alignnone\" src=\"http:\/\/krillan.eu\/wp-content\/uploads\/2015\/10\/thick.png\" alt=\"thick\" width=\"32\" height=\"32\" \/><\/a><\/td>\n<td><a href=\"http:\/\/krillan.eu\/wp-content\/uploads\/2015\/10\/cross.png\"><img decoding=\"async\" loading=\"lazy\" class=\"wp-image-555 alignnone\" src=\"http:\/\/krillan.eu\/wp-content\/uploads\/2015\/10\/cross.png\" alt=\"cross\" width=\"32\" height=\"32\" \/><\/a><\/td>\n<\/tr>\n<tr>\n<td style=\"text-align: left;\">Bez ryb\u00edho z\u00e1pachu a pachuti<\/td>\n<td><a href=\"http:\/\/krillan.eu\/wp-content\/uploads\/2015\/10\/thick.png\"><img decoding=\"async\" loading=\"lazy\" class=\"wp-image-556 alignnone\" src=\"http:\/\/krillan.eu\/wp-content\/uploads\/2015\/10\/thick.png\" alt=\"thick\" width=\"32\" height=\"32\" \/><\/a><\/td>\n<td><a href=\"http:\/\/krillan.eu\/wp-content\/uploads\/2015\/10\/cross.png\"><img decoding=\"async\" loading=\"lazy\" class=\"wp-image-555 alignnone\" src=\"http:\/\/krillan.eu\/wp-content\/uploads\/2015\/10\/cross.png\" alt=\"cross\" width=\"32\" height=\"32\" \/><\/a><\/td>\n<\/tr>\n<tr>\n<td style=\"text-align: left;\">Bez \u0161kodliv\u00fdch l\u00e1tek<\/td>\n<td><a href=\"http:\/\/krillan.eu\/wp-content\/uploads\/2015\/10\/thick.png\"><img decoding=\"async\" loading=\"lazy\" class=\"wp-image-556 alignnone\" src=\"http:\/\/krillan.eu\/wp-content\/uploads\/2015\/10\/thick.png\" alt=\"thick\" width=\"32\" height=\"32\" \/><\/a><\/td>\n<td><a href=\"http:\/\/krillan.eu\/wp-content\/uploads\/2015\/10\/cross.png\"><img decoding=\"async\" loading=\"lazy\" class=\"wp-image-555 alignnone\" src=\"http:\/\/krillan.eu\/wp-content\/uploads\/2015\/10\/cross.png\" alt=\"cross\" width=\"32\" height=\"32\" \/><\/a><\/td>\n<\/tr>\n<tr>\n<td style=\"text-align: left;\">Vysok\u00e1 \u00fa\u010dinnost, vynikaj\u00edc\u00ed vst\u0159ebatelnost<\/td>\n<td><a href=\"http:\/\/krillan.eu\/wp-content\/uploads\/2015\/10\/thick.png\"><img decoding=\"async\" loading=\"lazy\" class=\"wp-image-556 alignnone\" src=\"http:\/\/krillan.eu\/wp-content\/uploads\/2015\/10\/thick.png\" alt=\"thick\" width=\"32\" height=\"32\" \/><\/a><\/td>\n<td><a href=\"http:\/\/krillan.eu\/wp-content\/uploads\/2015\/10\/cross.png\"><img decoding=\"async\" loading=\"lazy\" class=\"wp-image-555 alignnone\" src=\"http:\/\/krillan.eu\/wp-content\/uploads\/2015\/10\/cross.png\" alt=\"cross\" width=\"32\" height=\"32\" \/><\/a><\/td>\n<\/tr>\n<\/tbody>\n<\/table>\n\n\t<\/div><\/div>\n\t<\/div><\/div><div class=\"wpb_row vc_row  vc_row-fluid  mk-fullwidth-false  attched-false vc_row-fluid\">\n\t<div style=\"\" class=\"vc_col-sm-6 wpb_column column_container \">\n\t\t\t<div style=\"padding: 40px 0 40px;\" class=\"mk-divider mk-shortcode divider_full_width center padding_space \"><div class=\"divider-inner\" style=\"\"><\/div><\/div><div class=\"clearboth\"><\/div><div class=\"mk-image-shortcode mk-shortcode   align-center simple-frame inside-image \" style=\"max-width: 300px; margin-bottom:10px\"><div class=\"mk-image-inner\"><img class=\"lightbox-false\" alt=\"\" title=\"\" src=\"http:\/\/krillan.eu\/wp-content\/uploads\/2015\/10\/fish-vesr-krill-white2.jpg\" \/><\/div><div class=\"clearboth\"><\/div><\/div>\n\t<\/div>\n\t<div style=\"\" class=\"vc_col-sm-6 wpb_column column_container \">\n\t\t\t<div style=\"padding: 20px 0 20px;\" class=\"mk-divider mk-shortcode divider_full_width center padding_space \"><div class=\"divider-inner\" style=\"\"><\/div><\/div><div class=\"clearboth\"><\/div><div class=\"mk-image-shortcode mk-shortcode   align-center simple-frame inside-image \" style=\"max-width: 800px; margin-bottom:10px\"><div class=\"mk-image-inner\"><img class=\"lightbox-false\" alt=\"\" title=\"\" src=\"http:\/\/krillan.eu\/wp-content\/uploads\/2015\/10\/symbol-10-kruhu2.jpg\" \/><\/div><div class=\"clearboth\"><\/div><\/div>\t<div style=\"text-align: left;\" class=\"mk-text-block  true\"><p style=\"text-align: center;\"><span style=\"font-size: 14pt;\">Ochrana mastn\u00fdch kyselin p\u0159ed oxidac\u00ed<\/span><\/p>\n<p style=\"text-align: center;\">Jak\u00fdm zp\u016fsobem je krilov\u00fd olej chr\u00e1n\u011bn p\u0159ed oxidac\u00ed? Vysok\u00fd obsah omega-3 mastn\u00fdch kyselin v p\u0159\u00edpravku Krillan<sup>\u00ae<\/sup>, v porovn\u00e1n\u00ed s b\u011b\u017en\u00fdm ryb\u00edm olejem, je v\u00e1zan\u00fd na fosfolipidy a p\u0159irozen\u011b se vyskytuj\u00edc\u00ed antioxidant astaxanthin.<\/p>\n<p style=\"text-align: center;\">V\u011bdeck\u00e9 studie potvrdily, \u017ee omega-3 mastn\u00e9 kyseliny v\u00e1zan\u00e9 na fosfolipidy jsou v\u00fdrazn\u011b m\u00e9n\u011b n\u00e1chyln\u00e9 k oxidaci ne\u017e omega-3 mastn\u00e9 kyseliny v\u00e1zan\u00e9 tradi\u010dn\u011b na triglyceridy. Dodate\u010dnou ochranu a del\u0161\u00ed trvanlivost zaji\u0161\u0165uje siln\u00fd p\u0159\u00edrodn\u00ed antioxidant astaxanthin.<\/p>\n<p style=\"text-align: center;\">Do p\u0159\u00edpravk\u016f s ryb\u00edm olejem je nutn\u00e9 um\u011ble dod\u00e1vat antioxidanty, nap\u0159\u00edklad vitam\u00edn E. Krilov\u00fd olej m\u00e1 d\u00edky p\u0159\u00edrodn\u00edmu astaxanthinu ve srovn\u00e1n\u00ed s nimi n\u011bkolikan\u00e1sobn\u011b vy\u0161\u0161\u00ed antioxida\u010dn\u00ed \u00fa\u010dinky.<\/p>\n<div class=\"clearboth\"><\/div><\/div> \n\t<\/div><\/div><div class=\"wpb_row vc_row  vc_row-fluid  mk-fullwidth-false  attched-false vc_row-fluid\">\n\t<div style=\"\" class=\"vc_col-sm-6 wpb_column column_container \">\n\t\t\t<div class=\"mk-image-shortcode mk-shortcode   align-center simple-frame inside-image \" style=\"max-width: 800px; margin-bottom:10px\"><div class=\"mk-image-inner\"><img class=\"lightbox-false\" alt=\"\" title=\"\" src=\"http:\/\/krillan.eu\/wp-content\/uploads\/2015\/10\/symbol-10-kruhu2.jpg\" \/><\/div><div class=\"clearboth\"><\/div><\/div>\t<div style=\"text-align: left;\" class=\"mk-text-block  true\"><p style=\"text-align: center;\"><span style=\"font-size: 18.6667px; line-height: 28px;\">Bez \u0161kodliv\u00fdch l\u00e1tek<\/span><\/p>\n<p style=\"text-align: center;\">Krilov\u00fd olej se z\u00edsk\u00e1v\u00e1 z mal\u00fdch kor\u00fd\u0161\u016f, v souladu s udr\u017eiteln\u00fdm rozvojem. Dopln\u011bk stravy Krillan<sup>\u00ae<\/sup> poch\u00e1z\u00ed z k\u0159i\u0161\u0165\u00e1lov\u00fdch antarktick\u00fdch vod, kter\u00e9 jsou bez zne\u010di\u0161t\u011bn\u00ed, t\u011b\u017ek\u00fdch kov\u016f a dal\u0161\u00edch potenci\u00e1ln\u011b \u0161kodliv\u00fdch l\u00e1tek. Krilov\u00fd olej je produktem ekologick\u00e9ho v\u00fdlovu.<\/p>\n<div class=\"clearboth\"><\/div><\/div> <div class=\"mk-image-shortcode mk-shortcode   align-center simple-frame inside-image \" style=\"max-width: 800px; margin-bottom:10px\"><div class=\"mk-image-inner\"><img class=\"lightbox-false\" alt=\"\" title=\"\" src=\"http:\/\/krillan.eu\/wp-content\/uploads\/2015\/10\/symbol-10-kruhu2.jpg\" \/><\/div><div class=\"clearboth\"><\/div><\/div>\t<div style=\"text-align: left;\" class=\"mk-text-block  true\"><p style=\"text-align: center;\"><span style=\"font-size: 18.6667px; line-height: 28px;\">Pro lep\u0161\u00ed tr\u00e1ven\u00ed<\/span><\/p>\n<p style=\"text-align: center;\">Jeliko\u017e jsou omega-3 mastn\u00e9 kyseliny v\u00e1zan\u00e9 na fosfolipidy snadno rozpustn\u00e9 ve vod\u011b, l\u00e9pe se tr\u00e1v\u00ed a na\u0161e t\u011blo je efektivn\u011bji vyu\u017e\u00edv\u00e1. V porovn\u00e1n\u00ed s t\u00edm se omega-3 mastn\u00e9 kyseliny z ryb\u00edho oleje s vodou nem\u00eds\u00ed a trv\u00e1 dlouho, ne\u017e je na\u0161e t\u011blo vst\u0159eb\u00e1.<\/p>\n<div class=\"clearboth\"><\/div><\/div> \n\t<\/div>\n\t<div style=\"\" class=\"vc_col-sm-6 wpb_column column_container \">\n\t\t\t<div style=\"padding: 30px 0 30px;\" class=\"mk-divider mk-shortcode divider_full_width center padding_space \"><div class=\"divider-inner\" style=\"\"><\/div><\/div><div class=\"clearboth\"><\/div><div class=\"mk-image-shortcode mk-shortcode   align-center simple-frame inside-image \" style=\"max-width: 400px; margin-bottom:10px\"><div class=\"mk-image-inner\"><img class=\"lightbox-false\" alt=\"\" title=\"\" src=\"http:\/\/krillan.eu\/wp-content\/uploads\/2015\/10\/Krill-vers-fish-oil-kopie.jpg\" \/><\/div><div class=\"clearboth\"><\/div><\/div>\n\t<\/div><\/div><div class=\"wpb_row vc_row  vc_row-fluid  mk-fullwidth-false  attched-false vc_row-fluid\">\n\t<div style=\"\" class=\"vc_col-sm-12 wpb_column column_container \">\n\t\t\t<div class=\"mk-image-shortcode mk-shortcode   align-center simple-frame inside-image \" style=\"max-width: 800px; margin-bottom:10px\"><div class=\"mk-image-inner\"><img class=\"lightbox-false\" alt=\"\" title=\"\" src=\"http:\/\/krillan.eu\/wp-content\/uploads\/2015\/10\/symbol-10-kruhu2.jpg\" \/><\/div><div class=\"clearboth\"><\/div><\/div>\t<div style=\"text-align: left;\" class=\"mk-text-block  true\"><p style=\"text-align: center;\"><span style=\"font-size: 18.6667px; line-height: 28px;\">Mal\u00e9 tobolky bez ryb\u00ed pachuti<\/span><\/p>\n<p style=\"text-align: center;\">Pr\u016fzkum uk\u00e1zal velk\u00e9 rozd\u00edly v u\u017e\u00edv\u00e1n\u00ed krilov\u00e9ho a ryb\u00edho oleje s ohledem na komfort spot\u0159ebitele. T\u00e9m\u011b\u0159 40 % spot\u0159ebitel\u016f, zaj\u00edmaj\u00edc\u00edch se o zdrav\u00fd \u017eivotn\u00ed styl, uvedlo, \u017ee by cht\u011bli u\u017e\u00edvat omega-3 mastn\u00e9 kyseliny, ale ne v podob\u011b ryb\u00edho oleje, a to pr\u00e1v\u011b kv\u016fli nep\u0159\u00edjemn\u00e9 chuti, z\u00e1pachu a nepraktick\u00e9 velikosti kapsl\u00ed.<\/p>\n<p style=\"text-align: center;\">Pokud uva\u017eujete o dopln\u011bn\u00ed omega-3 mastn\u00fdch kyselin, je ide\u00e1ln\u00ed volbou dopln\u011bk stravy Krillan<sup>\u00ae<\/sup>, kter\u00fd nem\u00e1 \u017e\u00e1dn\u00e9 negativn\u00ed projevy ani p\u0159i dlouhodob\u00e9m u\u017e\u00edv\u00e1n\u00ed.<\/p>\n<div class=\"clearboth\"><\/div><\/div> <div style=\"padding: 20px 0 20px;\" class=\"mk-divider mk-shortcode divider_full_width center padding_space \"><div class=\"divider-inner\" style=\"\"><\/div><\/div><div class=\"clearboth\"><\/div>\n\t<\/div><\/div><div class=\"wpb_row vc_row  vc_row-fluid  mk-fullwidth-false  attched-false vc_row-fluid\">\n\t<div style=\"\" class=\"vc_col-sm-6 wpb_column column_container \">\n\t\t\t<div class=\"mk-content-box mk-shortcode  \"><span class=\"content-box-heading\"><i class=\"\"><\/i> RYB\u00cd OLEJ VE VOD\u011a<\/span><div class=\"content-box-content\"><div class=\"mk-image-shortcode mk-shortcode   align-center simple-frame inside-image \" style=\"max-width: 700px; margin-bottom:8px\"><div class=\"mk-image-inner\"><img class=\"lightbox-false\" alt=\"\" title=\"\" src=\"http:\/\/krillan.eu\/wp-content\/uploads\/2015\/10\/tryglicerids-vers-phospholipids-3a-kopie.jpg\" \/><\/div><div class=\"clearboth\"><\/div><\/div>\t<div style=\"text-align: left;\" class=\"mk-text-block  true\"><p style=\"text-align: center;\">\u2022 \u0160patn\u011b se rozpou\u0161t\u00ed ve vod\u011b.<br \/>\n\u2022\u00a0Vytv\u00e1\u0159\u00ed mastn\u00e1 oka na vodn\u00ed hladin\u011b.<br \/>\n\u2022\u00a0Omega-3 mastn\u00e9 kyseliny se mus\u00ed ve st\u0159ev\u011b homogenizovat pomoc\u00ed emulg\u00e1toru. A\u017e pak je m\u016f\u017ee t\u011blo vst\u0159ebat.<\/p>\n<div class=\"clearboth\"><\/div><\/div> <div style=\"padding: 15px 0 15px;\" class=\"mk-divider mk-shortcode divider_full_width center padding_space \"><div class=\"divider-inner\" style=\"\"><\/div><\/div><div class=\"clearboth\"><\/div>\n<\/div><div class=\"clearboth\"><\/div><\/div>\n\t<\/div>\n\t<div style=\"\" class=\"vc_col-sm-6 wpb_column column_container \">\n\t\t\t<div class=\"mk-content-box mk-shortcode  \"><span class=\"content-box-heading\"><i class=\"\"><\/i> KRILOV\u00dd OLEJ VE VOD\u011a<\/span><div class=\"content-box-content\"><div style=\"padding: 5px 0 5px;\" class=\"mk-divider mk-shortcode divider_full_width center padding_space \"><div class=\"divider-inner\" style=\"\"><\/div><\/div><div class=\"clearboth\"><\/div><div class=\"mk-image-shortcode mk-shortcode   align-center simple-frame inside-image \" style=\"max-width: 700px; margin-bottom:10px\"><div class=\"mk-image-inner\"><img class=\"lightbox-false\" alt=\"\" title=\"\" src=\"http:\/\/krillan.eu\/wp-content\/uploads\/2015\/10\/tryglicerids-vers-phospholipids-4-kopie.jpg\" \/><\/div><div class=\"clearboth\"><\/div><\/div>\t<div style=\"text-align: center;\" class=\"mk-text-block  true\"><p style=\"text-align: center;\">\u2022 Dob\u0159e se rozpou\u0161t\u00ed ve vod\u011b.<br \/>\n\u2022 Vznik\u00e1 st\u00e1l\u00e1 a stejnorod\u00e1 suspenze.<br \/>\n\u2022\u00a0Vytv\u00e1\u0159\u00ed mal\u00e9 tukov\u00e9 micely, kter\u00e9 jsou nezbytnou podm\u00ednkou pro snadn\u00e9 vst\u0159eb\u00e1v\u00e1n\u00ed.<\/p>\n<p style=\"text-align: center;\"><span style=\"color: #ffffff;\">\u2022<\/span><\/p>\n<div class=\"clearboth\"><\/div><\/div>\n<\/div><div class=\"clearboth\"><\/div><\/div>\n\t<\/div><\/div><div class=\"wpb_row vc_row  vc_row-fluid  mk-fullwidth-false  attched-false vc_row-fluid\">\n\t<div style=\"\" class=\"vc_col-sm-12 wpb_column column_container \">\n\t\t\t<div style=\"padding: 20px 0 20px;\" class=\"mk-divider mk-shortcode divider_full_width center padding_space \"><div class=\"divider-inner\" style=\"\"><\/div><\/div><div class=\"clearboth\"><\/div><div class=\"mk-image-shortcode mk-shortcode   align-center simple-frame inside-image \" style=\"max-width: 400px; margin-bottom:10px\"><div class=\"mk-image-inner\"><img class=\"lightbox-false\" alt=\"\" title=\"\" src=\"http:\/\/krillan.eu\/wp-content\/uploads\/2015\/10\/Krillan-The-Superior-source-of-Omega-3-CZ-kopie.jpg\" \/><\/div><div class=\"clearboth\"><\/div><\/div><div style=\"padding: 20px 0 20px;\" class=\"mk-divider mk-shortcode divider_full_width center padding_space \"><div class=\"divider-inner\" style=\"\"><\/div><\/div><div class=\"clearboth\"><\/div>\n\t<\/div><\/div>","protected":false},"excerpt":{"rendered":"Krilov\u00fd olej je mnohem \u00fa\u010dinn\u011bj\u0161\u00ed ne\u017e ryb\u00ed olej Lep\u0161\u00ed p\u0159enos EPA a DHA kyselin do bun\u011bk Omega-3 mastn\u00e9 kyseliny EPA a DHA z krilov\u00e9ho oleje jsou extr\u00e9mn\u011b \u00fa\u010dinn\u00e9 d\u00edky prov\u00e1zanosti na fosfolipidy ve sv\u00e9 chemick\u00e9 struktu\u0159e. Ta zvy\u0161uje jejich vst\u0159ebatelnost a vyu\u017eitelnost v lidsk\u00e9m t\u011ble ve srovn\u00e1n\u00ed s b\u011b\u017en\u00fdmi p\u0159\u00edpravky z ryb\u00edho oleje. V nich [...]","protected":false},"author":3,"featured_media":0,"parent":21,"menu_order":0,"comment_status":"closed","ping_status":"closed","template":"","meta":[],"_links":{"self":[{"href":"http:\/\/krillan.eu\/cs\/wp-json\/wp\/v2\/pages\/56"}],"collection":[{"href":"http:\/\/krillan.eu\/cs\/wp-json\/wp\/v2\/pages"}],"about":[{"href":"http:\/\/krillan.eu\/cs\/wp-json\/wp\/v2\/types\/page"}],"author":[{"embeddable":true,"href":"http:\/\/krillan.eu\/cs\/wp-json\/wp\/v2\/users\/3"}],"replies":[{"embeddable":true,"href":"http:\/\/krillan.eu\/cs\/wp-json\/wp\/v2\/comments?post=56"}],"version-history":[{"count":50,"href":"http:\/\/krillan.eu\/cs\/wp-json\/wp\/v2\/pages\/56\/revisions"}],"predecessor-version":[{"id":2049,"href":"http:\/\/krillan.eu\/cs\/wp-json\/wp\/v2\/pages\/56\/revisions\/2049"}],"up":[{"embeddable":true,"href":"http:\/\/krillan.eu\/cs\/wp-json\/wp\/v2\/pages\/21"}],"wp:attachment":[{"href":"http:\/\/krillan.eu\/cs\/wp-json\/wp\/v2\/media?parent=56"}],"curies":[{"name":"wp","href":"https:\/\/api.w.org\/{rel}","templated":true}]}}