{"id":54,"date":"2015-10-26T11:11:01","date_gmt":"2015-10-26T11:11:01","guid":{"rendered":"http:\/\/krillan.eu.uvirt45.active24.cz\/?page_id=54"},"modified":"2016-06-24T08:06:31","modified_gmt":"2016-06-24T08:06:31","slug":"where-is-krill-oil-from","status":"publish","type":"page","link":"http:\/\/krillan.eu\/cs\/krillan\/where-is-krill-oil-from\/","title":{"rendered":"Odkud se z\u00edsk\u00e1v\u00e1 krilov\u00fd olej"},"content":{"rendered":"<div class=\"wpb_row vc_row  vc_row-fluid  mk-fullwidth-false  attched-false vc_row-fluid\">\n\t<div style=\"\" class=\"vc_col-sm-12 wpb_column column_container \">\n\t\t\t<h2 style=\"font-size: 18px;text-align:center;color: #dd3333;font-style:inherit;font-weight:inherit;padding-top:0px;padding-bottom:20px; text-transform:initial;letter-spacing:0px;\" id=\"fancy-title-69d83c86aba11\" class=\"mk-shortcode mk-fancy-title fancy-title-align-center simple-style \"><span style=\"\"><span style=\"font-size: 24px; line-height: 36px;\">S\u00e1hn\u011bte po jedine\u010dn\u00e9m dopl\u0148ku stravy a\u017e z Antarktidy<\/span><\/span><\/h2><div class=\"clearboth\"><\/div>\t<div style=\"text-align: left;\" class=\"mk-text-block  true\"><p style=\"text-align: center;\"><span style=\"font-size: 14pt;\">Krillan<\/span><sup>\u00ae <\/sup><span style=\"font-size: 14pt;\">obsahuje omega-3 mastn\u00e9 kyseliny z nej\u010dist\u0161\u00edch vod sv\u011bta<\/span><\/p>\n<p style=\"text-align: center;\">Dopln\u011bk stravy Krillan<sup>\u00ae<\/sup> se vyr\u00e1b\u00ed z krilov\u00e9ho oleje. Poch\u00e1z\u00ed z jedine\u010dn\u00e9ho zdroje &#8211; antarktick\u00e9ho krilu. Ten se pohybuje v hejnech a \u017eiv\u00ed se mikroskopickou \u0159asou, bohatou na omega-3 mastn\u00e9 kyseliny a astaxanthin.<\/p>\n<p style=\"text-align: center;\">Siln\u00fd antioxidant astaxanthin p\u0159\u00edpravku Krillan<sup>\u00ae<\/sup> prop\u016fj\u010duje nezam\u011bnitelnou barvu a co je mnohem d\u016fle\u017eit\u011bj\u0161\u00ed, p\u016fsob\u00ed t\u00e9\u017e jako p\u0159\u00edrodn\u00ed konzervant.<\/p>\n<div class=\"clearboth\"><\/div><\/div> <div style=\"padding: 30px 0 30px;\" class=\"mk-divider mk-shortcode divider_full_width center padding_space \"><div class=\"divider-inner\" style=\"\"><\/div><\/div><div class=\"clearboth\"><\/div><div class=\"mk-image-shortcode mk-shortcode   align-center simple-frame inside-image \" style=\"max-width: 750px; margin-bottom:0px\"><div class=\"mk-image-inner\"><img class=\"lightbox-false\" alt=\"\" title=\"\" src=\"http:\/\/krillan.eu\/wp-content\/uploads\/2015\/10\/1-Dollarphotoclub_47673547.jpg\" \/><\/div><div class=\"clearboth\"><\/div><\/div><div class=\"wpb_row vc_inner vc_row  vc_row-fluid   attched-false vc_row-fluid\"><div class=\"wpb_column vc_column_container vc_col-sm-12\"><div class=\"wpb_wrapper\"><div style=\"padding: 10px 0 20px;\" class=\"mk-divider mk-shortcode divider_full_width center padding_space \"><div class=\"divider-inner\" style=\"\"><\/div><\/div><div class=\"clearboth\"><\/div><div id=\"ajax-69d83c86afcba\" class=\"mk-dynamic-styles\"><!--  #mk-icon-box-69d83c86afcba .mk-box-icon-2-icon { font-size:32px; color:#969b8f; } #mk-icon-box-69d83c86afcba .mk-box-icon-2-icon:hover{ }--><\/div><div id=\"mk-icon-box-69d83c86afcba\" class=\"mk-box-icon-2  box-align-center \">    <div class=\"mk-box-icon-2-icon size-32\"><i class=\"mk-moon-compass\"><\/i><\/div>    <h3 class=\"mk-box-icon-2-title\" style=\"font-weight:inherit; font-size:14px; color:; padding:0px 0 0px 0;\"><\/h3>    <div class=\"mk-box-icon-2-content\"><\/div><\/div><div style=\"padding: 20px 0 20px;\" class=\"mk-divider mk-shortcode divider_full_width center padding_space \"><div class=\"divider-inner\" style=\"\"><\/div><\/div><div class=\"clearboth\"><\/div><\/div><\/div><\/div>\n\t<\/div><\/div><div class=\"wpb_row vc_row  vc_row-fluid  mk-fullwidth-false  attched-false vc_row-fluid\">\n\t<div style=\"\" class=\"vc_col-sm-6 wpb_column column_container \">\n\t\t\t<div style=\"padding: 10px 0 0px;\" class=\"mk-divider mk-shortcode divider_full_width left padding_space \"><div class=\"divider-inner\" style=\"\"><\/div><\/div><div class=\"clearboth\"><\/div><div class=\"mk-image-shortcode mk-shortcode   align-left simple-frame inside-image \" style=\"max-width: 800px; margin-bottom:10px\"><div class=\"mk-image-inner\"><img class=\"lightbox-false\" alt=\"\" title=\"\" src=\"http:\/\/krillan.eu\/wp-content\/uploads\/2015\/10\/antartica-2-kopie.jpg\" \/><\/div><div class=\"clearboth\"><\/div><\/div>\n\t<\/div>\n\t<div style=\"\" class=\"vc_col-sm-6 wpb_column column_container \">\n\t\t\t<div style=\"padding: 10px 0 0px;\" class=\"mk-divider mk-shortcode divider_full_width left padding_space \"><div class=\"divider-inner\" style=\"\"><\/div><\/div><div class=\"clearboth\"><\/div>\t<div style=\"text-align: left;\" class=\"mk-text-block  true\"><p style=\"text-align: center;\"><span style=\"font-size: 14pt;\">Kril se z\u00edsk\u00e1v\u00e1 z k\u0159i\u0161\u0165\u00e1lov\u00fdch vod Ji\u017en\u00edho oce\u00e1nu u\u00a0Antarktidy<\/span><\/p>\n<p style=\"text-align: center;\">Kril se nach\u00e1z\u00ed na samotn\u00e9m po\u010d\u00e1tku potravinov\u00e9ho \u0159et\u011bzce. Obsahuje pouze minimum \u0161kodlivin. Je v n\u011bm zastoupen\u00a0p\u0159\u00edrodn\u00ed antioxidant astaxanthin, kter\u00fd pom\u00e1h\u00e1 zachov\u00e1vat vysok\u00fd obsah prosp\u011b\u0161n\u00fdch omega-3 mastn\u00fdch kyselin v dopl\u0148ku stravy Krillan<sup>\u00ae<\/sup>.\u00a0V porovn\u00e1n\u00ed s ostatn\u00edmi zdroji omega-3 mastn\u00fdch kyselin na Zemi, je kril p\u0159ekvapiv\u011b m\u00e1lo vyu\u017e\u00edv\u00e1n.<\/p>\n<p style=\"text-align: center;\">Ji\u017en\u00ed polokouli na v\u011bt\u0161in\u011b m\u00edst\u00a0zal\u00edv\u00e1 voda a tamn\u00ed pevnina nen\u00ed t\u00e9m\u011b\u0159 poznamen\u00e1na pr\u016fmyslem ani zem\u011bd\u011blstv\u00edm jako mnoho jin\u00fdch oblast\u00ed na severu. Jeliko\u017e Z\u00e1padn\u00ed p\u0159\u00edhon (nejv\u011bt\u0161\u00ed mo\u0159sk\u00fd proud na Zemi, kter\u00fd obt\u00e9k\u00e1 Antarktidu) odd\u011bluje tento region od ostatn\u00edch oce\u00e1n\u016f, nepronikne sem \u017e\u00e1dn\u00e9 v\u00fdznamn\u00e9 zne\u010di\u0161t\u011bn\u00ed.<\/p>\n<p style=\"text-align: center;\">\u00a4<\/p>\n<p style=\"text-align: center;\"><span style=\"font-size: 14pt;\">Komer\u010dn\u00ed v\u00fdlov krilu zp\u016fsobem \u0161etrn\u00fdm k \u017eivotn\u00edmu prost\u0159ed\u00ed je opravdu n\u00e1ro\u010dn\u00fd<\/span><\/p>\n<p style=\"text-align: center;\">P\u0159i zpracov\u00e1n\u00ed krilov\u00e9ho oleje se nevyu\u017e\u00edv\u00e1 tradi\u010dn\u00ed metoda v\u00fdlovu vle\u010dn\u00fdmi s\u00edt\u011bmi, kter\u00e1\u00a0m\u00e1 na \u017eivo\u010dichy devastuj\u00edc\u00ed \u00fa\u010dinky.<\/p>\n<p style=\"text-align: center;\">Vyu\u017e\u00edvan\u00fd syst\u00e9m ekologick\u00e9ho v\u00fdlovu umo\u017e\u0148uje, aby s\u00ed\u0165 z\u016fstala po celou dobu v\u00fdlovu pod vodou. Je prov\u011b\u0159eno, \u017ee tato patentovan\u00e1 technologie a nov\u00e1 metoda v\u00fdlovu minimalizuje vedlej\u0161\u00ed \u00falovky jin\u00fdch \u017eivo\u010di\u0161n\u00fdch druh\u016f.\u00a0Zpracov\u00e1n\u00ed krilu prob\u00edh\u00e1 okam\u017eit\u011b po vyloven\u00ed.<\/p>\n<div class=\"clearboth\"><\/div><\/div> \n\t<\/div><\/div><div class=\"wpb_row vc_row  vc_row-fluid  mk-fullwidth-false  attched-false vc_row-fluid\">\n\t<div style=\"\" class=\"vc_col-sm-12 wpb_column column_container \">\n\t\t\t<div class=\"wpb_row vc_inner vc_row  vc_row-fluid   attched-false vc_row-fluid\"><div class=\"wpb_column vc_column_container vc_col-sm-12\"><div class=\"wpb_wrapper\"><div style=\"padding: 10px 0 20px;\" class=\"mk-divider mk-shortcode divider_full_width center padding_space \"><div class=\"divider-inner\" style=\"\"><\/div><\/div><div class=\"clearboth\"><\/div><div id=\"ajax-69d83c86b62ca\" class=\"mk-dynamic-styles\"><!--  #mk-icon-box-69d83c86b62ca .mk-box-icon-2-icon { font-size:32px; color:#969b8f; } #mk-icon-box-69d83c86b62ca .mk-box-icon-2-icon:hover{ }--><\/div><div id=\"mk-icon-box-69d83c86b62ca\" class=\"mk-box-icon-2  box-align-center \">    <div class=\"mk-box-icon-2-icon size-32\"><i class=\"mk-moon-compass\"><\/i><\/div>    <h3 class=\"mk-box-icon-2-title\" style=\"font-weight:inherit; font-size:14px; color:; padding:0px 0 0px 0;\"><\/h3>    <div class=\"mk-box-icon-2-content\"><\/div><\/div><div style=\"padding: 20px 0 20px;\" class=\"mk-divider mk-shortcode divider_full_width center padding_space \"><div class=\"divider-inner\" style=\"\"><\/div><\/div><div class=\"clearboth\"><\/div><\/div><\/div><\/div>\n\t<\/div><\/div><div class=\"wpb_row vc_row  vc_row-fluid  mk-fullwidth-false  attched-false vc_row-fluid\">\n\t<div style=\"\" class=\"vc_col-sm-12 wpb_column column_container \">\n\t\t\t\n\t<\/div><\/div><div class=\"wpb_row vc_row  vc_row-fluid  mk-fullwidth-false  attched-false vc_row-fluid\">\n\t<div style=\"\" class=\"vc_col-sm-12 wpb_column column_container \">\n\t\t\t\n\t<\/div><\/div><div class=\"wpb_row vc_row  vc_row-fluid  mk-fullwidth-false  attched-false vc_row-fluid\">\n\t<div style=\"\" class=\"vc_col-sm-12 wpb_column column_container \">\n\t\t\t<h2 style=\"font-size: 14px;text-align:left;color: #3d3d3d;font-style:inherit;font-weight:inherit;padding-top:0px;padding-bottom:20px; text-transform:initial;letter-spacing:0px;\" id=\"fancy-title-69d83c86b8306\" class=\"mk-shortcode mk-fancy-title fancy-title-align-left simple-style \"><span style=\"\">\n<p style=\"text-align: center;\"><span style=\"font-size: 14pt;\">Antarktick\u00fd kril (Euphausia superba)<\/span><\/p>\n<\/span><\/h2><div class=\"clearboth\"><\/div>\t<div style=\"text-align: left;\" class=\"mk-text-block  true\"><p style=\"text-align: center;\"><em><span style=\"font-size: 14pt;\">Antarktick\u00fd kril (Euphausia superba) se pohybuje v obrovsk\u00fdch hejnech a \u017eiv\u00ed se mikroskopickou \u0159asou v ledov\u00fdch vod\u00e1ch Ji\u017en\u00edho oce\u00e1nu.<\/span><\/em><\/p>\n<p style=\"text-align: center;\">Ta produkuje omega-3 mastn\u00e9 kyseliny EPA a DHA, kter\u00e9 se n\u00e1sledn\u011b st\u00e1vaj\u00edc\u00ed sou\u010d\u00e1st\u00ed krilov\u00e9ho oleje. Extrahovan\u00e9 omega-3 mastn\u00e9 kyseliny s sebou nesou i dal\u0161\u00ed prosp\u011b\u0161n\u00e9 l\u00e1tky, mezi n\u011b\u017e pat\u0159\u00ed fosfolipidy, cholin a astaxanthin. Tato p\u0159esn\u00e1 kombinace prvk\u016f se zasluhuje o to, \u017ee dopln\u011bk stravy Krillan<sup>\u00ae<\/sup> je jedine\u010dn\u00fd na trhu s omega-3 prepar\u00e1ty.<\/p>\n<div class=\"clearboth\"><\/div><\/div> <div style=\"padding: 20px 0 20px;\" class=\"mk-divider mk-shortcode divider_full_width center padding_space \"><div class=\"divider-inner\" style=\"\"><\/div><\/div><div class=\"clearboth\"><\/div><div class=\"mk-image-shortcode mk-shortcode   align-center simple-frame inside-image \" style=\"max-width: 600px; margin-bottom:10px\"><div class=\"mk-image-inner\"><img class=\"lightbox-false\" alt=\"\" title=\"\" src=\"http:\/\/krillan.eu\/wp-content\/uploads\/2015\/10\/kril.jpg\" \/><\/div><div class=\"clearboth\"><\/div><\/div><div class=\"wpb_row vc_inner vc_row  vc_row-fluid   attched-false vc_row-fluid\"><div class=\"wpb_column vc_column_container vc_col-sm-12\"><div class=\"wpb_wrapper\"><div id=\"ajax-69d83c86bc6f0\" class=\"mk-dynamic-styles\"><!--  #mk-icon-box-69d83c86bc6f0 .mk-box-icon-2-icon { font-size:32px; color:#969b8f; } #mk-icon-box-69d83c86bc6f0 .mk-box-icon-2-icon:hover{ }--><\/div><div id=\"mk-icon-box-69d83c86bc6f0\" class=\"mk-box-icon-2  box-align-center \">    <div class=\"mk-box-icon-2-icon size-32\"><i class=\"mk-moon-compass\"><\/i><\/div>    <h3 class=\"mk-box-icon-2-title\" style=\"font-weight:inherit; font-size:14px; color:; padding:0px 0 0px 0;\"><\/h3>    <div class=\"mk-box-icon-2-content\"><\/div><\/div><div style=\"padding: 20px 0 20px;\" class=\"mk-divider mk-shortcode divider_full_width center padding_space \"><div class=\"divider-inner\" style=\"\"><\/div><\/div><div class=\"clearboth\"><\/div><\/div><\/div><\/div>\t<div style=\"text-align: left;\" class=\"mk-text-block  true\"><p style=\"text-align: center;\"><span style=\"font-size: 14pt;\"><em>Vlastnosti krilov\u00e9ho oleje ovliv\u0148uje ekosyst\u00e9m, v n\u011bm\u017e kril \u017eije, v\u0161e, \u010d\u00edm se \u017eiv\u00ed, a tak\u00e9 zp\u016fsob, jak\u00fdm je loven a zpracov\u00e1v\u00e1n.\u00a0<\/em><\/span><\/p>\n<p style=\"text-align: center;\">Dnes je zn\u00e1mo v\u00edce ne\u017e 80 druh\u016f krilu. M\u016f\u017ee se lovit pouze antarktick\u00fd kril, proto\u017ee \u017eije ve velk\u00fdch hejnech voln\u00e9ho oce\u00e1nu. Hejna krilu jsou dlouh\u00e1 a\u017e 6 kilometr\u016f a maj\u00ed hustotu a\u017e 1 milion jedinc\u016f na metr krychlov\u00fd.<\/p>\n<p style=\"text-align: center;\">Jeliko\u017e se antarktick\u00fd kril nach\u00e1z\u00ed na za\u010d\u00e1tku potravn\u00edho \u0159et\u011bzce, tak nekonzumuje a nehromad\u00ed v sob\u011b \u017e\u00e1dn\u00e9 t\u011b\u017ek\u00e9 kovy.<\/p>\n<p style=\"text-align: center;\">K \u010distot\u011b Ji\u017en\u00edho oce\u00e1nu a \u017eivotn\u00edho prost\u0159ed\u00ed v t\u00e9to lokalit\u011b v\u00fdznamn\u011b p\u0159isp\u00edv\u00e1 relativn\u011b n\u00edzk\u00e1 obchodn\u00ed \u010dinnost.<\/p>\n<p style=\"text-align: center;\">Antarktick\u00fd kril je nejdel\u0161\u00edm sv\u00e9ho druhu &#8211; jeho t\u011blo m\u011b\u0159\u00ed a\u017e\u00a06 centimetr\u016f. Do\u017e\u00edv\u00e1 se v\u011bku 5 a\u017e 6 let. Na prvn\u00ed pohled p\u0159ipom\u00edn\u00e1 krevetu. Na rozd\u00edl od n\u00ed m\u00e1 ale vn\u011bj\u0161\u00ed \u017e\u00e1bry a velmi aktivn\u00ed tr\u00e1v\u00edc\u00ed enzymy. V oce\u00e1nu se neust\u00e1le pohybuje nahoru a dol\u016f, \u010dasto ve sloupc\u00edch. B\u011bhem noc\u00ed v m\u011blk\u00fdch vod\u00e1ch vyhled\u00e1v\u00e1 \u0159asy a v hlubok\u00fdch vod\u00e1ch se p\u0159es den schov\u00e1v\u00e1 p\u0159ed dravci.<\/p>\n<p style=\"text-align: center;\">Ke sb\u00edr\u00e1n\u00ed mikroskopick\u00fdch \u0159as je dokonale vybaven t\u0159emi p\u00e1ry p\u0159edn\u00edch nohou a tuh\u00fdmi chlupy na vnit\u0159n\u00ed stran\u011b. Jeliko\u017e si nedok\u00e1\u017ee vytv\u00e1\u0159et velk\u00e9 tukov\u00e9 z\u00e1soby, tak v zim\u011b p\u0159e\u017e\u00edv\u00e1 pouze na \u0159as\u00e1ch, kter\u00e9 rostou na spodn\u00ed stran\u011b ledov\u00fdch ker. Kry mu z\u00e1rove\u0148 slou\u017e\u00ed jako ochrana p\u0159ed pred\u00e1tory a komer\u010dn\u00edm v\u00fdlovem.<\/p>\n<div class=\"clearboth\"><\/div><\/div> \n\t<\/div><\/div><div class=\"wpb_row vc_row  vc_row-fluid  mk-fullwidth-false  attched-false vc_row-fluid\">\n\t<div style=\"\" class=\"vc_col-sm-3 wpb_column column_container \">\n\t\t\t\n\t<\/div>\n\t<div style=\"\" class=\"vc_col-sm-6 wpb_column column_container \">\n\t\t\t<div style=\"padding: 40px 0 20px;\" class=\"mk-divider mk-shortcode divider_full_width center padding_space \"><div class=\"divider-inner\" style=\"\"><\/div><\/div><div class=\"clearboth\"><\/div><div style=\"max-width:550px;\" class=\"mk-slideshow-shortcode mk-flexslider mk-script-call \" data-animation=\"fade\" data-easing=\"swing\" data-direction=\"horizontal\" data-smoothHeight=\"true\" data-animationSpeed=\"700\" data-slideshowSpeed=\"7000\" data-pauseOnHover=\"false\" data-controlNav=\"false\" data-directionNav=\"true\" data-isCarousel=\"false\"><ul class=\"mk-flex-slides\"><li><img alt=\"\" src=\"http:\/\/krillan.eu\/wp-content\/uploads\/bfi_thumb\/Euphausia-superba-12-miwahsjfhpcycm365qod79dbl91ye1h13mkspazl6c.jpg\" \/><\/li>\n\n<li><img alt=\"\" src=\"http:\/\/krillan.eu\/wp-content\/uploads\/bfi_thumb\/Euphausia-superba-81-miwai5p65duyv5k20wd5661rwn93dsx9tfplf6g2r8.jpg\" \/><\/li>\n\n<li><img alt=\"\" src=\"http:\/\/krillan.eu\/wp-content\/uploads\/bfi_thumb\/Euphausia-superba-32-miwahz4atjlylvtm3bir6ppjqy5ivx75gj5728ptys.jpg\" \/><\/li>\n\n<li><img alt=\"\" src=\"http:\/\/krillan.eu\/wp-content\/uploads\/bfi_thumb\/Euphausia-superba__5876499_orig-mi9e5hora8qnjokkwzvemyz60nrlrmm2zkm1j8c450.png\" \/><\/li>\n\n<\/ul><\/div>\n\t<\/div>\n\t<div style=\"\" class=\"vc_col-sm-3 wpb_column column_container \">\n\t\t\t\n\t<\/div><\/div><div class=\"wpb_row vc_row  vc_row-fluid  mk-fullwidth-false  attched-false vc_row-fluid\">\n\t<div style=\"\" class=\"vc_col-sm-12 wpb_column column_container \">\n\t\t\t<div class=\"wpb_row vc_inner vc_row  vc_row-fluid   attched-false vc_row-fluid\"><div class=\"wpb_column vc_column_container vc_col-sm-12\"><div class=\"wpb_wrapper\"><div style=\"padding: 10px 0 20px;\" class=\"mk-divider mk-shortcode divider_full_width center padding_space \"><div class=\"divider-inner\" style=\"\"><\/div><\/div><div class=\"clearboth\"><\/div><div id=\"ajax-69d83c86c1fb5\" class=\"mk-dynamic-styles\"><!--  #mk-icon-box-69d83c86c1fb5 .mk-box-icon-2-icon { font-size:32px; color:#969b8f; } #mk-icon-box-69d83c86c1fb5 .mk-box-icon-2-icon:hover{ }--><\/div><div id=\"mk-icon-box-69d83c86c1fb5\" class=\"mk-box-icon-2  box-align-center \">    <div class=\"mk-box-icon-2-icon size-32\"><i class=\"mk-moon-compass\"><\/i><\/div>    <h3 class=\"mk-box-icon-2-title\" style=\"font-weight:inherit; font-size:14px; color:; padding:0px 0 0px 0;\"><\/h3>    <div class=\"mk-box-icon-2-content\"><\/div><\/div><div style=\"padding: 20px 0 20px;\" class=\"mk-divider mk-shortcode divider_full_width center padding_space \"><div class=\"divider-inner\" style=\"\"><\/div><\/div><div class=\"clearboth\"><\/div><\/div><\/div><\/div>\n\t<\/div><\/div><div class=\"wpb_row vc_row  vc_row-fluid  mk-fullwidth-false  attched-false vc_row-fluid\">\n\t<div style=\"\" class=\"vc_col-sm-12 wpb_column column_container \">\n\t\t\t<div class=\"mk-image-shortcode mk-shortcode   align-center simple-frame inside-image \" style=\"max-width: 500px; margin-bottom:10px\"><div class=\"mk-image-inner\"><img class=\"lightbox-false\" alt=\"\" title=\"\" src=\"http:\/\/krillan.eu\/wp-content\/uploads\/2015\/10\/Krillan-is-sourced-from-the-cleanist-antarctic-waters-CZ.jpg\" \/><\/div><div class=\"clearboth\"><\/div><\/div><div style=\"padding: 20px 0 20px;\" class=\"mk-divider mk-shortcode divider_full_width center padding_space \"><div class=\"divider-inner\" style=\"\"><\/div><\/div><div class=\"clearboth\"><\/div><div id=\"ajax-69d83c86c60f0\" class=\"mk-dynamic-styles\"><!--  #mk-icon-box-69d83c86c60f0 .mk-box-icon-2-icon { font-size:32px; color:#969b8f; } #mk-icon-box-69d83c86c60f0 .mk-box-icon-2-icon:hover{ }--><\/div><div id=\"mk-icon-box-69d83c86c60f0\" class=\"mk-box-icon-2  box-align-center \">    <div class=\"mk-box-icon-2-icon size-32\"><i class=\"mk-moon-compass\"><\/i><\/div>    <h3 class=\"mk-box-icon-2-title\" style=\"font-weight:inherit; font-size:14px; color:; padding:0px 0 0px 0;\"><\/h3>    <div class=\"mk-box-icon-2-content\"><\/div><\/div><div style=\"padding: 20px 0 20px;\" class=\"mk-divider mk-shortcode divider_full_width center padding_space \"><div class=\"divider-inner\" style=\"\"><\/div><\/div><div class=\"clearboth\"><\/div>\n\t<\/div><\/div>","protected":false},"excerpt":{"rendered":"S\u00e1hn\u011bte po jedine\u010dn\u00e9m dopl\u0148ku stravy a\u017e z Antarktidy Krillan\u00ae obsahuje omega-3 mastn\u00e9 kyseliny z nej\u010dist\u0161\u00edch vod sv\u011bta Dopln\u011bk stravy Krillan\u00ae se vyr\u00e1b\u00ed z krilov\u00e9ho oleje. Poch\u00e1z\u00ed z jedine\u010dn\u00e9ho zdroje - antarktick\u00e9ho krilu. Ten se pohybuje v hejnech a \u017eiv\u00ed se mikroskopickou \u0159asou, bohatou na omega-3 mastn\u00e9 kyseliny a astaxanthin. Siln\u00fd antioxidant astaxanthin p\u0159\u00edpravku Krillan\u00ae prop\u016fj\u010duje [...]","protected":false},"author":3,"featured_media":0,"parent":21,"menu_order":0,"comment_status":"closed","ping_status":"closed","template":"","meta":[],"_links":{"self":[{"href":"http:\/\/krillan.eu\/cs\/wp-json\/wp\/v2\/pages\/54"}],"collection":[{"href":"http:\/\/krillan.eu\/cs\/wp-json\/wp\/v2\/pages"}],"about":[{"href":"http:\/\/krillan.eu\/cs\/wp-json\/wp\/v2\/types\/page"}],"author":[{"embeddable":true,"href":"http:\/\/krillan.eu\/cs\/wp-json\/wp\/v2\/users\/3"}],"replies":[{"embeddable":true,"href":"http:\/\/krillan.eu\/cs\/wp-json\/wp\/v2\/comments?post=54"}],"version-history":[{"count":37,"href":"http:\/\/krillan.eu\/cs\/wp-json\/wp\/v2\/pages\/54\/revisions"}],"predecessor-version":[{"id":2098,"href":"http:\/\/krillan.eu\/cs\/wp-json\/wp\/v2\/pages\/54\/revisions\/2098"}],"up":[{"embeddable":true,"href":"http:\/\/krillan.eu\/cs\/wp-json\/wp\/v2\/pages\/21"}],"wp:attachment":[{"href":"http:\/\/krillan.eu\/cs\/wp-json\/wp\/v2\/media?parent=54"}],"curies":[{"name":"wp","href":"https:\/\/api.w.org\/{rel}","templated":true}]}}