{"id":52,"date":"2015-10-26T11:10:41","date_gmt":"2015-10-26T11:10:41","guid":{"rendered":"http:\/\/krillan.eu.uvirt45.active24.cz\/?page_id=52"},"modified":"2016-04-14T20:01:44","modified_gmt":"2016-04-14T20:01:44","slug":"what-makes-krillan-unique","status":"publish","type":"page","link":"http:\/\/krillan.eu\/cs\/krillan\/what-makes-krillan-unique\/","title":{"rendered":"Jedine\u010dnost krilov\u00e9ho oleje"},"content":{"rendered":"<div class=\"wpb_row vc_row  vc_row-fluid  mk-fullwidth-false  attched-false vc_row-fluid\">\n\t<div style=\"\" class=\"vc_col-sm-6 wpb_column column_container \">\n\t\t\t\t<div style=\"text-align: left;\" class=\"mk-text-block  true\"><p style=\"text-align: center;\"><span style=\"font-size: 14pt; color: #ff0000;\">Unik\u00e1tn\u00ed zdroj omega-3 mastn\u00fdch kyselin<\/span><\/p>\n<p style=\"text-align: center;\">Jedine\u010dnost krilov\u00e9ho oleje, z\u00edskan\u00e9ho z antarktick\u00e9ho krilu, se ukr\u00fdv\u00e1 v omega-3 mastn\u00fdch kyselin\u00e1ch v\u00e1zan\u00fdch na fosfolipidy. Ty jsou dle proveden\u00fdch laboratorn\u00edch v\u00fdzkum\u016f a test\u016f mnohem l\u00e9pe vyu\u017eiteln\u00e9 pro lidsk\u00fd organismus ne\u017e kyseliny z jin\u00fdch potravinov\u00fdch dopl\u0148k\u016f (nap\u0159\u00edklad z tres\u010d\u00edch jater, tule\u0148\u016f \u010di z ryb\u00edho oleje, odkud se omega-3 kyseliny z\u00edsk\u00e1vaj\u00ed ve form\u011b triglycerid\u016f).<\/p>\n<p style=\"text-align: center;\"><span style=\"font-size: 14pt; color: #ff0000;\">\u010cistota a bezpe\u010dnost<\/span><\/p>\n<p style=\"text-align: center;\">Krillan<sup>\u00ae<\/sup> obsahuje pouze \u010dist\u00fd krilov\u00fd olej, kter\u00fd je zdrojem prosp\u011b\u0161n\u00fdch l\u00e1tek pro n\u00e1\u0161 organismus, jeliko\u017e kril \u017eije v p\u0159irozen\u00e9m prost\u0159ed\u00ed, daleko od zne\u010di\u0161t\u011bn\u00ed a kontaminace t\u011b\u017ek\u00fdmi kovy.<\/p>\n<p style=\"text-align: center;\">Bezpe\u010dnost u\u017e\u00edv\u00e1n\u00ed tohoto p\u0159\u00edpravku potvrzuj\u00ed i proveden\u00e9 studie, kter\u00e9 pouk\u00e1zaly na n\u00edzkou toxicitu. Krilov\u00fd olej se tak st\u00e1v\u00e1 nenahraditeln\u00fdm dopl\u0148kem pro na\u0161e t\u011blo.<\/p>\n<p style=\"text-align: center;\"><span style=\"font-size: 14pt; color: #ff0000;\">\u0160pi\u010dkov\u00e1 kvalita<\/span><\/p>\n<p style=\"text-align: center;\">V\u011bdeck\u00e9 studie prok\u00e1zaly, \u017ee omega-3 mastn\u00e9 kyseliny v\u00e1zan\u00e9 na fosfolipidy jsou mnohem m\u00e9n\u011b n\u00e1chyln\u00e9 ke znehodnocen\u00ed oxidac\u00ed v porovn\u00e1n\u00ed s alternativn\u00edmi omega-3 pod\u00e1van\u00fdmi v tradi\u010dn\u00ed form\u011b triglycerid\u016f. Obsa\u017een\u00fd antioxidant astaxanthin vynik\u00e1 nejen sv\u00fdmi pozitivn\u00edmi \u00fa\u010dinky na n\u00e1\u0161 organismus, ale tak\u00e9 poskytuje omega-3 kyselin\u00e1m dal\u0161\u00ed ochranu a prodlu\u017euje \u017eivotnost v\u00fdrobku.<\/p>\n<p style=\"text-align: center;\">Dopln\u011bk stravy Krillan<sup>\u00ae\u00a0<\/sup>je proto z\u00e1rukou nadstandardn\u00ed kvality.<\/p>\n<p style=\"text-align: center;\"><span style=\"font-size: 14pt; color: #ff0000;\">Kontrola p\u016fvodu<\/span><\/p>\n<p style=\"text-align: center;\">P\u0159\u00edpravek Krillan<sup>\u00ae<\/sup>\u00a0podl\u00e9h\u00e1 neust\u00e1l\u00fdm kontrol\u00e1m. Jeho p\u016fvod je tedy 100% dohledateln\u00fd. Certifikovan\u00ed dodavatel\u00e9 kontroluj\u00ed cel\u00fd \u0159et\u011bzec, v\u010detn\u011b v\u00fdlovu, zpracov\u00e1n\u00ed a auditu. Ke zpracov\u00e1n\u00ed mo\u0159sk\u00fdch kor\u00fd\u0161\u016f doch\u00e1z\u00ed okam\u017eit\u011b po v\u00fdlovu. Br\u00e1n\u00ed se tak jejich rozkladu a n\u00e1sledn\u00e9mu znehodnocen\u00ed. Je z\u00e1rove\u0148 ochr\u00e1n\u011bna i v\u00fd\u017eivov\u00e1 hodnota v\u00fdrobku.<\/p>\n<div class=\"clearboth\"><\/div><\/div> \n\t<\/div>\n\t<div style=\"\" class=\"vc_col-sm-6 wpb_column column_container \">\n\t\t\t<div style=\"padding: 10px 0 10px;\" class=\"mk-divider mk-shortcode divider_full_width center padding_space \"><div class=\"divider-inner\" style=\"\"><\/div><\/div><div class=\"clearboth\"><\/div><div class=\"mk-image-shortcode mk-shortcode   align-center simple-frame inside-image \" style=\"max-width: 400px; margin-bottom:10px\"><div class=\"mk-image-inner\"><img class=\"lightbox-false\" alt=\"\" title=\"\" src=\"http:\/\/krillan.eu\/wp-content\/uploads\/2015\/10\/Dollarphotoclub_62081891-\u2013-kopie.jpg\" \/><\/div><div class=\"clearboth\"><\/div><\/div><div style=\"padding: 50px 0 70px;\" class=\"mk-divider mk-shortcode divider_full_width center padding_space \"><div class=\"divider-inner\" style=\"\"><\/div><\/div><div class=\"clearboth\"><\/div><div class=\"mk-image-shortcode mk-shortcode   align-center simple-frame inside-image \" style=\"max-width: 250px; margin-bottom:10px\"><div class=\"mk-image-inner\"><img class=\"lightbox-false\" alt=\"\" title=\"\" src=\"http:\/\/krillan.eu\/wp-content\/uploads\/2015\/10\/Krillan-unique-source-of-EPA-DHA-CZ.jpg\" \/><\/div><div class=\"clearboth\"><\/div><\/div><div style=\"padding: 50px 0 20px;\" class=\"mk-divider mk-shortcode divider_full_width center padding_space \"><div class=\"divider-inner\" style=\"\"><\/div><\/div><div class=\"clearboth\"><\/div>\n\t<\/div><\/div><div class=\"wpb_row vc_row  vc_row-fluid  mk-fullwidth-false  attched-false vc_row-fluid\">\n\t<div style=\"\" class=\"vc_col-sm-12 wpb_column column_container \">\n\t\t\t<span class=\"mk-font-icons mk-shortcode icon-align-center \"><i style=\"color:#dd3333;margin:9px 9px;background-color:#f4f4f4;\" class=\"mk-moon-thumbs-up-2 circle-enabled mk-size-x-large\"><\/i><\/span>\n\t<\/div><\/div>","protected":false},"excerpt":{"rendered":"Unik\u00e1tn\u00ed zdroj omega-3 mastn\u00fdch kyselin Jedine\u010dnost krilov\u00e9ho oleje, z\u00edskan\u00e9ho z antarktick\u00e9ho krilu, se ukr\u00fdv\u00e1 v omega-3 mastn\u00fdch kyselin\u00e1ch v\u00e1zan\u00fdch na fosfolipidy. Ty jsou dle proveden\u00fdch laboratorn\u00edch v\u00fdzkum\u016f a test\u016f mnohem l\u00e9pe vyu\u017eiteln\u00e9 pro lidsk\u00fd organismus ne\u017e kyseliny z jin\u00fdch potravinov\u00fdch dopl\u0148k\u016f (nap\u0159\u00edklad z tres\u010d\u00edch jater, tule\u0148\u016f \u010di z ryb\u00edho oleje, odkud se omega-3 kyseliny z\u00edsk\u00e1vaj\u00ed [...]","protected":false},"author":3,"featured_media":0,"parent":21,"menu_order":0,"comment_status":"closed","ping_status":"closed","template":"","meta":[],"_links":{"self":[{"href":"http:\/\/krillan.eu\/cs\/wp-json\/wp\/v2\/pages\/52"}],"collection":[{"href":"http:\/\/krillan.eu\/cs\/wp-json\/wp\/v2\/pages"}],"about":[{"href":"http:\/\/krillan.eu\/cs\/wp-json\/wp\/v2\/types\/page"}],"author":[{"embeddable":true,"href":"http:\/\/krillan.eu\/cs\/wp-json\/wp\/v2\/users\/3"}],"replies":[{"embeddable":true,"href":"http:\/\/krillan.eu\/cs\/wp-json\/wp\/v2\/comments?post=52"}],"version-history":[{"count":26,"href":"http:\/\/krillan.eu\/cs\/wp-json\/wp\/v2\/pages\/52\/revisions"}],"predecessor-version":[{"id":1341,"href":"http:\/\/krillan.eu\/cs\/wp-json\/wp\/v2\/pages\/52\/revisions\/1341"}],"up":[{"embeddable":true,"href":"http:\/\/krillan.eu\/cs\/wp-json\/wp\/v2\/pages\/21"}],"wp:attachment":[{"href":"http:\/\/krillan.eu\/cs\/wp-json\/wp\/v2\/media?parent=52"}],"curies":[{"name":"wp","href":"https:\/\/api.w.org\/{rel}","templated":true}]}}