{"id":44,"date":"2015-10-26T11:09:21","date_gmt":"2015-10-26T11:09:21","guid":{"rendered":"http:\/\/krillan.eu.uvirt45.active24.cz\/?page_id=44"},"modified":"2016-09-29T21:44:41","modified_gmt":"2016-09-29T21:44:41","slug":"krilan-superb-omega-3","status":"publish","type":"page","link":"http:\/\/krillan.eu\/cs\/krillan\/krilan-superb-omega-3\/","title":{"rendered":"Krillan &#8211; Omega-3 nejvy\u0161\u0161\u00ed kvality"},"content":{"rendered":"<div class=\"wpb_row vc_row  vc_row-fluid  mk-fullwidth-false  attched-false vc_row-fluid\">\n\t<div style=\"\" class=\"vc_col-sm-6 wpb_column column_container \">\n\t\t\t<h2 style=\"font-size: 18px;text-align:left;color: #aa1d1b;font-style:inherit;font-weight:bold;padding-top:0px;padding-bottom:20px; text-transform:initial;letter-spacing:1px;\" id=\"fancy-title-69d819a73d752\" class=\"mk-shortcode mk-fancy-title fancy-title-align-left simple-style \"><span style=\"\">\n<p style=\"text-align: center;\">KRILLAN<sup>\u00ae<\/sup> JE UNIK\u00c1TN\u00cd DOPLN\u011aK STRAVY S OBSAHEM OMEGA-3 MASTN\u00ddCH KYSELIN A ASTAXANTHINEM<\/p>\n<\/span><\/h2><div class=\"clearboth\"><\/div>\t<div style=\"text-align: left;\" class=\"mk-text-block  true\"><p style=\"text-align: center;\">Dopln\u011bk stravy Krillan<sup>\u00ae<\/sup>\u00a0se vyr\u00e1b\u00ed z krilov\u00e9ho oleje nejvy\u0161\u0161\u00ed kvality, z\u00edskan\u00e9ho z mal\u00fdch kor\u00fd\u0161\u016f (krilu), kte\u0159\u00ed na pohled p\u0159ipom\u00ednaj\u00ed krevety. \u017dij\u00ed v nedot\u010den\u00fdch vod\u00e1ch Antarktidy, v nej\u010dist\u0161\u00edm prost\u0159ed\u00ed na sv\u011bt\u011b.<\/p>\n<p style=\"text-align: center;\">To zaru\u010duje, \u017ee Krillan<sup>\u00ae<\/sup> je 100% bezpe\u010dn\u00fd, neobsahuje toxick\u00e9 polychlorovan\u00e9 bifenyly (PCB), rtu\u0165 ani jin\u00e9 zdrav\u00ed \u0161kodliv\u00e9 l\u00e1tky. Jeho u\u017e\u00edv\u00e1n\u00ed m\u016f\u017ee m\u00edt blahod\u00e1rn\u00e9 \u00fa\u010dinky na n\u00e1\u0161 organismus.<\/p>\n<p style=\"text-align: center;\">Jeliko\u017e se kril\u00a0\u017eiv\u00ed mo\u0159sk\u00fdm planktonem, bohat\u00fdm na omega-3 nenasycen\u00e9 mastn\u00e9 kyseliny,\u00a0tak jsou ned\u00edlnou sou\u010d\u00e1st\u00ed i z\u00edskan\u00e9ho krilov\u00e9ho oleje.<\/p>\n<p style=\"text-align: center;\">Pravideln\u00fdm u\u017e\u00edv\u00e1n\u00edm krilov\u00e9ho oleje zajist\u00edme sv\u00e9mu t\u011blu p\u0159\u00edsun omega-3 mastn\u00fdch kyselin. Ty maj\u00ed prokazateln\u00e9 pozitivn\u00ed \u00fa\u010dinky na n\u00e1\u0161 organismus. Krom\u011b p\u0159\u00edrodn\u00edch EPA a DHA kyselin, kter\u00e9 nen\u00ed t\u011blo schopn\u00e9 si samo vyrobit, obsahuje Krillan<sup>\u00ae<\/sup> tak\u00e9 jeden z nejsiln\u011bj\u0161\u00edch antioxidant\u016f &#8211; astaxanthin.<\/p>\n<div class=\"clearboth\"><\/div><\/div> \n\t<\/div>\n\t<div style=\"\" class=\"vc_col-sm-6 wpb_column column_container \">\n\t\t\t<div class=\"mk-image-shortcode mk-shortcode   align-center simple-frame inside-image \" style=\"max-width: 300px; margin-bottom:10px\"><div class=\"mk-image-inner\"><img class=\"lightbox-false\" alt=\"\" title=\"\" src=\"http:\/\/krillan.eu\/wp-content\/uploads\/2015\/10\/Krillan-on-white-e1445969854244.png\" \/><\/div><div class=\"clearboth\"><\/div><\/div><div style=\"padding: 20px 0 30px;\" class=\"mk-divider mk-shortcode divider_full_width center padding_space \"><div class=\"divider-inner\" style=\"\"><\/div><\/div><div class=\"clearboth\"><\/div>\t<div style=\"text-align: left;\" class=\"mk-text-block  true\"><p style=\"text-align: center;\">Je prok\u00e1z\u00e1no, \u017ee na\u0161e t\u011blo dok\u00e1\u017ee prosp\u011b\u0161n\u00e9 l\u00e1tky z krilov\u00e9ho oleje absorbovat mnohem l\u00e9pe ne\u017e z b\u011b\u017en\u011b dostupn\u00e9ho ryb\u00edho oleje.<\/p>\n<div class=\"clearboth\"><\/div><\/div> \n\t<\/div><\/div><div class=\"wpb_row vc_row  vc_row-fluid  mk-fullwidth-false  attched-false vc_row-fluid\">\n\t<div style=\"\" class=\"vc_col-sm-12 wpb_column column_container \">\n\t\t\t<div style=\"padding: 20px 0 30px;\" class=\"mk-divider mk-shortcode divider_one_fourth center thin_solid \"><div class=\"divider-inner\" style=\"border-top-width:1px;\"><\/div><\/div><div class=\"clearboth\"><\/div><div id=\"box-icon-69d819a7421b3\" style=\"margin-bottom:10px;\" class=\"   simple_ultimate-style mk-box-icon\"><div class=\"top-side \"><i style=\"color:;\" class=\"mk-li-atom medium mk-main-ico\"><\/i><div class=\"box-detail-wrapper medium-size\"><h4 style=\"font-size:16px;font-weight:inherit;\"><\/h4><\/div><div class=\"clearboth\"><\/div><\/div><\/div><div id=\"ajax-69d819a7421b3\" class=\"mk-dynamic-styles\"><!-- --><\/div><div style=\"padding: 0px 0 40px;\" class=\"mk-divider mk-shortcode divider_one_fourth center thin_solid \"><div class=\"divider-inner\" style=\"border-top-width:1px;\"><\/div><\/div><div class=\"clearboth\"><\/div>\t<div style=\"text-align: center;\" class=\"mk-text-block  true\"><p style=\"text-align: center;\"><span style=\"color: #000000; font-size: 14pt;\">KRILOV\u00dd OLEJ OBSAHUJE OMEGA-3 FOSFOLIPIDY, CHOLIN A ASTAXANTHIN<\/span><\/p>\n<div class=\"clearboth\"><\/div><\/div> \n\t<\/div>\n\t<div style=\"\" class=\"vc_col-sm-12 wpb_column column_container \">\n\t\t\t\n\t<\/div><\/div><div class=\"wpb_row vc_row  vc_row-fluid  mk-fullwidth-false  attched-false vc_row-fluid\">\n\t<div style=\"\" class=\"vc_col-sm-4 wpb_column column_container \">\n\t\t\t<div id=\"mk-custom-box-69d819a743760\" class=\"mk-custom-boxed mk-blur-parent mk-blur-69d819a743760 mk-shortcode   \" style=\"margin-bottom:10px\">\t<div style=\"text-align: left;\" class=\"mk-text-block  true\"><p style=\"text-align: center;\"><span style=\"color: #aa1d1b; font-size: 14pt;\"><a href=\"http:\/\/krillan.eu\/cs\/advantage\/phospholipids\/\">Omega-3 fosfolipidy<\/a><\/span><\/p>\n<p style=\"text-align: center;\">Omega-3 fosfolipidy z\u00edskan\u00e9 z krilov\u00e9ho oleje chr\u00e1n\u00ed na\u0161e bu\u0148ky p\u0159ed voln\u00fdmi radik\u00e1ly a toxiny. Jsou mnohem \u00fa\u010dinn\u011bj\u0161\u00ed ne\u017e omega-3 z ryb\u00edho oleje.<\/p>\n<div class=\"clearboth\"><\/div><\/div> \n<div class=\"clearboth\"><\/div><\/div><div id=\"ajax-69d819a743760\" class=\"mk-dynamic-styles\"><!--  #mk-custom-box-69d819a743760 { min-height:100px; padding:30px 20px; background-attachment:scroll; background-repeat:repeat; background-color:transparent; background-position:center center; margin-bottom:10px; } #mk-custom-box-69d819a743760 .mk-fancy-title.pattern-style span{ background-color: #fff !important; }--><\/div>\n\t<\/div>\n\t<div style=\"\" class=\"vc_col-sm-4 wpb_column column_container \">\n\t\t\t<div id=\"mk-custom-box-69d819a7445cb\" class=\"mk-custom-boxed mk-blur-parent mk-blur-69d819a7445cb mk-shortcode   \" style=\"margin-bottom:10px\">\t<div style=\"text-align: left;\" class=\"mk-text-block  true\"><p style=\"text-align: center;\"><span style=\"color: #aa1d1b; font-size: 14pt;\"><a href=\"http:\/\/krillan.eu\/cs\/advantage\/choline\/\">Cholin<\/a><\/span><\/p>\n<p style=\"text-align: center;\">Cholin pat\u0159\u00ed mezi vitam\u00edny skupiny B. Zlep\u0161uje pam\u011b\u0165, zabra\u0148uje zvy\u0161ov\u00e1n\u00ed hladiny cholesterolu, chr\u00e1n\u00ed j\u00e1tra a m\u00e1 mnoho dal\u0161\u00edch pozitivn\u00edch \u00fa\u010dink\u016f na n\u00e1\u0161 organismus.<\/p>\n<div class=\"clearboth\"><\/div><\/div> \n<div class=\"clearboth\"><\/div><\/div><div id=\"ajax-69d819a7445cb\" class=\"mk-dynamic-styles\"><!--  #mk-custom-box-69d819a7445cb { min-height:100px; padding:30px 20px; background-attachment:scroll; background-repeat:repeat; background-color:transparent; background-position:center center; margin-bottom:10px; } #mk-custom-box-69d819a7445cb .mk-fancy-title.pattern-style span{ background-color: #fff !important; }--><\/div>\n\t<\/div>\n\t<div style=\"\" class=\"vc_col-sm-4 wpb_column column_container \">\n\t\t\t<div id=\"mk-custom-box-69d819a74542c\" class=\"mk-custom-boxed mk-blur-parent mk-blur-69d819a74542c mk-shortcode   \" style=\"margin-bottom:10px\">\t<div style=\"text-align: left;\" class=\"mk-text-block  true\"><p style=\"text-align: center;\"><span style=\"color: #aa1d1b; font-size: 14pt;\"><a href=\"http:\/\/krillan.eu\/cs\/advantage\/astaxanthin\/\">Astaxanthin<\/a><\/span><\/p>\n<p style=\"text-align: center;\">Astaxanthin je nejsiln\u011bj\u0161\u00edm p\u0159\u00edrodn\u00edm antioxidantem. Vynik\u00e1 rozmanit\u00fdmi pozitivn\u00edmi \u00fa\u010dinky na celkov\u00e9 zdrav\u00ed. Posiluje na\u0161i imunitu.<\/p>\n<div class=\"clearboth\"><\/div><\/div> \n<div class=\"clearboth\"><\/div><\/div><div id=\"ajax-69d819a74542c\" class=\"mk-dynamic-styles\"><!--  #mk-custom-box-69d819a74542c { min-height:100px; padding:30px 20px; background-attachment:scroll; background-repeat:repeat; background-color:transparent; background-position:center center; margin-bottom:10px; } #mk-custom-box-69d819a74542c .mk-fancy-title.pattern-style span{ background-color: #fff !important; }--><\/div>\n\t<\/div><\/div><div class=\"wpb_row vc_row  vc_row-fluid  mk-fullwidth-false  attched-false vc_row-fluid\">\n\t<div style=\"border:1px solid #ffffff;\" class=\"vc_col-sm-12 wpb_column column_container \">\n\t\t\t<div style=\"padding: 0px 0 35px;\" class=\"mk-divider mk-shortcode divider_one_fourth center thick_solid \"><div class=\"divider-inner\" style=\"\"><\/div><\/div><div class=\"clearboth\"><\/div><div id=\"box-icon-69d819a746a3b\" style=\"margin-bottom:10px;\" class=\"   simple_ultimate-style mk-box-icon\"><div class=\"top-side \"><i style=\"color:;\" class=\"mk-li-atom medium mk-main-ico\"><\/i><div class=\"box-detail-wrapper medium-size\"><h4 style=\"font-size:16px;font-weight:inherit;\"><\/h4><\/div><div class=\"clearboth\"><\/div><\/div><\/div><div id=\"ajax-69d819a746a3b\" class=\"mk-dynamic-styles\"><!-- --><\/div><div style=\"padding: 0px 0 40px;\" class=\"mk-divider mk-shortcode divider_one_fourth center thick_solid \"><div class=\"divider-inner\" style=\"\"><\/div><\/div><div class=\"clearboth\"><\/div><h2 style=\"font-size: 25px;text-align:center;color: #3d3d3d;font-style:inherit;font-weight:bold;padding-top:0px;padding-bottom:20px; text-transform:uppercase;letter-spacing:5px;\" id=\"fancy-title-69d819a747008\" class=\"mk-shortcode mk-fancy-title fancy-title-align-center simple-style \"><span style=\"\">KRILLAN<sup>\u00ae<\/sup> SE Z\u00cdSK\u00c1V\u00c1 V NEJ\u010cIST\u0160\u00cdCH VOD\u00c1CH ANTARKTIDY<\/span><\/h2><div class=\"clearboth\"><\/div>\t<div style=\"text-align: center;\" class=\"mk-text-block  true\"><p>Proces v\u00fdroby dopl\u0148ku stravy Krillan<sup>\u00ae<\/sup> podl\u00e9h\u00e1 p\u0159\u00edsn\u00fdm kontrol\u00e1m ji\u017e od v\u00fdlovu mo\u0159sk\u00fdch \u017eivo\u010dich\u016f a\u017e po z\u00edsk\u00e1n\u00ed\u00a0samotn\u00e9ho p\u0159\u00edpravku. Kontroluje se tedy nejen fin\u00e1ln\u00ed produkt, ale i cel\u00fd proces jeho v\u00fdroby. P\u0159\u00edsn\u00e1 kontrola kvality je jeho p\u0159irozenou sou\u010d\u00e1st\u00ed. Samoz\u0159ejmost\u00ed je tak\u00e9 dodr\u017een\u00ed ve\u0161ker\u00fdch legislativn\u00edch p\u0159edpis\u016f.<\/p>\n<div class=\"clearboth\"><\/div><\/div> <div style=\"padding: 20px 0 20px;\" class=\"mk-divider mk-shortcode divider_full_width center padding_space \"><div class=\"divider-inner\" style=\"\"><\/div><\/div><div class=\"clearboth\"><\/div><div class=\"wpb_column vc_column_container vc_col-sm-12\"><div class=\"wpb_wrapper\"><\/div><\/div>\n\t<\/div><\/div><div class=\"wpb_row vc_row  vc_row-fluid  mk-fullwidth-false  attched-false vc_row-fluid\">\n\t<div style=\"\" class=\"vc_col-sm-3 wpb_column column_container \">\n\t\t\t\n\t<\/div>\n\t<div style=\"\" class=\"vc_col-sm-6 wpb_column column_container \">\n\t\t\t\t<div style=\"text-align: center;\" class=\"mk-text-block  true\">\r\n\t<!-- Begin Video.js -->\r\n\t<video id=\"example_video_id_859921540\" class=\"video-js vjs-default-skin\" width=\"500\" height=\"274\" poster=\"http:\/\/krillan.eu\/wp-content\/uploads\/2015\/10\/Krillan-17-b-5.Movie_Sn\u00edmek.jpg\" controls preload=\"none\" data-setup='[]'>\r\n\t\t<source src=\"http:\/\/krillan.eu\/wp-content\/uploads\/2016\/09\/ANO_Krillan_CZE_titulky_high_quality1_converted.mp4\" type='video\/mp4' \/>\r\n\t\t\r\n\t\t\r\n\t<\/video>\r\n\t<!-- End Video.js -->\r\n\n<div class=\"clearboth\"><\/div><\/div> \n\t<\/div>\n\t<div style=\"\" class=\"vc_col-sm-3 wpb_column column_container \">\n\t\t\t\n\t<\/div><\/div><div class=\"wpb_row vc_row  vc_row-fluid  mk-fullwidth-false  attched-false vc_row-fluid\">\n\t<div style=\"\" class=\"vc_col-sm-12 wpb_column column_container \">\n\t\t\t<div style=\"padding: 0px 0 20px; width: 35px \" class=\"mk-divider mk-shortcode custom-width center padding_space \"><div class=\"divider-inner\" style=\"\"><\/div><\/div><div class=\"clearboth\"><\/div><div class=\"mk-tab-slider-nav\" data-id=\"69d819a74a0c4\"><\/div><div id=\"mk-tab-slider-69d819a74a0c4\" data-id=\"69d819a74a0c4\" data-autoplay=\"5000\" class=\"mk-tab-slider \"><div class=\"mk-tab-slider-wrapper\"><\/div><\/div><div\n\tclass=\"vc_icon_element vc_icon_element-outer vc_icon_element-align-center vc_icon_element-have-style\">\n\t<div\n\t\tclass=\"vc_icon_element-inner vc_icon_element-color-black vc_icon_element-have-style-inner vc_icon_element-size-md vc_icon_element-style-rounded vc_icon_element-background vc_icon_element-background-color-grey\"><span\n\t\t\tclass=\"vc_icon_element-icon fa fa-anchor\" ><\/span><\/div>\n<\/div>\n\n\t<\/div><\/div>","protected":false},"excerpt":{"rendered":"KRILLAN\u00ae JE UNIK\u00c1TN\u00cd DOPLN\u011aK STRAVY S OBSAHEM OMEGA-3 MASTN\u00ddCH KYSELIN A ASTAXANTHINEM Dopln\u011bk stravy Krillan\u00ae\u00a0se vyr\u00e1b\u00ed z krilov\u00e9ho oleje nejvy\u0161\u0161\u00ed kvality, z\u00edskan\u00e9ho z mal\u00fdch kor\u00fd\u0161\u016f (krilu), kte\u0159\u00ed na pohled p\u0159ipom\u00ednaj\u00ed krevety. \u017dij\u00ed v nedot\u010den\u00fdch vod\u00e1ch Antarktidy, v nej\u010dist\u0161\u00edm prost\u0159ed\u00ed na sv\u011bt\u011b. To zaru\u010duje, \u017ee Krillan\u00ae je 100% bezpe\u010dn\u00fd, neobsahuje toxick\u00e9 polychlorovan\u00e9 bifenyly (PCB), rtu\u0165 ani [...]","protected":false},"author":3,"featured_media":0,"parent":21,"menu_order":0,"comment_status":"closed","ping_status":"closed","template":"","meta":[],"_links":{"self":[{"href":"http:\/\/krillan.eu\/cs\/wp-json\/wp\/v2\/pages\/44"}],"collection":[{"href":"http:\/\/krillan.eu\/cs\/wp-json\/wp\/v2\/pages"}],"about":[{"href":"http:\/\/krillan.eu\/cs\/wp-json\/wp\/v2\/types\/page"}],"author":[{"embeddable":true,"href":"http:\/\/krillan.eu\/cs\/wp-json\/wp\/v2\/users\/3"}],"replies":[{"embeddable":true,"href":"http:\/\/krillan.eu\/cs\/wp-json\/wp\/v2\/comments?post=44"}],"version-history":[{"count":76,"href":"http:\/\/krillan.eu\/cs\/wp-json\/wp\/v2\/pages\/44\/revisions"}],"predecessor-version":[{"id":2143,"href":"http:\/\/krillan.eu\/cs\/wp-json\/wp\/v2\/pages\/44\/revisions\/2143"}],"up":[{"embeddable":true,"href":"http:\/\/krillan.eu\/cs\/wp-json\/wp\/v2\/pages\/21"}],"wp:attachment":[{"href":"http:\/\/krillan.eu\/cs\/wp-json\/wp\/v2\/media?parent=44"}],"curies":[{"name":"wp","href":"https:\/\/api.w.org\/{rel}","templated":true}]}}