{"id":30,"date":"2015-10-26T11:06:58","date_gmt":"2015-10-26T11:06:58","guid":{"rendered":"http:\/\/krillan.eu.uvirt45.active24.cz\/?page_id=30"},"modified":"2016-04-29T08:31:55","modified_gmt":"2016-04-29T08:31:55","slug":"sustainable-and-pure","status":"publish","type":"page","link":"http:\/\/krillan.eu\/cs\/sustainable-and-pure\/","title":{"rendered":"EKOLOGICKY \u010cIST\u00dd PRODUKT"},"content":{"rendered":"<div class=\"wpb_row vc_row  vc_row-fluid  mk-fullwidth-false  attched-false vc_row-fluid\">\n\t<div style=\"\" class=\"vc_col-sm-12 wpb_column column_container \">\n\t\t\t<div class=\"wpb_row vc_inner vc_row  vc_row-fluid   attched-false vc_row-fluid\"><div class=\"wpb_column vc_column_container vc_col-sm-4\"><div class=\"wpb_wrapper\"><div class=\"mk-circle-image  mk-shortcode  \"><span class=\"item-holder\"><img alt=\"\" title=\"\" src=\"http:\/\/krillan.eu\/wp-content\/uploads\/bfi_thumb\/lo\u010f5-mih77ko0s9aie887zae04rhaubljurm7gbpoe8gu2s.jpg\" \/><\/span><\/div><div class=\"clearboth\"><\/div><div style=\"padding: 30px 0 0px;\" class=\"mk-divider mk-shortcode divider_full_width center padding_space \"><div class=\"divider-inner\" style=\"\"><\/div><\/div><div class=\"clearboth\"><\/div><\/div><\/div><div class=\"wpb_column vc_column_container vc_col-sm-8\"><div class=\"wpb_wrapper\"><h2 style=\"font-size: 16px;text-align:left;color: #333333;font-style:inherit;font-weight:bold;padding-top:0px;padding-bottom:0px; text-transform:uppercase;letter-spacing:2px;\" id=\"fancy-title-69dfd90f019b7\" class=\"mk-shortcode mk-fancy-title fancy-title-align-left simple-style \"><span style=\"\"><a href=\"\/sustainable-and-pure\/eco-harvesting\/\">Ekologick\u00fd v\u00fdlov<\/a><\/span><\/h2><div class=\"clearboth\"><\/div>\t<div style=\"text-align: left;\" class=\"mk-text-block  true\"><p style=\"text-align: left;\">Antarktick\u00fd kril, kter\u00fd je loven ekologickou technologi\u00ed, se dost\u00e1v\u00e1 na palubu \u017eiv\u00fd a zde se ihned zpracov\u00e1v\u00e1 do fin\u00e1ln\u00edho produktu. Ekologick\u00fd v\u00fdlov vyu\u017e\u00edv\u00e1 speci\u00e1ln\u00ed vle\u010dn\u00e9 s\u00edt\u011b a ty se p\u0159\u00edmo napojuj\u00ed hadic\u00ed na plavidlo. Jedn\u00e1 se o unik\u00e1tn\u00ed mechanismus, kter\u00fdm se zamezuje vedlej\u0161\u00edm ne\u017e\u00e1douc\u00edm \u00falovk\u016fm jin\u00fdch vodn\u00edch \u017eivo\u010dich\u016f.<\/p>\n<p style=\"text-align: left;\">Ekologick\u00fd v\u00fdlov m\u00e1 pouze minim\u00e1ln\u00ed \u0161kodliv\u00e9 dopady na \u017eivotn\u00ed prost\u0159ed\u00ed a p\u0159edch\u00e1z\u00ed tak\u00e9 enzymatick\u00e9 sebedestrukci krilu. V z\u00edskan\u00e9m krilov\u00e9m oleji jsou tak zachov\u00e1ny\u00a0v\u0161echny kl\u00ed\u010dov\u00e9 \u017eiviny, pro kter\u00e9 je tak speci\u00e1ln\u00ed.<\/p>\n<p style=\"text-align: left;\">P\u0159i v\u00fdrob\u011b krilov\u00e9ho oleje jsou velk\u00fdm p\u0159\u00ednosem mnohalet\u00e9 zku\u0161enosti dodavatel\u016f, a to nejen v logistice samotn\u00e9, ale tak\u00e9 v extr\u00e9mn\u00edch podm\u00ednk\u00e1ch v\u00fdlovu. V\u00fdroba funguje dle z\u00e1sad udr\u017eiteln\u00e9ho rozvoje a v\u00fdrobce p\u016fsob\u00ed i na glob\u00e1ln\u00edch trz\u00edch.<\/p>\n<div class=\"clearboth\"><\/div><\/div> <div class=\"mk-button-align left\"><a href=\"\/sustainable-and-pure\/eco-harvesting\/\" target=\"_self\"  class=\"mk-button dark button-69dfd90f020ea light-color  flat-dimension small pointed   \"><span>\u010c\u00cdST V\u00cdCE<\/span><\/a><\/div>\n\n<div id=\"ajax-69dfd90f020ea\" class=\"mk-dynamic-styles\"><!--  .button-69dfd90f020ea { margin-bottom: 15px; margin-top: 0px; min-width: 0px !important; } .button-69dfd90f020ea { background-color:#ce0000; } .mk-button.button-69dfd90f020ea.flat-dimension:hover { background-color:#252525 !important; } --><\/div><div style=\"padding: 40px 0 50px;\" class=\"mk-divider mk-shortcode divider_full_width center thick_solid \"><div class=\"divider-inner\" style=\"\"><\/div><\/div><div class=\"clearboth\"><\/div><\/div><\/div><\/div><div class=\"wpb_row vc_inner vc_row  vc_row-fluid   attched-false vc_row-fluid\"><div class=\"wpb_column vc_column_container vc_col-sm-4\"><div class=\"wpb_wrapper\"><div class=\"mk-circle-image  mk-shortcode  \"><span class=\"item-holder\"><img alt=\"\" title=\"\" src=\"http:\/\/krillan.eu\/wp-content\/uploads\/bfi_thumb\/antarctica-picture17a-mit8z4i197sxyjrp4p2ilqekgyjaa39s24jwrt4uh0.jpg\" \/><\/span><\/div><div class=\"clearboth\"><\/div><div style=\"padding: 30px 0 0px;\" class=\"mk-divider mk-shortcode divider_full_width center padding_space \"><div class=\"divider-inner\" style=\"\"><\/div><\/div><div class=\"clearboth\"><\/div><\/div><\/div><div class=\"wpb_column vc_column_container vc_col-sm-8\"><div class=\"wpb_wrapper\"><h2 style=\"font-size: 16px;text-align:left;color: #333333;font-style:inherit;font-weight:bold;padding-top:0px;padding-bottom:0px; text-transform:uppercase;letter-spacing:2px;\" id=\"fancy-title-69dfd90f04169\" class=\"mk-shortcode mk-fancy-title fancy-title-align-left simple-style \"><span style=\"\"><a href=\"http:\/\/krillan.eu\/cs\/sustainable-and-pure\/antarctic-environment\/\">\u017divotn\u00ed prost\u0159ed\u00ed na Antarktid\u011b<\/a><\/span><\/h2><div class=\"clearboth\"><\/div>\t<div style=\"text-align: left;\" class=\"mk-text-block  true\"><p>Antarktidu pokr\u00fdv\u00e1 vrstva ledu, dosahuj\u00edc\u00ed tlou\u0161\u0165ky a\u017e 4 km &#8211; v t\u00e9to v\u00fd\u0161ce se nach\u00e1z\u00ed i nejvy\u0161\u0161\u00ed bod na kontinentu. Na Antarktid\u011b naraz\u00edte na mal\u00e9 skalnat\u00e9 plochy, pokryt\u00e9 mechy a li\u0161ejn\u00edky, jeliko\u017e nic jin\u00e9ho zde neroste. Je a\u017e k nev\u00ed\u0159e, \u017ee p\u0159ed miliony let v t\u00e9to oblasti bujela rozmanit\u00e1 vegetace. Antarktida se dnes pova\u017euje za nejchladn\u011bj\u0161\u00ed, nejvy\u0161\u0161\u00ed, nejv\u011btrn\u011bj\u0161\u00ed a nejsu\u0161\u0161\u00ed kontinent na cel\u00e9m sv\u011bt\u011b.<\/p>\n<p>Antarktidu z 98 % pokr\u00fdv\u00e1 ledov\u00fd p\u0159\u00edkrov. Vrstva ledu je v pr\u016fm\u011bru 1,6 km siln\u00e1. Nach\u00e1z\u00ed se zde a\u017e 90 % ledu z cel\u00e9ho sv\u011bta, kter\u00fd se zasluhuje o to, \u017ee je Antarktida z\u00e1sob\u00e1rnou a\u017e 70 % vody na Zem\u011bkouli. Pokud by rozt\u00e1l ve\u0161ker\u00fd zdej\u0161\u00ed led, hladiny v\u0161ech mo\u0159\u00ed by se zvedly p\u0159ibli\u017en\u011b\u00a0o 60 m. Antarktida je Transantarktick\u00fdm masivem rozd\u011blena na dv\u011b \u010d\u00e1sti.<\/p>\n<div class=\"clearboth\"><\/div><\/div> <div class=\"mk-button-align left\"><a href=\"\/sustainable-and-pure\/antarctic-environment\/\" target=\"_self\"  class=\"mk-button dark button-69dfd90f04862 light-color  flat-dimension small pointed   \"><span>\u010c\u00cdST V\u00cdCE<\/span><\/a><\/div>\n\n<div id=\"ajax-69dfd90f04862\" class=\"mk-dynamic-styles\"><!--  .button-69dfd90f04862 { margin-bottom: 15px; margin-top: 0px; min-width: 0px !important; } .button-69dfd90f04862 { background-color:#ce0000; } .mk-button.button-69dfd90f04862.flat-dimension:hover { background-color:#252525 !important; } --><\/div><div style=\"padding: 40px 0 50px;\" class=\"mk-divider mk-shortcode divider_full_width center thick_solid \"><div class=\"divider-inner\" style=\"\"><\/div><\/div><div class=\"clearboth\"><\/div><\/div><\/div><\/div><div class=\"wpb_row vc_inner vc_row  vc_row-fluid   attched-false vc_row-fluid\"><div class=\"wpb_column vc_column_container vc_col-sm-4\"><div class=\"wpb_wrapper\"><div class=\"mk-circle-image  mk-shortcode  \"><span class=\"item-holder\"><img alt=\"\" title=\"\" src=\"http:\/\/krillan.eu\/wp-content\/uploads\/bfi_thumb\/Laboratory-white2-mi61s7tt08h2j5mor3yrw0go42huzpqdkr1a69mz44.jpg\" \/><\/span><\/div><div class=\"clearboth\"><\/div><div style=\"padding: 30px 0 0px;\" class=\"mk-divider mk-shortcode divider_full_width center padding_space \"><div class=\"divider-inner\" style=\"\"><\/div><\/div><div class=\"clearboth\"><\/div><\/div><\/div><div class=\"wpb_column vc_column_container vc_col-sm-8\"><div class=\"wpb_wrapper\"><h2 style=\"font-size: 16px;text-align:left;color: #333333;font-style:inherit;font-weight:bold;padding-top:0px;padding-bottom:0px; text-transform:uppercase;letter-spacing:2px;\" id=\"fancy-title-69dfd90f06871\" class=\"mk-shortcode mk-fancy-title fancy-title-align-left simple-style \"><span style=\"\"><a href=\"\/sustainable-and-pure\/quality-controll\/\">Kontrola kvality<\/a><\/span><\/h2><div class=\"clearboth\"><\/div>\t<div style=\"text-align: left;\" class=\"mk-text-block  true\"><p>Jedine\u010dnost p\u0159\u00edpravku Krillan<sup>\u00ae<\/sup> spo\u010d\u00edv\u00e1 v jednoduchosti v\u00fdroby kone\u010dn\u00e9ho produktu. Jeliko\u017e je p\u0159irozen\u011b \u010dist\u00fd, nen\u00ed ji\u017e nutn\u00e9 \u017e\u00e1dn\u00e9 dodate\u010dn\u00e9 \u010di\u0161t\u011bn\u00ed. Kril se zpracov\u00e1v\u00e1 p\u0159\u00edmo na palub\u011b lodi hned po v\u00fdlovu. Zabra\u0148uje se tak jeho znehodnocen\u00ed a chr\u00e1n\u00ed se v\u00fd\u017eivov\u00e1 hodnota v\u00fdrobku.<\/p>\n<p>Lze dohledat, kde p\u0159esn\u011b v Antarktick\u00e9m oce\u00e1nu byl kril pro dopln\u011bk stravy Krillan<sup>\u00ae<\/sup> vyloven, a to d\u00edky registraci zem\u011bpisn\u00e9 \u0161\u00ed\u0159ky a d\u00e9lky p\u0159i v\u00fdlovu. Ve\u0161ker\u00e9 dal\u0161\u00ed slo\u017eky p\u0159\u00edpravku m\u016f\u017eete dohledat a\u017e k dodavateli. Podm\u00ednky skladov\u00e1n\u00ed a p\u0159epravy jsou p\u0159\u00edsn\u011b hl\u00edd\u00e1ny. Zaznamen\u00e1v\u00e1 se ka\u017ed\u00fd den v\u00fdroby a registrov\u00e1na je ka\u017ed\u00e1 \u0161ar\u017ee surovin pou\u017eit\u00fdch p\u0159i v\u00fdrob\u011b krilov\u00e9ho oleje pro Krillan<sup>\u00ae<\/sup>.<\/p>\n<div class=\"clearboth\"><\/div><\/div> <div class=\"mk-button-align left\"><a href=\"\/sustainable-and-pure\/quality-controll\/\" target=\"_self\"  class=\"mk-button dark button-69dfd90f06f7b light-color  flat-dimension small pointed   \"><span>\u010c\u00cdST V\u00cdCE<\/span><\/a><\/div>\n\n<div id=\"ajax-69dfd90f06f7b\" class=\"mk-dynamic-styles\"><!--  .button-69dfd90f06f7b { margin-bottom: 15px; margin-top: 0px; min-width: 0px !important; } .button-69dfd90f06f7b { background-color:#ce0000; } .mk-button.button-69dfd90f06f7b.flat-dimension:hover { background-color:#252525 !important; } --><\/div><div style=\"padding: 40px 0 50px;\" class=\"mk-divider mk-shortcode divider_full_width center thick_solid \"><div class=\"divider-inner\" style=\"\"><\/div><\/div><div class=\"clearboth\"><\/div><\/div><\/div><\/div><div class=\"wpb_row vc_inner vc_row  vc_row-fluid   attched-false vc_row-fluid\"><div class=\"wpb_column vc_column_container vc_col-sm-4\"><div class=\"wpb_wrapper\"><div class=\"mk-circle-image  mk-shortcode  \"><span class=\"item-holder\"><img alt=\"\" title=\"\" src=\"http:\/\/krillan.eu\/wp-content\/uploads\/bfi_thumb\/logo-MSC-2-e1449094602397-miydkb8bh2kavh9iwm51mcdex396kv7bcqxjti8zlw.jpg\" \/><\/span><\/div><div class=\"clearboth\"><\/div><div style=\"padding: 30px 0 0px;\" class=\"mk-divider mk-shortcode divider_full_width center padding_space \"><div class=\"divider-inner\" style=\"\"><\/div><\/div><div class=\"clearboth\"><\/div><\/div><\/div><div class=\"wpb_column vc_column_container vc_col-sm-8\"><div class=\"wpb_wrapper\"><h2 style=\"font-size: 16px;text-align:left;color: #333333;font-style:inherit;font-weight:bold;padding-top:0px;padding-bottom:0px; text-transform:uppercase;letter-spacing:2px;\" id=\"fancy-title-69dfd90f08f93\" class=\"mk-shortcode mk-fancy-title fancy-title-align-left simple-style \"><span style=\"\"><a href=\"\/sustainable-and-pure\/certificates-msc\/\">Certifik\u00e1ty &#8211; MSC<\/a><\/span><\/h2><div class=\"clearboth\"><\/div>\t<div style=\"text-align: left;\" class=\"mk-text-block  true\"><p style=\"text-align: left;\" align=\"LEFT\">MSC je nez\u00e1visl\u00e1 neziskov\u00e1 organizace ur\u010duj\u00edc\u00ed standardy pro udr\u017eiteln\u00fd rybolov. Krilov\u00fd olej vyu\u017e\u00edvan\u00fd p\u0159i v\u00fdrob\u011b dopl\u0148ku stravy Krillan<sup>\u00ae<\/sup> je jedin\u00fd certifikovan\u00fd organizac\u00ed MSC jako udr\u017eiteln\u00fd a stoprocentn\u011b dohledateln\u00fd.<\/p>\n<p style=\"text-align: left;\">Organizace MSC klade velk\u00e9 n\u00e1roky na postupy a ekologii. Podle studie srovn\u00e1vaj\u00edc\u00ed ekozna\u010dky, kterou provedla spole\u010dnost Accenture, byla zna\u010dka Marine Stewardship Council hodnocena nejl\u00e9pe ze v\u0161ech.<\/p>\n<p style=\"text-align: left;\">Certifikace MSC se zakl\u00e1d\u00e1\u00a0na celkov\u00e9m zdrav\u00ed c\u00edlov\u00e9 biomasy a na dopadu rybolovu v dan\u00e9 lokalit\u011b. Jej\u00edm hlavn\u00edm c\u00edlem je p\u0159em\u011bnit sou\u010dasn\u00fd rybolov na udr\u017eiteln\u00fd.<\/p>\n<div class=\"clearboth\"><\/div><\/div> <div class=\"mk-button-align left\"><a href=\"\/sustainable-and-pure\/certificates-msc\/\" target=\"_self\"  class=\"mk-button dark button-69dfd90f096a7 light-color  flat-dimension small pointed   \"><span>\u010c\u00cdST V\u00cdCE<\/span><\/a><\/div>\n\n<div id=\"ajax-69dfd90f096a7\" class=\"mk-dynamic-styles\"><!--  .button-69dfd90f096a7 { margin-bottom: 15px; margin-top: 0px; min-width: 0px !important; } .button-69dfd90f096a7 { background-color:#ce0000; } .mk-button.button-69dfd90f096a7.flat-dimension:hover { background-color:#252525 !important; } --><\/div><div style=\"padding: 30px 0 0px;\" class=\"mk-divider mk-shortcode divider_full_width center padding_space \"><div class=\"divider-inner\" style=\"\"><\/div><\/div><div class=\"clearboth\"><\/div><\/div><\/div><\/div>\n\t<\/div><\/div>","protected":false},"excerpt":{"rendered":"Ekologick\u00fd v\u00fdlov Antarktick\u00fd kril, kter\u00fd je loven ekologickou technologi\u00ed, se dost\u00e1v\u00e1 na palubu \u017eiv\u00fd a zde se ihned zpracov\u00e1v\u00e1 do fin\u00e1ln\u00edho produktu. Ekologick\u00fd v\u00fdlov vyu\u017e\u00edv\u00e1 speci\u00e1ln\u00ed vle\u010dn\u00e9 s\u00edt\u011b a ty se p\u0159\u00edmo napojuj\u00ed hadic\u00ed na plavidlo. Jedn\u00e1 se o unik\u00e1tn\u00ed mechanismus, kter\u00fdm se zamezuje vedlej\u0161\u00edm ne\u017e\u00e1douc\u00edm \u00falovk\u016fm jin\u00fdch vodn\u00edch \u017eivo\u010dich\u016f. Ekologick\u00fd v\u00fdlov m\u00e1 pouze minim\u00e1ln\u00ed [...]","protected":false},"author":3,"featured_media":0,"parent":0,"menu_order":0,"comment_status":"closed","ping_status":"closed","template":"","meta":[],"_links":{"self":[{"href":"http:\/\/krillan.eu\/cs\/wp-json\/wp\/v2\/pages\/30"}],"collection":[{"href":"http:\/\/krillan.eu\/cs\/wp-json\/wp\/v2\/pages"}],"about":[{"href":"http:\/\/krillan.eu\/cs\/wp-json\/wp\/v2\/types\/page"}],"author":[{"embeddable":true,"href":"http:\/\/krillan.eu\/cs\/wp-json\/wp\/v2\/users\/3"}],"replies":[{"embeddable":true,"href":"http:\/\/krillan.eu\/cs\/wp-json\/wp\/v2\/comments?post=30"}],"version-history":[{"count":16,"href":"http:\/\/krillan.eu\/cs\/wp-json\/wp\/v2\/pages\/30\/revisions"}],"predecessor-version":[{"id":2056,"href":"http:\/\/krillan.eu\/cs\/wp-json\/wp\/v2\/pages\/30\/revisions\/2056"}],"wp:attachment":[{"href":"http:\/\/krillan.eu\/cs\/wp-json\/wp\/v2\/media?parent=30"}],"curies":[{"name":"wp","href":"https:\/\/api.w.org\/{rel}","templated":true}]}}