{"id":28,"date":"2015-10-26T11:06:44","date_gmt":"2015-10-26T11:06:44","guid":{"rendered":"http:\/\/krillan.eu.uvirt45.active24.cz\/?page_id=28"},"modified":"2019-01-25T16:29:02","modified_gmt":"2019-01-25T16:29:02","slug":"advantage","status":"publish","type":"page","link":"http:\/\/krillan.eu\/cs\/advantage\/","title":{"rendered":"V\u00fdhody"},"content":{"rendered":"<div class=\"wpb_row vc_row  vc_row-fluid  mk-fullwidth-false  attched-false vc_row-fluid\">\n\t<div style=\"\" class=\"vc_col-sm-12 wpb_column column_container \">\n\t\t\t<div style=\"padding: 20px 0 20px;\" class=\"mk-divider mk-shortcode divider_full_width center padding_space \"><div class=\"divider-inner\" style=\"\"><\/div><\/div><div class=\"clearboth\"><\/div><div class=\"wpb_row vc_inner vc_row  vc_row-fluid   attched-false vc_row-fluid\"><div class=\"wpb_column vc_column_container vc_col-sm-4\"><div class=\"wpb_wrapper\"><div class=\"mk-circle-image  mk-shortcode  \"><span class=\"item-holder\"><img alt=\"\" title=\"\" src=\"http:\/\/krillan.eu\/wp-content\/uploads\/bfi_thumb\/phospholipids3-mifcwna9rtrnxzdfyixve3gl7ogjctoim4re4nl6pw.jpg\" \/><\/span><\/div><div class=\"clearboth\"><\/div><div style=\"padding: 30px 0 0px;\" class=\"mk-divider mk-shortcode divider_full_width center padding_space \"><div class=\"divider-inner\" style=\"\"><\/div><\/div><div class=\"clearboth\"><\/div><\/div><\/div><div class=\"wpb_column vc_column_container vc_col-sm-8\"><div class=\"wpb_wrapper\"><h2 style=\"font-size: 16px;text-align:left;color: #333333;font-style:inherit;font-weight:bold;padding-top:0px;padding-bottom:0px; text-transform:uppercase;letter-spacing:2px;\" id=\"fancy-title-69dfdadae44a7\" class=\"mk-shortcode mk-fancy-title fancy-title-align-left simple-style \"><span style=\"\"><a href=\"http:\/\/krillan.eu\/cs\/advantage\/phospholipids\/\">Fosfolipidy<\/a><\/span><\/h2><div class=\"clearboth\"><\/div>\t<div style=\"text-align: left;\" class=\"mk-text-block  true\"><p style=\"text-align: left;\">Fosfolipidy jsou speci\u00e1ln\u00ed molekuly tuk\u016f obsa\u017een\u00e9 v krilov\u00e9m oleji.<\/p>\n<p style=\"text-align: left;\">Na fosfolipidy se v\u00e1\u017eou omega-3 mastn\u00e9 kyseliny EPA a DHA. Jak\u00fd maj\u00ed omega-3 fosfolipidy p\u0159\u00ednos pro n\u00e1\u0161 organismus? V lidsk\u00e9m t\u011ble jsou absorbov\u00e1ny a vyu\u017e\u00edv\u00e1ny mnohem l\u00e9pe ne\u017e triglyceridy.<\/p>\n<p style=\"text-align: left;\">O fosfolipidech m\u016f\u017eete uva\u017eovat jako o z\u00e1kladn\u00edch stavebn\u00edch jednotk\u00e1ch bun\u011b\u010dn\u00fdch membr\u00e1n. P\u0159edstavuj\u00ed nejlep\u0161\u00ed dostupn\u00fd zdroj omega-3 mastn\u00fdch kyselin. Ty se z krilu se do bun\u011b\u010dn\u00fdch membr\u00e1n p\u0159en\u00e1\u0161ej\u00ed mnohem l\u00e9pe a rychleji se vst\u0159eb\u00e1vaj\u00ed, pr\u00e1v\u011b d\u00edky sv\u00e9 vazb\u011b na fosfolipidy.<\/p>\n<div class=\"clearboth\"><\/div><\/div> <div class=\"mk-button-align left\"><a href=\"http:\/\/krillan.eu\/cs\/advantage\/phospholipids\/\" target=\"_self\"  class=\"mk-button dark button-69dfdadae4b8b light-color  flat-dimension small pointed   \"><span>\u010c\u00cdST V\u00cdCE<\/span><\/a><\/div>\n\n<div id=\"ajax-69dfdadae4b8b\" class=\"mk-dynamic-styles\"><!--  .button-69dfdadae4b8b { margin-bottom: 15px; margin-top: 0px; min-width: 0px !important; } .button-69dfdadae4b8b { background-color:#ce0000; } .mk-button.button-69dfdadae4b8b.flat-dimension:hover { background-color:#252525 !important; } --><\/div><div style=\"padding: 40px 0 50px;\" class=\"mk-divider mk-shortcode divider_full_width center thick_solid \"><div class=\"divider-inner\" style=\"\"><\/div><\/div><div class=\"clearboth\"><\/div><\/div><\/div><\/div><div class=\"wpb_row vc_inner vc_row  vc_row-fluid   attched-false vc_row-fluid\"><div class=\"wpb_column vc_column_container vc_col-sm-4\"><div class=\"wpb_wrapper\"><div class=\"mk-circle-image  mk-shortcode  \"><span class=\"item-holder\"><img alt=\"\" title=\"\" src=\"http:\/\/krillan.eu\/wp-content\/uploads\/bfi_thumb\/choline-a1-mifcl4rg1w07py3k71reci2b8r7o2ayw1529hmnsxw.jpg\" \/><\/span><\/div><div class=\"clearboth\"><\/div><div style=\"padding: 30px 0 0px;\" class=\"mk-divider mk-shortcode divider_full_width center padding_space \"><div class=\"divider-inner\" style=\"\"><\/div><\/div><div class=\"clearboth\"><\/div><\/div><\/div><div class=\"wpb_column vc_column_container vc_col-sm-8\"><div class=\"wpb_wrapper\"><h2 style=\"font-size: 16px;text-align:left;color: #333333;font-style:inherit;font-weight:bold;padding-top:0px;padding-bottom:0px; text-transform:uppercase;letter-spacing:2px;\" id=\"fancy-title-69dfdadae6be1\" class=\"mk-shortcode mk-fancy-title fancy-title-align-left simple-style \"><span style=\"\"><a href=\"\/advantage\/choline\/\">Cholin<\/a><\/span><\/h2><div class=\"clearboth\"><\/div>\t<div style=\"text-align: left;\" class=\"mk-text-block  true\"><p style=\"text-align: left;\">Cholin pat\u0159\u00ed do skupiny vitam\u00edn\u016f B. Nach\u00e1z\u00ed se pr\u00e1v\u011b v krilov\u00e9m oleji a v dopl\u0148ku stravy Krillan<sup>\u00ae<\/sup>. P\u0159edstavuje z\u00e1kladn\u00ed stavebn\u00ed k\u00e1men pro j\u00e1tra, srdce a pod\u00edl\u00ed se na zdrav\u00ed v\u0161ech na\u0161ich smysl\u016f. T\u011blo ho vyu\u017e\u00edv\u00e1 ve stavb\u011b bun\u011b\u010dn\u00fdch membr\u00e1n. Chr\u00e1n\u00ed j\u00e1tra p\u0159ed hromad\u011bn\u00edm tuk\u016f a je nepostradateln\u00fdm pomocn\u00edkem pro p\u0159enos nervov\u00fdch impulz\u016f do na\u0161eho mozku.<\/p>\n<p style=\"text-align: left;\">Cholin je d\u016fle\u017eit\u00fd pro ka\u017ed\u00e9ho, p\u0159edev\u0161\u00edm pak pro vegetari\u00e1ny, vegany a pro konzumenty nadm\u011brn\u00e9ho mno\u017estv\u00ed alkoholu. Zejm\u00e9na tyto skupiny lid\u00ed jsou ohro\u017eeny nedostatkem cholinu. Jeho deficit zvy\u0161uje riziko jatern\u00ed dysfunkce a ohro\u017euje spr\u00e1vn\u00e9 fungov\u00e1n\u00ed pam\u011bti.<\/p>\n<div class=\"clearboth\"><\/div><\/div> <div class=\"mk-button-align left\"><a href=\"\/advantage\/choline\/\" target=\"_self\"  class=\"mk-button dark button-69dfdadae72dd light-color  flat-dimension small pointed   \"><span>\u010c\u00cdST V\u00cdCE<\/span><\/a><\/div>\n\n<div id=\"ajax-69dfdadae72dd\" class=\"mk-dynamic-styles\"><!--  .button-69dfdadae72dd { margin-bottom: 15px; margin-top: 0px; min-width: 0px !important; } .button-69dfdadae72dd { background-color:#ce0000; } .mk-button.button-69dfdadae72dd.flat-dimension:hover { background-color:#252525 !important; } --><\/div><div style=\"padding: 40px 0 50px;\" class=\"mk-divider mk-shortcode divider_full_width center thick_solid \"><div class=\"divider-inner\" style=\"\"><\/div><\/div><div class=\"clearboth\"><\/div><\/div><\/div><\/div><div class=\"wpb_row vc_inner vc_row  vc_row-fluid   attched-false vc_row-fluid\"><div class=\"wpb_column vc_column_container vc_col-sm-4\"><div class=\"wpb_wrapper\"><div class=\"mk-circle-image  mk-shortcode  \"><span class=\"item-holder\"><img alt=\"\" title=\"\" src=\"http:\/\/krillan.eu\/wp-content\/uploads\/bfi_thumb\/superba_oil_drop-4-mkb83voxvvuorlhm65r0hedijyb3yev0c4a8blhj5w.jpg\" \/><\/span><\/div><div class=\"clearboth\"><\/div><div style=\"padding: 30px 0 0px;\" class=\"mk-divider mk-shortcode divider_full_width center padding_space \"><div class=\"divider-inner\" style=\"\"><\/div><\/div><div class=\"clearboth\"><\/div><\/div><\/div><div class=\"wpb_column vc_column_container vc_col-sm-8\"><div class=\"wpb_wrapper\"><h2 style=\"font-size: 16px;text-align:left;color: #333333;font-style:inherit;font-weight:bold;padding-top:0px;padding-bottom:0px; text-transform:uppercase;letter-spacing:2px;\" id=\"fancy-title-69dfdadae931f\" class=\"mk-shortcode mk-fancy-title fancy-title-align-left simple-style \"><span style=\"\"><a href=\"http:\/\/krillan.eu\/cs\/advantage\/astaxanthin\/\">Astaxanthin<\/a><\/span><\/h2><div class=\"clearboth\"><\/div>\t<div style=\"text-align: left;\" class=\"mk-text-block  true\"><p style=\"text-align: left;\">Astaxanthin, kter\u00fd pat\u0159\u00ed mezi karotenoidy, prop\u016fj\u010duje krilov\u00e9mu oleji typickou tmav\u011b \u010dervenou barvu. Jedn\u00e1 se o velmi siln\u00fd p\u0159\u00edrodn\u00ed antioxidant s protiz\u00e1n\u011btliv\u00fdmi \u00fa\u010dinky. Jak\u00e9 jsou jeho p\u0159\u00ednosy pro n\u00e1\u0161 organismus?<\/p>\n<p style=\"text-align: left;\">Dok\u00e1\u017ee neutralizovat voln\u00e9 radik\u00e1ly, je\u017e po\u0161kozuj\u00ed bu\u0148ky a zvy\u0161uj\u00ed riziko onemocn\u011bn\u00ed souvisej\u00edc\u00edch s v\u011bkem. D\u00e1le p\u016fsob\u00ed jako prevence p\u0159ed vznikem rakoviny a p\u0159ed srde\u010dn\u00edmi chorobami. Astaxanthin m\u00e1 tak\u00e9 blahod\u00e1rn\u00e9 \u00fa\u010dinky na zdrav\u00ed srdce, jeliko\u017e zvy\u0161uje hladinu prosp\u011b\u0161n\u00e9ho HDL cholesterolu a sni\u017euje hladinu triglycerid\u016f. Rovn\u011b\u017e chr\u00e1n\u00ed lipidy p\u0159ed znehodnocen\u00edm oxidac\u00ed.<\/p>\n<div class=\"clearboth\"><\/div><\/div> <div class=\"mk-button-align left\"><a href=\"http:\/\/krillan.eu\/cs\/advantage\/astaxanthin\/\" target=\"_self\"  class=\"mk-button dark button-69dfdadae99f3 light-color  flat-dimension small pointed   \"><span>\u010c\u00cdST V\u00cdCE<\/span><\/a><\/div>\n\n<div id=\"ajax-69dfdadae99f3\" class=\"mk-dynamic-styles\"><!--  .button-69dfdadae99f3 { margin-bottom: 15px; margin-top: 0px; min-width: 0px !important; } .button-69dfdadae99f3 { background-color:#ce0000; } .mk-button.button-69dfdadae99f3.flat-dimension:hover { background-color:#252525 !important; } --><\/div><div style=\"padding: 40px 0 50px;\" class=\"mk-divider mk-shortcode divider_full_width center thick_solid \"><div class=\"divider-inner\" style=\"\"><\/div><\/div><div class=\"clearboth\"><\/div><\/div><\/div><\/div><div class=\"wpb_row vc_inner vc_row  vc_row-fluid   attched-false vc_row-fluid\"><div class=\"wpb_column vc_column_container vc_col-sm-4\"><div class=\"wpb_wrapper\"><div class=\"mk-circle-image  mk-shortcode  \"><span class=\"item-holder\"><img alt=\"\" title=\"\" src=\"http:\/\/krillan.eu\/wp-content\/uploads\/bfi_thumb\/Omega-3-index-graf-3-4-17-big-2-e1448152555469-mifebfid0lad7jluez78ls44m45g84afxhmsjuagjo.jpg\" \/><\/span><\/div><div class=\"clearboth\"><\/div><div style=\"padding: 30px 0 0px;\" class=\"mk-divider mk-shortcode divider_full_width center padding_space \"><div class=\"divider-inner\" style=\"\"><\/div><\/div><div class=\"clearboth\"><\/div><\/div><\/div><div class=\"wpb_column vc_column_container vc_col-sm-8\"><div class=\"wpb_wrapper\"><h2 style=\"font-size: 16px;text-align:left;color: #333333;font-style:inherit;font-weight:bold;padding-top:0px;padding-bottom:0px; text-transform:uppercase;letter-spacing:2px;\" id=\"fancy-title-69dfdadaeba5c\" class=\"mk-shortcode mk-fancy-title fancy-title-align-left simple-style \"><span style=\"\"><a href=\"\/advantage\/omega-3-index\/\">Omega-3 index<\/a><\/span><\/h2><div class=\"clearboth\"><\/div>\t<div style=\"text-align: left;\" class=\"mk-text-block  true\"><p style=\"text-align: left;\" align=\"LEFT\">Omega-3 index vypov\u00edd\u00e1 o na\u0161em celkov\u00e9m zdrav\u00ed. Jedn\u00e1 se o spolehliv\u00fd diagnostick\u00fd n\u00e1stroj, kter\u00fd ukazuje procentu\u00e1ln\u00ed koncentraci mastn\u00fdch kyselin EPA a DHA v krvi. Omega-3 index poskytuje informace o dlouhodob\u00e9m p\u0159\u00edjmu t\u011bchto dvou mastn\u00fdch kyselin a odr\u00e1\u017e\u00ed v sob\u011b jejich vst\u0159eb\u00e1v\u00e1n\u00ed do bun\u011b\u010dn\u00fdch membr\u00e1n.<\/p>\n<p style=\"text-align: left;\" align=\"LEFT\">Plat\u00ed, \u017ee \u010d\u00edm v\u00edce omega-3 mastn\u00fdch kyselin t\u011blo vst\u0159eb\u00e1, t\u00edm lep\u0161\u00ed jsou dopady\u00a0na celkov\u00e9 zdrav\u00ed organismu. Zlep\u0161en\u00ed pom\u011bru mastn\u00fdch kyselin EPA a DHA vzhledem k jin\u00fdm mastn\u00fdm kyselin\u00e1m v bun\u011b\u010dn\u00e9 membr\u00e1n\u011b vypov\u00edd\u00e1 o zdravotn\u00edm stavu ka\u017ed\u00e9ho jednotlivce.<\/p>\n<div class=\"clearboth\"><\/div><\/div> <div class=\"mk-button-align left\"><a href=\"\/advantage\/omega-3-index\/\" target=\"_self\"  class=\"mk-button dark button-69dfdadaec131 light-color  flat-dimension small pointed   \"><span>\u010c\u00cdST V\u00cdCE<\/span><\/a><\/div>\n\n<div id=\"ajax-69dfdadaec131\" class=\"mk-dynamic-styles\"><!--  .button-69dfdadaec131 { margin-bottom: 15px; margin-top: 0px; min-width: 0px !important; } .button-69dfdadaec131 { background-color:#ce0000; } .mk-button.button-69dfdadaec131.flat-dimension:hover { background-color:#252525 !important; } --><\/div><div style=\"padding: 30px 0 0px;\" class=\"mk-divider mk-shortcode divider_full_width center padding_space \"><div class=\"divider-inner\" style=\"\"><\/div><\/div><div class=\"clearboth\"><\/div><\/div><\/div><\/div>\n\t<\/div><\/div>","protected":false},"excerpt":{"rendered":"Fosfolipidy Fosfolipidy jsou speci\u00e1ln\u00ed molekuly tuk\u016f obsa\u017een\u00e9 v krilov\u00e9m oleji. Na fosfolipidy se v\u00e1\u017eou omega-3 mastn\u00e9 kyseliny EPA a DHA. Jak\u00fd maj\u00ed omega-3 fosfolipidy p\u0159\u00ednos pro n\u00e1\u0161 organismus? V lidsk\u00e9m t\u011ble jsou absorbov\u00e1ny a vyu\u017e\u00edv\u00e1ny mnohem l\u00e9pe ne\u017e triglyceridy. O fosfolipidech m\u016f\u017eete uva\u017eovat jako o z\u00e1kladn\u00edch stavebn\u00edch jednotk\u00e1ch bun\u011b\u010dn\u00fdch membr\u00e1n. P\u0159edstavuj\u00ed nejlep\u0161\u00ed dostupn\u00fd zdroj omega-3 [...]","protected":false},"author":3,"featured_media":0,"parent":0,"menu_order":0,"comment_status":"closed","ping_status":"closed","template":"","meta":[],"_links":{"self":[{"href":"http:\/\/krillan.eu\/cs\/wp-json\/wp\/v2\/pages\/28"}],"collection":[{"href":"http:\/\/krillan.eu\/cs\/wp-json\/wp\/v2\/pages"}],"about":[{"href":"http:\/\/krillan.eu\/cs\/wp-json\/wp\/v2\/types\/page"}],"author":[{"embeddable":true,"href":"http:\/\/krillan.eu\/cs\/wp-json\/wp\/v2\/users\/3"}],"replies":[{"embeddable":true,"href":"http:\/\/krillan.eu\/cs\/wp-json\/wp\/v2\/comments?post=28"}],"version-history":[{"count":20,"href":"http:\/\/krillan.eu\/cs\/wp-json\/wp\/v2\/pages\/28\/revisions"}],"predecessor-version":[{"id":2209,"href":"http:\/\/krillan.eu\/cs\/wp-json\/wp\/v2\/pages\/28\/revisions\/2209"}],"wp:attachment":[{"href":"http:\/\/krillan.eu\/cs\/wp-json\/wp\/v2\/media?parent=28"}],"curies":[{"name":"wp","href":"https:\/\/api.w.org\/{rel}","templated":true}]}}